{"id":1358,"date":"2023-01-31T12:21:00","date_gmt":"2023-01-31T10:21:00","guid":{"rendered":"https:\/\/lponet.fi\/yrityksille\/?page_id=1358"},"modified":"2025-09-03T07:49:49","modified_gmt":"2025-09-03T04:49:49","slug":"jasenedut","status":"publish","type":"page","link":"https:\/\/lponet.fi\/yrityksille\/jasenedut\/","title":{"rendered":"J\u00e4senedut"},"content":{"rendered":"\t\t<div data-elementor-type=\"wp-page\" data-elementor-id=\"1358\" class=\"elementor elementor-1358\" data-elementor-post-type=\"page\">\n\t\t\t\t<div class=\"elementor-element elementor-element-d737871 e-flex e-con-boxed e-con e-parent\" data-id=\"d737871\" data-element_type=\"container\" data-e-type=\"container\" data-settings=\"{&quot;background_background&quot;:&quot;classic&quot;,&quot;shape_divider_bottom&quot;:&quot;curve&quot;,&quot;shape_divider_bottom_negative&quot;:&quot;yes&quot;}\">\n\t\t\t\t\t<div class=\"e-con-inner\">\n\t\t\t\t<div class=\"elementor-shape elementor-shape-bottom\" aria-hidden=\"true\" data-negative=\"true\">\n\t\t\t<svg xmlns=\"http:\/\/www.w3.org\/2000\/svg\" viewBox=\"0 0 1000 100\" preserveAspectRatio=\"none\">\n\t<path class=\"elementor-shape-fill\" d=\"M500,97C126.7,96.3,0.8,19.8,0,0v100l1000,0V1C1000,19.4,873.3,97.8,500,97z\"\/>\n<\/svg>\t\t<\/div>\n\t\t\t\t<div class=\"elementor-element elementor-element-19bfb70 elementor-widget elementor-widget-heading\" data-id=\"19bfb70\" data-element_type=\"widget\" data-e-type=\"widget\" data-widget_type=\"heading.default\">\n\t\t\t\t<div class=\"elementor-widget-container\">\n\t\t\t\t\t<h2 class=\"elementor-heading-title elementor-size-small\">ICT-palvelut yrityksille<\/h2>\t\t\t\t<\/div>\n\t\t\t\t<\/div>\n\t\t\t\t<div class=\"elementor-element elementor-element-95ef34b elementor-widget elementor-widget-heading\" data-id=\"95ef34b\" data-element_type=\"widget\" data-e-type=\"widget\" data-widget_type=\"heading.default\">\n\t\t\t\t<div class=\"elementor-widget-container\">\n\t\t\t\t\t<h2 class=\"elementor-heading-title elementor-size-xxl\">Yritysasiakkaat \u2013 asiakasomistajille selkeit\u00e4 lis\u00e4etuja<\/h2>\t\t\t\t<\/div>\n\t\t\t\t<\/div>\n\t\t\t\t\t<\/div>\n\t\t\t\t<\/div>\n\t\t<div class=\"elementor-element elementor-element-19da66a e-flex e-con-boxed e-con e-parent\" data-id=\"19da66a\" data-element_type=\"container\" data-e-type=\"container\">\n\t\t\t\t\t<div class=\"e-con-inner\">\n\t\t\t\t<div class=\"elementor-element elementor-element-d1b80e6 elementor-widget elementor-widget-text-editor\" data-id=\"d1b80e6\" data-element_type=\"widget\" data-e-type=\"widget\" data-widget_type=\"text-editor.default\">\n\t\t\t\t<div class=\"elementor-widget-container\">\n\t\t\t\t\t\t\t\t\t<p>LPOnet Osk Anl on asiakasomisteinen osuuskunta, joka tarjoaa etuja my\u00f6s yritysasiakkaille, jotka ovat j\u00e4seni\u00e4.<\/p>\t\t\t\t\t\t\t\t<\/div>\n\t\t\t\t<\/div>\n\t\t\t\t\t<\/div>\n\t\t\t\t<\/div>\n\t\t<div class=\"elementor-element elementor-element-fc1fd35 e-flex e-con-boxed e-con e-parent\" data-id=\"fc1fd35\" data-element_type=\"container\" data-e-type=\"container\">\n\t\t\t\t\t<div class=\"e-con-inner\">\n\t\t<div class=\"elementor-element elementor-element-6904236 e-con-full e-flex e-con e-child\" data-id=\"6904236\" data-element_type=\"container\" data-e-type=\"container\">\n\t\t\t\t<div class=\"elementor-element elementor-element-b108d04 elementor-widget elementor-widget-heading\" data-id=\"b108d04\" data-element_type=\"widget\" data-e-type=\"widget\" data-widget_type=\"heading.default\">\n\t\t\t\t<div class=\"elementor-widget-container\">\n\t\t\t\t\t<h2 class=\"elementor-heading-title elementor-size-default\">Asiakasomistajan etuja<\/h2>\t\t\t\t<\/div>\n\t\t\t\t<\/div>\n\t\t\t\t<div class=\"elementor-element elementor-element-185f89f elementor-icon-list--layout-traditional elementor-list-item-link-full_width elementor-widget elementor-widget-icon-list\" data-id=\"185f89f\" data-element_type=\"widget\" data-e-type=\"widget\" data-widget_type=\"icon-list.default\">\n\t\t\t\t<div class=\"elementor-widget-container\">\n\t\t\t\t\t\t\t<ul class=\"elementor-icon-list-items\">\n\t\t\t\t\t\t\t<li class=\"elementor-icon-list-item\">\n\t\t\t\t\t\t\t\t\t\t\t<span class=\"elementor-icon-list-icon\">\n\t\t\t\t\t\t\t<i aria-hidden=\"true\" class=\"fas fa-check\"><\/i>\t\t\t\t\t\t<\/span>\n\t\t\t\t\t\t\t\t\t\t<span class=\"elementor-icon-list-text\"><b>Easynet<\/b> valokuitulaajakaista -tuoteperheest\u00e4 <b>isompi nopeus alemman nopeusluokan kk-hinnalla<\/b><\/span>\n\t\t\t\t\t\t\t\t\t<\/li>\n\t\t\t\t\t\t\t\t<li class=\"elementor-icon-list-item\">\n\t\t\t\t\t\t\t\t\t\t\t<span class=\"elementor-icon-list-icon\">\n\t\t\t\t\t\t\t<i aria-hidden=\"true\" class=\"fas fa-check\"><\/i>\t\t\t\t\t\t<\/span>\n\t\t\t\t\t\t\t\t\t\t<span class=\"elementor-icon-list-text\"><b>Pronet<\/b> valokuitulaajakaista <b>10% alennusta<\/b> kk-maksusta<\/span>\n\t\t\t\t\t\t\t\t\t<\/li>\n\t\t\t\t\t\t<\/ul>\n\t\t\t\t\t\t<\/div>\n\t\t\t\t<\/div>\n\t\t\t\t<\/div>\n\t\t<div class=\"elementor-element elementor-element-699bf3f e-con-full e-flex e-con e-child\" data-id=\"699bf3f\" data-element_type=\"container\" data-e-type=\"container\">\n\t\t\t\t<div class=\"elementor-element elementor-element-d0c6658 elementor-widget elementor-widget-image\" data-id=\"d0c6658\" data-element_type=\"widget\" data-e-type=\"widget\" data-widget_type=\"image.default\">\n\t\t\t\t<div class=\"elementor-widget-container\">\n\t\t\t\t\t\t\t\t\t\t\t\t\t\t\t<img fetchpriority=\"high\" decoding=\"async\" width=\"800\" height=\"534\" src=\"https:\/\/lponet.fi\/yrityksille\/wp-content\/uploads\/2023\/01\/lponet_uutiset-1024x683.jpeg\" class=\"attachment-large size-large wp-image-1679\" alt=\"LPOnet uutiset - ICT-palvelut yrityksille It\u00e4-Uusimaa\" srcset=\"https:\/\/lponet.fi\/yrityksille\/wp-content\/uploads\/2023\/01\/lponet_uutiset-1024x683.jpeg 1024w, https:\/\/lponet.fi\/yrityksille\/wp-content\/uploads\/2023\/01\/lponet_uutiset-300x200.jpeg 300w, https:\/\/lponet.fi\/yrityksille\/wp-content\/uploads\/2023\/01\/lponet_uutiset-768x512.jpeg 768w, https:\/\/lponet.fi\/yrityksille\/wp-content\/uploads\/2023\/01\/lponet_uutiset.jpeg 1200w\" sizes=\"(max-width: 800px) 100vw, 800px\" \/>\t\t\t\t\t\t\t\t\t\t\t\t\t\t\t<\/div>\n\t\t\t\t<\/div>\n\t\t\t\t<\/div>\n\t\t\t\t\t<\/div>\n\t\t\t\t<\/div>\n\t\t<div class=\"elementor-element elementor-element-918a21b e-flex e-con-boxed e-con e-parent\" data-id=\"918a21b\" data-element_type=\"container\" data-e-type=\"container\" data-settings=\"{&quot;background_background&quot;:&quot;classic&quot;}\">\n\t\t\t\t\t<div class=\"e-con-inner\">\n\t\t<div class=\"elementor-element elementor-element-7226199 e-con-full e-flex e-con e-child\" data-id=\"7226199\" data-element_type=\"container\" data-e-type=\"container\">\n\t\t\t\t<div class=\"elementor-element elementor-element-c9173c7 elementor-widget elementor-widget-image\" data-id=\"c9173c7\" data-element_type=\"widget\" data-e-type=\"widget\" data-widget_type=\"image.default\">\n\t\t\t\t<div class=\"elementor-widget-container\">\n\t\t\t\t\t\t\t\t\t\t\t\t\t\t\t<img decoding=\"async\" width=\"800\" height=\"534\" src=\"https:\/\/lponet.fi\/yrityksille\/wp-content\/uploads\/2023\/01\/lponet_jasenedut_yrityksille-1024x683.jpeg\" class=\"attachment-large size-large wp-image-1759\" alt=\"LPOnet j\u00e4senedut - ICT-palvelut yrityksille It\u00e4-Uusimaa\" srcset=\"https:\/\/lponet.fi\/yrityksille\/wp-content\/uploads\/2023\/01\/lponet_jasenedut_yrityksille-1024x683.jpeg 1024w, https:\/\/lponet.fi\/yrityksille\/wp-content\/uploads\/2023\/01\/lponet_jasenedut_yrityksille-300x200.jpeg 300w, https:\/\/lponet.fi\/yrityksille\/wp-content\/uploads\/2023\/01\/lponet_jasenedut_yrityksille-768x512.jpeg 768w, https:\/\/lponet.fi\/yrityksille\/wp-content\/uploads\/2023\/01\/lponet_jasenedut_yrityksille-1536x1024.jpeg 1536w, https:\/\/lponet.fi\/yrityksille\/wp-content\/uploads\/2023\/01\/lponet_jasenedut_yrityksille.jpeg 1920w\" sizes=\"(max-width: 800px) 100vw, 800px\" \/>\t\t\t\t\t\t\t\t\t\t\t\t\t\t\t<\/div>\n\t\t\t\t<\/div>\n\t\t\t\t<\/div>\n\t\t<div class=\"elementor-element elementor-element-9c92b2d e-con-full e-flex e-con e-child\" data-id=\"9c92b2d\" data-element_type=\"container\" data-e-type=\"container\">\n\t\t\t\t<div class=\"elementor-element elementor-element-7603cd7 elementor-widget elementor-widget-heading\" data-id=\"7603cd7\" data-element_type=\"widget\" data-e-type=\"widget\" data-widget_type=\"heading.default\">\n\t\t\t\t<div class=\"elementor-widget-container\">\n\t\t\t\t\t<h2 class=\"elementor-heading-title elementor-size-default\">Miten j\u00e4seneksi, ja mit\u00e4 osuus maksaa?<\/h2>\t\t\t\t<\/div>\n\t\t\t\t<\/div>\n\t\t\t\t<div class=\"elementor-element elementor-element-a2025c9 elementor-icon-list--layout-traditional elementor-list-item-link-full_width elementor-widget elementor-widget-icon-list\" data-id=\"a2025c9\" data-element_type=\"widget\" data-e-type=\"widget\" data-widget_type=\"icon-list.default\">\n\t\t\t\t<div class=\"elementor-widget-container\">\n\t\t\t\t\t\t\t<ul class=\"elementor-icon-list-items\">\n\t\t\t\t\t\t\t<li class=\"elementor-icon-list-item\">\n\t\t\t\t\t\t\t\t\t\t\t<span class=\"elementor-icon-list-icon\">\n\t\t\t\t\t\t\t<i aria-hidden=\"true\" class=\"fas fa-check\"><\/i>\t\t\t\t\t\t<\/span>\n\t\t\t\t\t\t\t\t\t\t<span class=\"elementor-icon-list-text\">J\u00e4seneksi hakevan tulee hankkia LPOnet Osk Anl:n osuus. J\u00e4senyytt\u00e4 haetaan kirjallisesti ja osuuskunnan hallitus k\u00e4sittelee j\u00e4senhakemuksen kokouksessaan (hakemus hoidetaan asiakaspalvelussamme).<\/span>\n\t\t\t\t\t\t\t\t\t<\/li>\n\t\t\t\t\t\t\t\t<li class=\"elementor-icon-list-item\">\n\t\t\t\t\t\t\t\t\t\t\t<span class=\"elementor-icon-list-icon\">\n\t\t\t\t\t\t\t<i aria-hidden=\"true\" class=\"fas fa-check\"><\/i>\t\t\t\t\t\t<\/span>\n\t\t\t\t\t\t\t\t\t\t<span class=\"elementor-icon-list-text\">Voit joko ostaa uuden osuuden LPOnetilt\u00e4 tai hankkia ns. vanhan osuuden yksityisilt\u00e4 markkinoilta.<\/span>\n\t\t\t\t\t\t\t\t\t<\/li>\n\t\t\t\t\t\t\t\t<li class=\"elementor-icon-list-item\">\n\t\t\t\t\t\t\t\t\t\t\t<span class=\"elementor-icon-list-icon\">\n\t\t\t\t\t\t\t<i aria-hidden=\"true\" class=\"fas fa-check\"><\/i>\t\t\t\t\t\t<\/span>\n\t\t\t\t\t\t\t\t\t\t<span class=\"elementor-icon-list-text\">LPOnetilt\u00e4 ostettava uusi osuus maksaa 500 euroa. T\u00e4st\u00e4 150 euroa on osuusmaksua, joka palautetaan osuuskuntalain ehdoin, jos j\u00e4senyys p\u00e4\u00e4ttyy.<\/span>\n\t\t\t\t\t\t\t\t\t<\/li>\n\t\t\t\t\t\t<\/ul>\n\t\t\t\t\t\t<\/div>\n\t\t\t\t<\/div>\n\t\t\t\t<\/div>\n\t\t\t\t\t<\/div>\n\t\t\t\t<\/div>\n\t\t<div class=\"elementor-element elementor-element-482d0b6 e-flex e-con-boxed e-con e-parent\" data-id=\"482d0b6\" data-element_type=\"container\" data-e-type=\"container\">\n\t\t\t\t\t<div class=\"e-con-inner\">\n\t\t\t\t\t<\/div>\n\t\t\t\t<\/div>\n\t\t\t\t<\/div>\n\t\t","protected":false},"excerpt":{"rendered":"<p>ICT-palvelut yrityksille Yritysasiakkaat \u2013 asiakasomistajille selkeit\u00e4 lis\u00e4etuja LPOnet Osk Anl on asiakasomisteinen osuuskunta, joka tarjoaa etuja my\u00f6s yritysasiakkaille, jotka ovat j\u00e4seni\u00e4. Asiakasomistajan etuja Easynet valokuitulaajakaista -tuoteperheest\u00e4 isompi nopeus alemman nopeusluokan kk-hinnalla Pronet valokuitulaajakaista 10% alennusta kk-maksusta Miten j\u00e4seneksi, ja mit\u00e4 osuus maksaa? J\u00e4seneksi hakevan tulee hankkia LPOnet Osk Anl:n osuus. J\u00e4senyytt\u00e4 haetaan kirjallisesti ja osuuskunnan [&hellip;]<\/p>\n","protected":false},"author":1,"featured_media":0,"parent":0,"menu_order":0,"comment_status":"closed","ping_status":"closed","template":"","meta":{"iawp_total_views":11,"footnotes":""},"class_list":["post-1358","page","type-page","status-publish","hentry"],"_links":{"self":[{"href":"https:\/\/lponet.fi\/yrityksille\/wp-json\/wp\/v2\/pages\/1358","targetHints":{"allow":["GET"]}}],"collection":[{"href":"https:\/\/lponet.fi\/yrityksille\/wp-json\/wp\/v2\/pages"}],"about":[{"href":"https:\/\/lponet.fi\/yrityksille\/wp-json\/wp\/v2\/types\/page"}],"author":[{"embeddable":true,"href":"https:\/\/lponet.fi\/yrityksille\/wp-json\/wp\/v2\/users\/1"}],"replies":[{"embeddable":true,"href":"https:\/\/lponet.fi\/yrityksille\/wp-json\/wp\/v2\/comments?post=1358"}],"version-history":[{"count":3,"href":"https:\/\/lponet.fi\/yrityksille\/wp-json\/wp\/v2\/pages\/1358\/revisions"}],"predecessor-version":[{"id":3763,"href":"https:\/\/lponet.fi\/yrityksille\/wp-json\/wp\/v2\/pages\/1358\/revisions\/3763"}],"wp:attachment":[{"href":"https:\/\/lponet.fi\/yrityksille\/wp-json\/wp\/v2\/media?parent=1358"}],"curies":[{"name":"wp","href":"https:\/\/api.w.org\/{rel}","templated":true}]}}