{"id":2073,"date":"2023-02-17T12:59:22","date_gmt":"2023-02-17T10:59:22","guid":{"rendered":"https:\/\/lponet.fi\/yrityksille\/?page_id=2073"},"modified":"2026-02-23T11:42:37","modified_gmt":"2026-02-23T09:42:37","slug":"hemsidor-intranet","status":"publish","type":"page","link":"https:\/\/lponet.fi\/yrityksille\/sv\/hemsidor-intranet\/","title":{"rendered":"Hemsidor &#038; Intranet"},"content":{"rendered":"\t\t<div data-elementor-type=\"wp-page\" data-elementor-id=\"2073\" class=\"elementor elementor-2073\" data-elementor-post-type=\"page\">\n\t\t\t\t<div class=\"elementor-element elementor-element-e32e837 e-flex e-con-boxed e-con e-parent\" data-id=\"e32e837\" data-element_type=\"container\" data-e-type=\"container\" data-settings=\"{&quot;background_background&quot;:&quot;classic&quot;,&quot;shape_divider_bottom&quot;:&quot;curve&quot;,&quot;shape_divider_bottom_negative&quot;:&quot;yes&quot;}\">\n\t\t\t\t\t<div class=\"e-con-inner\">\n\t\t\t\t<div class=\"elementor-shape elementor-shape-bottom\" aria-hidden=\"true\" data-negative=\"true\">\n\t\t\t<svg xmlns=\"http:\/\/www.w3.org\/2000\/svg\" viewBox=\"0 0 1000 100\" preserveAspectRatio=\"none\">\n\t<path class=\"elementor-shape-fill\" d=\"M500,97C126.7,96.3,0.8,19.8,0,0v100l1000,0V1C1000,19.4,873.3,97.8,500,97z\"\/>\n<\/svg>\t\t<\/div>\n\t\t\t\t<div class=\"elementor-element elementor-element-a49b08a elementor-widget elementor-widget-heading\" data-id=\"a49b08a\" data-element_type=\"widget\" data-e-type=\"widget\" data-widget_type=\"heading.default\">\n\t\t\t\t<div class=\"elementor-widget-container\">\n\t\t\t\t\t<h2 class=\"elementor-heading-title elementor-size-small\">ICT-tj\u00e4nster till f\u00f6retag<\/h2>\t\t\t\t<\/div>\n\t\t\t\t<\/div>\n\t\t\t\t<div class=\"elementor-element elementor-element-bb88e1f elementor-widget elementor-widget-heading\" data-id=\"bb88e1f\" data-element_type=\"widget\" data-e-type=\"widget\" data-widget_type=\"heading.default\">\n\t\t\t\t<div class=\"elementor-widget-container\">\n\t\t\t\t\t<h1 class=\"elementor-heading-title elementor-size-xxl\">Hemsidor &amp; intranet<\/h1>\t\t\t\t<\/div>\n\t\t\t\t<\/div>\n\t\t\t\t\t<\/div>\n\t\t\t\t<\/div>\n\t\t<div class=\"elementor-element elementor-element-a94c2de e-flex e-con-boxed e-con e-parent\" data-id=\"a94c2de\" data-element_type=\"container\" data-e-type=\"container\">\n\t\t\t\t\t<div class=\"e-con-inner\">\n\t\t\t\t<div class=\"elementor-element elementor-element-975cffe elementor-widget elementor-widget-heading\" data-id=\"975cffe\" data-element_type=\"widget\" data-e-type=\"widget\" data-widget_type=\"heading.default\">\n\t\t\t\t<div class=\"elementor-widget-container\">\n\t\t\t\t\t<h2 class=\"elementor-heading-title elementor-size-xl\">Moderna och s\u00e4ljande WordPress-hemsidor till ditt f\u00f6retag <\/h2>\t\t\t\t<\/div>\n\t\t\t\t<\/div>\n\t\t\t\t\t<\/div>\n\t\t\t\t<\/div>\n\t\t<div class=\"elementor-element elementor-element-5dccf4f e-flex e-con-boxed e-con e-parent\" data-id=\"5dccf4f\" data-element_type=\"container\" data-e-type=\"container\">\n\t\t\t\t\t<div class=\"e-con-inner\">\n\t\t<div class=\"elementor-element elementor-element-93a4d67 e-con-full e-flex e-con e-child\" data-id=\"93a4d67\" data-element_type=\"container\" data-e-type=\"container\">\n\t\t\t\t<div class=\"elementor-element elementor-element-6592435 elementor-widget elementor-widget-heading\" data-id=\"6592435\" data-element_type=\"widget\" data-e-type=\"widget\" data-widget_type=\"heading.default\">\n\t\t\t\t<div class=\"elementor-widget-container\">\n\t\t\t\t\t<h3 class=\"elementor-heading-title elementor-size-default\">Framtr\u00e4d med stiliga hemsidor till din f\u00f6rdel<\/h3>\t\t\t\t<\/div>\n\t\t\t\t<\/div>\n\t\t\t\t<div class=\"elementor-element elementor-element-c2eff06 elementor-widget elementor-widget-text-editor\" data-id=\"c2eff06\" data-element_type=\"widget\" data-e-type=\"widget\" data-widget_type=\"text-editor.default\">\n\t\t\t\t<div class=\"elementor-widget-container\">\n\t\t\t\t\t\t\t\t\t<p>Vi planerar och f\u00f6rverkligar WordPress-hemsidor, med vilka du f\u00e5r fram dina tj\u00e4nster och produkter i n\u00e4tet p\u00e5 ett representativt s\u00e4tt. Hemsidornas fr\u00e4msta uppgift \u00e4r att s\u00e4lja och f\u00e5 potentiella kunder att bli intresserade av utbudet. D\u00e5 man planerar hemsidor, \u00e4r utg\u00e5ngsl\u00e4get att sidorna \u00e4r l\u00e4tta att anv\u00e4nda, klara, visuellt fina och logiskt uppbyggda. Tekniskt funktionss\u00e4kra hemsidor, som fungerar med alla apparater (responsiva), f\u00f6rvekligas med l\u00e4tthanterliga verktyg, varmed uppdateringen och uppeh\u00e4llet \u00e4r enkelt.<\/p><p>Av oss f\u00e5r du hemsidor b\u00e5de f\u00f6r mindre och st\u00f6rre f\u00f6retag, vid behov \u00e4ven mer kr\u00e4vande tekniska l\u00f6sningar, t.ex. integration av olika system.\u00a0 Fr\u00e5ga \u00e4ven efter v\u00e5ra WooCommerce-n\u00e4tbutiksl\u00f6sningar!<\/p>\t\t\t\t\t\t\t\t<\/div>\n\t\t\t\t<\/div>\n\t\t\t\t<div class=\"elementor-element elementor-element-7a6cb21 elementor-widget elementor-widget-button\" data-id=\"7a6cb21\" data-element_type=\"widget\" data-e-type=\"widget\" data-widget_type=\"button.default\">\n\t\t\t\t<div class=\"elementor-widget-container\">\n\t\t\t\t\t\t\t\t\t<div class=\"elementor-button-wrapper\">\n\t\t\t\t\t<a class=\"elementor-button elementor-button-link elementor-size-sm\" href=\"https:\/\/lponet.fi\/yrityksille\/sv\/hemsidor-intranet\/#offerthemsidor\">\n\t\t\t\t\t\t<span class=\"elementor-button-content-wrapper\">\n\t\t\t\t\t\t\t\t\t<span class=\"elementor-button-text\">Beg\u00e4r offert<\/span>\n\t\t\t\t\t<\/span>\n\t\t\t\t\t<\/a>\n\t\t\t\t<\/div>\n\t\t\t\t\t\t\t\t<\/div>\n\t\t\t\t<\/div>\n\t\t\t\t<\/div>\n\t\t<div class=\"elementor-element elementor-element-bef3aa3 e-con-full e-flex e-con e-child\" data-id=\"bef3aa3\" data-element_type=\"container\" data-e-type=\"container\">\n\t\t\t\t<div class=\"elementor-element elementor-element-b9dbdc5 elementor-widget elementor-widget-image\" data-id=\"b9dbdc5\" data-element_type=\"widget\" data-e-type=\"widget\" data-widget_type=\"image.default\">\n\t\t\t\t<div class=\"elementor-widget-container\">\n\t\t\t\t\t\t\t\t\t\t\t\t\t\t\t<img fetchpriority=\"high\" decoding=\"async\" width=\"800\" height=\"534\" src=\"https:\/\/lponet.fi\/yrityksille\/wp-content\/uploads\/2023\/01\/LPOnet-1-1024x683.jpg\" class=\"attachment-large size-large wp-image-1845\" alt=\"LPOnet kotisivut ja intranet - ICT-palvelut yrityksille It\u00e4-Uusimaa\" srcset=\"https:\/\/lponet.fi\/yrityksille\/wp-content\/uploads\/2023\/01\/LPOnet-1-1024x683.jpg 1024w, https:\/\/lponet.fi\/yrityksille\/wp-content\/uploads\/2023\/01\/LPOnet-1-300x200.jpg 300w, https:\/\/lponet.fi\/yrityksille\/wp-content\/uploads\/2023\/01\/LPOnet-1-768x512.jpg 768w, https:\/\/lponet.fi\/yrityksille\/wp-content\/uploads\/2023\/01\/LPOnet-1-1536x1024.jpg 1536w, https:\/\/lponet.fi\/yrityksille\/wp-content\/uploads\/2023\/01\/LPOnet-1.jpg 1920w\" sizes=\"(max-width: 800px) 100vw, 800px\" \/>\t\t\t\t\t\t\t\t\t\t\t\t\t\t\t<\/div>\n\t\t\t\t<\/div>\n\t\t\t\t<\/div>\n\t\t\t\t\t<\/div>\n\t\t\t\t<\/div>\n\t\t<div class=\"elementor-element elementor-element-42076b6 e-flex e-con-boxed e-con e-parent\" data-id=\"42076b6\" data-element_type=\"container\" data-e-type=\"container\" data-settings=\"{&quot;background_background&quot;:&quot;classic&quot;}\">\n\t\t\t\t\t<div class=\"e-con-inner\">\n\t\t<div class=\"elementor-element elementor-element-eb9aac4 e-con-full e-flex e-con e-child\" data-id=\"eb9aac4\" data-element_type=\"container\" data-e-type=\"container\">\n\t\t\t\t<div class=\"elementor-element elementor-element-20f9e6b elementor-widget elementor-widget-heading\" data-id=\"20f9e6b\" data-element_type=\"widget\" data-e-type=\"widget\" data-widget_type=\"heading.default\">\n\t\t\t\t<div class=\"elementor-widget-container\">\n\t\t\t\t\t<h3 class=\"elementor-heading-title elementor-size-xl\">WordPress - v\u00e4rldens popul\u00e4raste hemsideunderlag med m\u00e5nga m\u00f6jligheter<\/h3>\t\t\t\t<\/div>\n\t\t\t\t<\/div>\n\t\t\t\t<div class=\"elementor-element elementor-element-22993c4 elementor-widget elementor-widget-text-editor\" data-id=\"22993c4\" data-element_type=\"widget\" data-e-type=\"widget\" data-widget_type=\"text-editor.default\">\n\t\t\t\t<div class=\"elementor-widget-container\">\n\t\t\t\t\t\t\t\t\t<p>WordPress-hemsideunderlaget erbjuder o\u00e4ndliga m\u00f6jligheter att skr\u00e4ddarsy dina hemsidor, s\u00e5 de passar utseendem\u00e4ssigt precis ditt f\u00f6retag och g\u00f6r ett gott intryck p\u00e5 kunderna. D\u00e5 vi bygger upp sidorna utnyttjar vi en visuell sidobyggare, med vilken det \u00e4r trevligt och m\u00e5ngsidigt att bygga och modifiera.\u00a0\u00a0<\/p><p>Tekniskt sett erbjuder hemsidorna nyttiga l\u00f6sningar f\u00f6r olika typers f\u00f6retag och branscher. I utbudet finns b\u00e5de avgiftsfria och avgiftsbelagda till\u00e4ggsfunktioner. S\u00e5dana l\u00f6sningar \u00e4r till exempel:\u00a0<\/p>\t\t\t\t\t\t\t\t<\/div>\n\t\t\t\t<\/div>\n\t\t\t\t<div class=\"elementor-element elementor-element-387cbfc elementor-icon-list--layout-traditional elementor-list-item-link-full_width elementor-widget elementor-widget-icon-list\" data-id=\"387cbfc\" data-element_type=\"widget\" data-e-type=\"widget\" data-widget_type=\"icon-list.default\">\n\t\t\t\t<div class=\"elementor-widget-container\">\n\t\t\t\t\t\t\t<ul class=\"elementor-icon-list-items\">\n\t\t\t\t\t\t\t<li class=\"elementor-icon-list-item\">\n\t\t\t\t\t\t\t\t\t\t\t<span class=\"elementor-icon-list-icon\">\n\t\t\t\t\t\t\t<i aria-hidden=\"true\" class=\"box box-bx-check-double\"><\/i>\t\t\t\t\t\t<\/span>\n\t\t\t\t\t\t\t\t\t\t<span class=\"elementor-icon-list-text\">kalender- och tidsbest\u00e4llningsfunktioner<\/span>\n\t\t\t\t\t\t\t\t\t<\/li>\n\t\t\t\t\t\t\t\t<li class=\"elementor-icon-list-item\">\n\t\t\t\t\t\t\t\t\t\t\t<span class=\"elementor-icon-list-icon\">\n\t\t\t\t\t\t\t<i aria-hidden=\"true\" class=\"box box-bx-check-double\"><\/i>\t\t\t\t\t\t<\/span>\n\t\t\t\t\t\t\t\t\t\t<span class=\"elementor-icon-list-text\">bloggfunktioner<\/span>\n\t\t\t\t\t\t\t\t\t<\/li>\n\t\t\t\t\t\t\t\t<li class=\"elementor-icon-list-item\">\n\t\t\t\t\t\t\t\t\t\t\t<span class=\"elementor-icon-list-icon\">\n\t\t\t\t\t\t\t<i aria-hidden=\"true\" class=\"box box-bx-check-double\"><\/i>\t\t\t\t\t\t<\/span>\n\t\t\t\t\t\t\t\t\t\t<span class=\"elementor-icon-list-text\">m\u00e5ngsidiga blankettverktyg<\/span>\n\t\t\t\t\t\t\t\t\t<\/li>\n\t\t\t\t\t\t\t\t<li class=\"elementor-icon-list-item\">\n\t\t\t\t\t\t\t\t\t\t\t<span class=\"elementor-icon-list-icon\">\n\t\t\t\t\t\t\t<i aria-hidden=\"true\" class=\"box box-bx-check-double\"><\/i>\t\t\t\t\t\t<\/span>\n\t\t\t\t\t\t\t\t\t\t<span class=\"elementor-icon-list-text\">f\u00f6rs\u00e4ljning av produkter och tj\u00e4nster med WooCommerce-n\u00e4tbutikstill\u00e4ggsdel<\/span>\n\t\t\t\t\t\t\t\t\t<\/li>\n\t\t\t\t\t\t\t\t<li class=\"elementor-icon-list-item\">\n\t\t\t\t\t\t\t\t\t\t\t<span class=\"elementor-icon-list-icon\">\n\t\t\t\t\t\t\t<i aria-hidden=\"true\" class=\"box box-bx-check-double\"><\/i>\t\t\t\t\t\t<\/span>\n\t\t\t\t\t\t\t\t\t\t<span class=\"elementor-icon-list-text\">integrationer t.ex. till ekonomif\u00f6rvaltningssystem och internets k\u00f6pst\u00e4llen<\/span>\n\t\t\t\t\t\t\t\t\t<\/li>\n\t\t\t\t\t\t\t\t<li class=\"elementor-icon-list-item\">\n\t\t\t\t\t\t\t\t\t\t\t<span class=\"elementor-icon-list-icon\">\n\t\t\t\t\t\t\t<i aria-hidden=\"true\" class=\"box box-bx-check-double\"><\/i>\t\t\t\t\t\t<\/span>\n\t\t\t\t\t\t\t\t\t\t<span class=\"elementor-icon-list-text\">intranet\/extranet -l\u00f6sningar<\/span>\n\t\t\t\t\t\t\t\t\t<\/li>\n\t\t\t\t\t\t\t\t<li class=\"elementor-icon-list-item\">\n\t\t\t\t\t\t\t\t\t\t\t<span class=\"elementor-icon-list-icon\">\n\t\t\t\t\t\t\t<i aria-hidden=\"true\" class=\"box box-bx-check-double\"><\/i>\t\t\t\t\t\t<\/span>\n\t\t\t\t\t\t\t\t\t\t<span class=\"elementor-icon-list-text\">chat-funktioner<\/span>\n\t\t\t\t\t\t\t\t\t<\/li>\n\t\t\t\t\t\t<\/ul>\n\t\t\t\t\t\t<\/div>\n\t\t\t\t<\/div>\n\t\t\t\t<\/div>\n\t\t<div class=\"elementor-element elementor-element-f21e928 e-con-full e-flex e-con e-child\" data-id=\"f21e928\" data-element_type=\"container\" data-e-type=\"container\">\n\t\t\t\t<div class=\"elementor-element elementor-element-700c7a5 elementor-widget elementor-widget-image\" data-id=\"700c7a5\" data-element_type=\"widget\" data-e-type=\"widget\" data-widget_type=\"image.default\">\n\t\t\t\t<div class=\"elementor-widget-container\">\n\t\t\t\t\t\t\t\t\t\t\t\t\t\t\t<img decoding=\"async\" width=\"642\" height=\"1024\" src=\"https:\/\/lponet.fi\/yrityksille\/wp-content\/uploads\/2023\/01\/lponet_mies_tabletti-642x1024.png\" class=\"attachment-large size-large wp-image-1646\" alt=\"LPOnet kotisivut ja intranet - ICT-palvelut yrityksille It\u00e4-Uusimaa\" srcset=\"https:\/\/lponet.fi\/yrityksille\/wp-content\/uploads\/2023\/01\/lponet_mies_tabletti-642x1024.png 642w, https:\/\/lponet.fi\/yrityksille\/wp-content\/uploads\/2023\/01\/lponet_mies_tabletti-188x300.png 188w, https:\/\/lponet.fi\/yrityksille\/wp-content\/uploads\/2023\/01\/lponet_mies_tabletti-768x1224.png 768w, https:\/\/lponet.fi\/yrityksille\/wp-content\/uploads\/2023\/01\/lponet_mies_tabletti-964x1536.png 964w, https:\/\/lponet.fi\/yrityksille\/wp-content\/uploads\/2023\/01\/lponet_mies_tabletti.png 1200w\" sizes=\"(max-width: 642px) 100vw, 642px\" \/>\t\t\t\t\t\t\t\t\t\t\t\t\t\t\t<\/div>\n\t\t\t\t<\/div>\n\t\t\t\t<\/div>\n\t\t\t\t\t<\/div>\n\t\t\t\t<\/div>\n\t\t<div class=\"elementor-element elementor-element-fa5547a e-flex e-con-boxed e-con e-parent\" data-id=\"fa5547a\" data-element_type=\"container\" data-e-type=\"container\">\n\t\t\t\t\t<div class=\"e-con-inner\">\n\t\t<div class=\"elementor-element elementor-element-b33cb3a e-con-full e-flex e-con e-child\" data-id=\"b33cb3a\" data-element_type=\"container\" data-e-type=\"container\">\n\t\t\t\t<div class=\"elementor-element elementor-element-04d1f8c elementor-widget elementor-widget-image\" data-id=\"04d1f8c\" data-element_type=\"widget\" data-e-type=\"widget\" data-widget_type=\"image.default\">\n\t\t\t\t<div class=\"elementor-widget-container\">\n\t\t\t\t\t\t\t\t\t\t\t\t\t\t\t<img decoding=\"async\" width=\"800\" height=\"503\" src=\"https:\/\/lponet.fi\/yrityksille\/wp-content\/uploads\/2023\/01\/lponet_pilvipalvelut-1024x644.jpeg\" class=\"attachment-large size-large wp-image-1729\" alt=\"LPOnet pilvipalvelut - ICT-palvelut yrityksille It\u00e4-Uusimaa\" srcset=\"https:\/\/lponet.fi\/yrityksille\/wp-content\/uploads\/2023\/01\/lponet_pilvipalvelut-1024x644.jpeg 1024w, https:\/\/lponet.fi\/yrityksille\/wp-content\/uploads\/2023\/01\/lponet_pilvipalvelut-300x189.jpeg 300w, https:\/\/lponet.fi\/yrityksille\/wp-content\/uploads\/2023\/01\/lponet_pilvipalvelut-768x483.jpeg 768w, https:\/\/lponet.fi\/yrityksille\/wp-content\/uploads\/2023\/01\/lponet_pilvipalvelut-1536x966.jpeg 1536w, https:\/\/lponet.fi\/yrityksille\/wp-content\/uploads\/2023\/01\/lponet_pilvipalvelut.jpeg 1920w\" sizes=\"(max-width: 800px) 100vw, 800px\" \/>\t\t\t\t\t\t\t\t\t\t\t\t\t\t\t<\/div>\n\t\t\t\t<\/div>\n\t\t\t\t<\/div>\n\t\t<div class=\"elementor-element elementor-element-7faeacc e-con-full e-flex e-con e-child\" data-id=\"7faeacc\" data-element_type=\"container\" data-e-type=\"container\">\n\t\t\t\t<div class=\"elementor-element elementor-element-b562666 elementor-widget elementor-widget-heading\" data-id=\"b562666\" data-element_type=\"widget\" data-e-type=\"widget\" data-widget_type=\"heading.default\">\n\t\t\t\t<div class=\"elementor-widget-container\">\n\t\t\t\t\t<h3 class=\"elementor-heading-title elementor-size-default\">Intranet och SharePoint<\/h3>\t\t\t\t<\/div>\n\t\t\t\t<\/div>\n\t\t\t\t<div class=\"elementor-element elementor-element-d7168c3 elementor-widget elementor-widget-text-editor\" data-id=\"d7168c3\" data-element_type=\"widget\" data-e-type=\"widget\" data-widget_type=\"text-editor.default\">\n\t\t\t\t<div class=\"elementor-widget-container\">\n\t\t\t\t\t\t\t\t\t<p>Vad \u00e4r SharePoint Online? Microsoft SharePoint Online \u00e4r en molntj\u00e4nst, som utnyttjar smidigt andra Microsoft-teknologier och fungerar ihop t.ex. med\u00a0 Office-programmen. SharePoint Online -l\u00f6sningarna effektiverar f\u00f6retagets processer vid informationshantering, kommunikation och samarbete. SharePoint \u00e4r en praktisk l\u00f6sning vid skapandet av olika Intranet- och Extranet-l\u00f6sningar.<\/p><p>I k\u00e4rnan av SharePoint-intranet \u00e4r en flexibel informationshantering. Information, som sparats i molnet, kan anv\u00e4ndas var som helst.\u00a0<\/p>\t\t\t\t\t\t\t\t<\/div>\n\t\t\t\t<\/div>\n\t\t\t\t<\/div>\n\t\t\t\t\t<\/div>\n\t\t\t\t<\/div>\n\t\t<div class=\"elementor-element elementor-element-daab543 e-flex e-con-boxed e-con e-parent\" data-id=\"daab543\" data-element_type=\"container\" data-e-type=\"container\" id=\"offerthemsidor\" data-settings=\"{&quot;shape_divider_top&quot;:&quot;arrow&quot;,&quot;background_background&quot;:&quot;classic&quot;}\">\n\t\t\t\t\t<div class=\"e-con-inner\">\n\t\t\t\t<div class=\"elementor-shape elementor-shape-top\" aria-hidden=\"true\" data-negative=\"false\">\n\t\t\t<svg xmlns=\"http:\/\/www.w3.org\/2000\/svg\" viewBox=\"0 0 700 10\" preserveAspectRatio=\"none\">\n\t<path class=\"elementor-shape-fill\" d=\"M350,10L340,0h20L350,10z\"\/>\n<\/svg>\t\t<\/div>\n\t\t\t\t<div class=\"elementor-element elementor-element-1dcef6e elementor-widget elementor-widget-heading\" data-id=\"1dcef6e\" data-element_type=\"widget\" data-e-type=\"widget\" data-widget_type=\"heading.default\">\n\t\t\t\t<div class=\"elementor-widget-container\">\n\t\t\t\t\t<h2 class=\"elementor-heading-title elementor-size-default\">Ta kontakt och beg\u00e4r offert<\/h2>\t\t\t\t<\/div>\n\t\t\t\t<\/div>\n\t\t\t\t<div class=\"elementor-element elementor-element-25b1b12 elementor-button-align-end elementor-widget elementor-widget-form\" data-id=\"25b1b12\" data-element_type=\"widget\" data-e-type=\"widget\" data-settings=\"{&quot;step_next_label&quot;:&quot;Next&quot;,&quot;step_previous_label&quot;:&quot;Previous&quot;,&quot;button_width&quot;:&quot;100&quot;,&quot;step_type&quot;:&quot;number_text&quot;,&quot;step_icon_shape&quot;:&quot;circle&quot;}\" data-widget_type=\"form.default\">\n\t\t\t\t<div class=\"elementor-widget-container\">\n\t\t\t\t\t\t\t<form class=\"elementor-form\" method=\"post\" name=\"New Form\" aria-label=\"New Form\">\n\t\t\t<input type=\"hidden\" name=\"post_id\" value=\"2073\"\/>\n\t\t\t<input type=\"hidden\" name=\"form_id\" value=\"25b1b12\"\/>\n\t\t\t<input type=\"hidden\" name=\"referer_title\" value=\"Hemsidor &amp; Intranet - LPOnet yrityksille\" \/>\n\n\t\t\t\t\t\t\t<input type=\"hidden\" name=\"queried_id\" value=\"2073\"\/>\n\t\t\t\n\t\t\t<div class=\"elementor-form-fields-wrapper elementor-labels-above\">\n\t\t\t\t\t\t\t\t<div class=\"elementor-field-type-text elementor-field-group elementor-column elementor-field-group-name elementor-col-50\">\n\t\t\t\t\t\t\t\t\t\t\t\t<label for=\"form-field-name\" class=\"elementor-field-label\">\n\t\t\t\t\t\t\t\tNamn\t\t\t\t\t\t\t<\/label>\n\t\t\t\t\t\t\t\t\t\t\t\t\t\t<input size=\"1\" type=\"text\" name=\"form_fields[name]\" id=\"form-field-name\" class=\"elementor-field elementor-size-sm  elementor-field-textual\">\n\t\t\t\t\t\t\t\t\t\t\t<\/div>\n\t\t\t\t\t\t\t\t<div class=\"elementor-field-type-text elementor-field-group elementor-column elementor-field-group-field_472d9bb elementor-col-50\">\n\t\t\t\t\t\t\t\t\t\t\t\t<label for=\"form-field-field_472d9bb\" class=\"elementor-field-label\">\n\t\t\t\t\t\t\t\tF\u00f6retag\t\t\t\t\t\t\t<\/label>\n\t\t\t\t\t\t\t\t\t\t\t\t\t\t<input size=\"1\" type=\"text\" name=\"form_fields[field_472d9bb]\" id=\"form-field-field_472d9bb\" class=\"elementor-field elementor-size-sm  elementor-field-textual\">\n\t\t\t\t\t\t\t\t\t\t\t<\/div>\n\t\t\t\t\t\t\t\t<div class=\"elementor-field-type-text elementor-field-group elementor-column elementor-field-group-field_475958c elementor-col-50\">\n\t\t\t\t\t\t\t\t\t\t\t\t<label for=\"form-field-field_475958c\" class=\"elementor-field-label\">\n\t\t\t\t\t\t\t\tTelefon\t\t\t\t\t\t\t<\/label>\n\t\t\t\t\t\t\t\t\t\t\t\t\t\t<input size=\"1\" type=\"text\" name=\"form_fields[field_475958c]\" id=\"form-field-field_475958c\" class=\"elementor-field elementor-size-sm  elementor-field-textual\">\n\t\t\t\t\t\t\t\t\t\t\t<\/div>\n\t\t\t\t\t\t\t\t<div class=\"elementor-field-type-email elementor-field-group elementor-column elementor-field-group-email elementor-col-50 elementor-field-required elementor-mark-required\">\n\t\t\t\t\t\t\t\t\t\t\t\t<label for=\"form-field-email\" class=\"elementor-field-label\">\n\t\t\t\t\t\t\t\tE-post\t\t\t\t\t\t\t<\/label>\n\t\t\t\t\t\t\t\t\t\t\t\t\t\t<input size=\"1\" type=\"email\" name=\"form_fields[email]\" id=\"form-field-email\" class=\"elementor-field elementor-size-sm  elementor-field-textual\" required=\"required\">\n\t\t\t\t\t\t\t\t\t\t\t<\/div>\n\t\t\t\t\t\t\t\t<div class=\"elementor-field-type-textarea elementor-field-group elementor-column elementor-field-group-message elementor-col-100\">\n\t\t\t\t\t\t\t\t\t\t\t\t<label for=\"form-field-message\" class=\"elementor-field-label\">\n\t\t\t\t\t\t\t\tMeddelande\t\t\t\t\t\t\t<\/label>\n\t\t\t\t\t\t<textarea class=\"elementor-field-textual elementor-field  elementor-size-sm\" name=\"form_fields[message]\" id=\"form-field-message\" rows=\"4\"><\/textarea>\t\t\t\t<\/div>\n\t\t\t\t\t\t\t\t<div class=\"elementor-field-group elementor-column elementor-field-type-submit elementor-col-100 e-form__buttons\">\n\t\t\t\t\t<button class=\"elementor-button elementor-size-sm\" type=\"submit\">\n\t\t\t\t\t\t<span class=\"elementor-button-content-wrapper\">\n\t\t\t\t\t\t\t\t\t\t\t\t\t\t\t\t\t\t\t\t\t\t<span class=\"elementor-button-text\">Skicka<\/span>\n\t\t\t\t\t\t\t\t\t\t\t\t\t<\/span>\n\t\t\t\t\t<\/button>\n\t\t\t\t<\/div>\n\t\t\t<\/div>\n\t\t<\/form>\n\t\t\t\t\t\t<\/div>\n\t\t\t\t<\/div>\n\t\t\t\t\t<\/div>\n\t\t\t\t<\/div>\n\t\t\t\t<\/div>\n\t\t","protected":false},"excerpt":{"rendered":"<p>ICT-tj\u00e4nster till f\u00f6retag Hemsidor &amp; intranet Moderna och s\u00e4ljande WordPress-hemsidor till ditt f\u00f6retag Framtr\u00e4d med stiliga hemsidor till din f\u00f6rdel Vi planerar och f\u00f6rverkligar WordPress-hemsidor, med vilka du f\u00e5r fram dina tj\u00e4nster och produkter i n\u00e4tet p\u00e5 ett representativt s\u00e4tt. Hemsidornas fr\u00e4msta uppgift \u00e4r att s\u00e4lja och f\u00e5 potentiella kunder att bli intresserade av utbudet. [&hellip;]<\/p>\n","protected":false},"author":4,"featured_media":0,"parent":0,"menu_order":0,"comment_status":"closed","ping_status":"closed","template":"","meta":{"iawp_total_views":7,"footnotes":""},"class_list":["post-2073","page","type-page","status-publish","hentry"],"_links":{"self":[{"href":"https:\/\/lponet.fi\/yrityksille\/wp-json\/wp\/v2\/pages\/2073","targetHints":{"allow":["GET"]}}],"collection":[{"href":"https:\/\/lponet.fi\/yrityksille\/wp-json\/wp\/v2\/pages"}],"about":[{"href":"https:\/\/lponet.fi\/yrityksille\/wp-json\/wp\/v2\/types\/page"}],"author":[{"embeddable":true,"href":"https:\/\/lponet.fi\/yrityksille\/wp-json\/wp\/v2\/users\/4"}],"replies":[{"embeddable":true,"href":"https:\/\/lponet.fi\/yrityksille\/wp-json\/wp\/v2\/comments?post=2073"}],"version-history":[{"count":10,"href":"https:\/\/lponet.fi\/yrityksille\/wp-json\/wp\/v2\/pages\/2073\/revisions"}],"predecessor-version":[{"id":3970,"href":"https:\/\/lponet.fi\/yrityksille\/wp-json\/wp\/v2\/pages\/2073\/revisions\/3970"}],"wp:attachment":[{"href":"https:\/\/lponet.fi\/yrityksille\/wp-json\/wp\/v2\/media?parent=2073"}],"curies":[{"name":"wp","href":"https:\/\/api.w.org\/{rel}","templated":true}]}}