{"id":2188,"date":"2023-02-17T12:59:19","date_gmt":"2023-02-17T10:59:19","guid":{"rendered":"https:\/\/lponet.fi\/yrityksille\/?page_id=2188"},"modified":"2023-02-17T12:59:19","modified_gmt":"2023-02-17T10:59:19","slug":"dataskydd","status":"publish","type":"page","link":"https:\/\/lponet.fi\/yrityksille\/sv\/dataskydd\/","title":{"rendered":"Dataskydd"},"content":{"rendered":"\t\t<div data-elementor-type=\"wp-page\" data-elementor-id=\"2188\" class=\"elementor elementor-2188\" data-elementor-post-type=\"page\">\n\t\t\t\t<div class=\"elementor-element elementor-element-b90d376 e-flex e-con-boxed e-con e-parent\" data-id=\"b90d376\" data-element_type=\"container\" data-e-type=\"container\" data-settings=\"{&quot;background_background&quot;:&quot;classic&quot;,&quot;shape_divider_bottom&quot;:&quot;curve&quot;,&quot;shape_divider_bottom_negative&quot;:&quot;yes&quot;}\">\n\t\t\t\t\t<div class=\"e-con-inner\">\n\t\t\t\t<div class=\"elementor-shape elementor-shape-bottom\" aria-hidden=\"true\" data-negative=\"true\">\n\t\t\t<svg xmlns=\"http:\/\/www.w3.org\/2000\/svg\" viewBox=\"0 0 1000 100\" preserveAspectRatio=\"none\">\n\t<path class=\"elementor-shape-fill\" d=\"M500,97C126.7,96.3,0.8,19.8,0,0v100l1000,0V1C1000,19.4,873.3,97.8,500,97z\"\/>\n<\/svg>\t\t<\/div>\n\t\t\t\t<div class=\"elementor-element elementor-element-297345a elementor-widget elementor-widget-heading\" data-id=\"297345a\" data-element_type=\"widget\" data-e-type=\"widget\" data-widget_type=\"heading.default\">\n\t\t\t\t<div class=\"elementor-widget-container\">\n\t\t\t\t\t<h2 class=\"elementor-heading-title elementor-size-small\">ICT-tj\u00e4nster till f\u00f6retag<\/h2>\t\t\t\t<\/div>\n\t\t\t\t<\/div>\n\t\t\t\t<div class=\"elementor-element elementor-element-4739c9a elementor-widget elementor-widget-heading\" data-id=\"4739c9a\" data-element_type=\"widget\" data-e-type=\"widget\" data-widget_type=\"heading.default\">\n\t\t\t\t<div class=\"elementor-widget-container\">\n\t\t\t\t\t<h2 class=\"elementor-heading-title elementor-size-xxl\">Dataskydd<\/h2>\t\t\t\t<\/div>\n\t\t\t\t<\/div>\n\t\t\t\t\t<\/div>\n\t\t\t\t<\/div>\n\t\t<div class=\"elementor-element elementor-element-34ad733 e-flex e-con-boxed e-con e-parent\" data-id=\"34ad733\" data-element_type=\"container\" data-e-type=\"container\">\n\t\t\t\t\t<div class=\"e-con-inner\">\n\t\t<div class=\"elementor-element elementor-element-0a457fa e-con-full e-flex e-con e-parent\" data-id=\"0a457fa\" data-element_type=\"container\" data-e-type=\"container\">\n\t\t\t\t<div class=\"elementor-element elementor-element-434488f elementor-widget elementor-widget-heading\" data-id=\"434488f\" data-element_type=\"widget\" data-e-type=\"widget\" data-widget_type=\"heading.default\">\n\t\t\t\t<div class=\"elementor-widget-container\">\n\t\t\t\t\t<h2 class=\"elementor-heading-title elementor-size-default\">Dataskyddstj\u00e4nster - skydd f\u00f6r den dagliga ICT-verksamheten<\/h2>\t\t\t\t<\/div>\n\t\t\t\t<\/div>\n\t\t\t\t<div class=\"elementor-element elementor-element-75a8518 elementor-widget elementor-widget-text-editor\" data-id=\"75a8518\" data-element_type=\"widget\" data-e-type=\"widget\" data-widget_type=\"text-editor.default\">\n\t\t\t\t<div class=\"elementor-widget-container\">\n\t\t\t\t\t\t\t\t\t<p>Den fientliga verksamheten \u00f6kar hela tiden i internet och i datan\u00e4ten. I dag \u00e4r det n\u00f6dv\u00e4ndigt att skydda verksamheten, datauppgifter och program.<\/p><p>Av oss f\u00e5r du till ditt f\u00f6retag <strong>WithSecure\u2122 dataskyddstj\u00e4nster,<\/strong>\u00a0<strong>brandmurstj\u00e4nster och s\u00e4kerhetskopieringstj\u00e4nster<\/strong>. De fasta m\u00e5nadsavgifterna kan l\u00e4tt budgeteras.<\/p>\t\t\t\t\t\t\t\t<\/div>\n\t\t\t\t<\/div>\n\t\t\t\t<div class=\"elementor-element elementor-element-e612847 elementor-widget elementor-widget-button\" data-id=\"e612847\" data-element_type=\"widget\" data-e-type=\"widget\" data-widget_type=\"button.default\">\n\t\t\t\t<div class=\"elementor-widget-container\">\n\t\t\t\t\t\t\t\t\t<div class=\"elementor-button-wrapper\">\n\t\t\t\t\t<a class=\"elementor-button elementor-button-link elementor-size-sm\" href=\"https:\/\/lponet.fi\/yrityksille\/sv\/kontaktuppgifter\/\">\n\t\t\t\t\t\t<span class=\"elementor-button-content-wrapper\">\n\t\t\t\t\t\t\t\t\t<span class=\"elementor-button-text\">Fr\u00e5ga mera<\/span>\n\t\t\t\t\t<\/span>\n\t\t\t\t\t<\/a>\n\t\t\t\t<\/div>\n\t\t\t\t\t\t\t\t<\/div>\n\t\t\t\t<\/div>\n\t\t\t\t<\/div>\n\t\t<div class=\"elementor-element elementor-element-04d670f e-con-full e-flex e-con e-parent\" data-id=\"04d670f\" data-element_type=\"container\" data-e-type=\"container\">\n\t\t\t\t<div class=\"elementor-element elementor-element-7ad1b83 elementor-widget elementor-widget-image\" data-id=\"7ad1b83\" data-element_type=\"widget\" data-e-type=\"widget\" data-widget_type=\"image.default\">\n\t\t\t\t<div class=\"elementor-widget-container\">\n\t\t\t\t\t\t\t\t\t\t\t\t\t\t\t<img fetchpriority=\"high\" decoding=\"async\" width=\"800\" height=\"534\" src=\"https:\/\/lponet.fi\/yrityksille\/wp-content\/uploads\/2023\/01\/lponet_uutiset-1024x683.jpeg\" class=\"attachment-large size-large wp-image-1679\" alt=\"LPOnet uutiset - ICT-palvelut yrityksille It\u00e4-Uusimaa\" srcset=\"https:\/\/lponet.fi\/yrityksille\/wp-content\/uploads\/2023\/01\/lponet_uutiset-1024x683.jpeg 1024w, https:\/\/lponet.fi\/yrityksille\/wp-content\/uploads\/2023\/01\/lponet_uutiset-300x200.jpeg 300w, https:\/\/lponet.fi\/yrityksille\/wp-content\/uploads\/2023\/01\/lponet_uutiset-768x512.jpeg 768w, https:\/\/lponet.fi\/yrityksille\/wp-content\/uploads\/2023\/01\/lponet_uutiset.jpeg 1200w\" sizes=\"(max-width: 800px) 100vw, 800px\" \/>\t\t\t\t\t\t\t\t\t\t\t\t\t\t\t<\/div>\n\t\t\t\t<\/div>\n\t\t\t\t<\/div>\n\t\t\t\t\t<\/div>\n\t\t\t\t<\/div>\n\t\t<div class=\"elementor-element elementor-element-7cbdd0f e-flex e-con-boxed e-con e-parent\" data-id=\"7cbdd0f\" data-element_type=\"container\" data-e-type=\"container\" data-settings=\"{&quot;background_background&quot;:&quot;classic&quot;}\">\n\t\t\t\t\t<div class=\"e-con-inner\">\n\t\t\t\t<div class=\"elementor-element elementor-element-dfdd7f2 elementor-widget elementor-widget-heading\" data-id=\"dfdd7f2\" data-element_type=\"widget\" data-e-type=\"widget\" data-widget_type=\"heading.default\">\n\t\t\t\t<div class=\"elementor-widget-container\">\n\t\t\t\t\t<h2 class=\"elementor-heading-title elementor-size-default\">WithSecure\u2122 molntj\u00e4nsten skyddar appraterna<\/h2>\t\t\t\t<\/div>\n\t\t\t\t<\/div>\n\t\t\t\t\t<\/div>\n\t\t\t\t<\/div>\n\t\t<div class=\"elementor-element elementor-element-600681f e-flex e-con-boxed e-con e-parent\" data-id=\"600681f\" data-element_type=\"container\" data-e-type=\"container\" data-settings=\"{&quot;background_background&quot;:&quot;classic&quot;}\">\n\t\t\t\t\t<div class=\"e-con-inner\">\n\t\t<div class=\"elementor-element elementor-element-3196c92 e-con-full e-flex e-con e-parent\" data-id=\"3196c92\" data-element_type=\"container\" data-e-type=\"container\">\n\t\t\t\t<div class=\"elementor-element elementor-element-365cabf elementor-widget elementor-widget-text-editor\" data-id=\"365cabf\" data-element_type=\"widget\" data-e-type=\"widget\" data-widget_type=\"text-editor.default\">\n\t\t\t\t<div class=\"elementor-widget-container\">\n\t\t\t\t\t\t\t\t\t<p>Skydda dina apparater mot dataintr\u00e5ng med marknadens ledande skydd. Terminalapparaterna \u00e4r de allm\u00e4nnaste m\u00e5len f\u00f6r attacker. <strong>WithSecures Elements Endpoint Protection -l\u00f6sning erbjuder ett oavbrutet skydd mot skadligt inneh\u00e5ll, skadeprogram och andra cyberhot.<\/strong><br \/><br \/>Elements Endpoint Protection \u00e4r en molnbaserad tj\u00e4nst. Den \u00e4r mera \u00e4n enbart ett virusskydd \u2013 man kan prata om f\u00f6ljande generationens dataskyddsl\u00f6sning. Den erbjuder ett avancerat och proaktivt skydd mot olika hot, s\u00e5 som skadeprogram och nolldagsattacker. Den \u00e4r kompatibel med flera opertivsystem och skyddar organisationens apparater mot cyberattacker.<\/p><p>WithSecures Elements EPP for Computers \u00e4r det b\u00e4sta skyddet f\u00f6r Windows- och Mac-datorer \u2013 detta har bevisats \u00e5r efter \u00e5r av opartiska testare, t.ex. AV-Test.<\/p>\t\t\t\t\t\t\t\t<\/div>\n\t\t\t\t<\/div>\n\t\t\t\t<\/div>\n\t\t<div class=\"elementor-element elementor-element-0f7f0ef e-con-full e-flex e-con e-parent\" data-id=\"0f7f0ef\" data-element_type=\"container\" data-e-type=\"container\">\n\t\t\t\t<div class=\"elementor-element elementor-element-8849443 elementor-icon-list--layout-traditional elementor-list-item-link-full_width elementor-widget elementor-widget-icon-list\" data-id=\"8849443\" data-element_type=\"widget\" data-e-type=\"widget\" data-widget_type=\"icon-list.default\">\n\t\t\t\t<div class=\"elementor-widget-container\">\n\t\t\t\t\t\t\t<ul class=\"elementor-icon-list-items\">\n\t\t\t\t\t\t\t<li class=\"elementor-icon-list-item\">\n\t\t\t\t\t\t\t\t\t\t\t<span class=\"elementor-icon-list-icon\">\n\t\t\t\t\t\t\t<i aria-hidden=\"true\" class=\"box box-bx-check-double\"><\/i>\t\t\t\t\t\t<\/span>\n\t\t\t\t\t\t\t\t\t\t<span class=\"elementor-icon-list-text\">Med hj\u00e4lp av tj\u00e4nsten tryggar du kontinuiteten av din aff\u00e4rsverksamhet, d\u00e5 det avanderade skyddet, med hj\u00e4lp av artificiella intelligensen och automatiska uppdateringen, ser till att apparaterna h\u00e5lls trygga.<\/span>\n\t\t\t\t\t\t\t\t\t<\/li>\n\t\t\t\t\t\t\t\t<li class=\"elementor-icon-list-item\">\n\t\t\t\t\t\t\t\t\t\t\t<span class=\"elementor-icon-list-icon\">\n\t\t\t\t\t\t\t<i aria-hidden=\"true\" class=\"box box-bx-check-double\"><\/i>\t\t\t\t\t\t<\/span>\n\t\t\t\t\t\t\t\t\t\t<span class=\"elementor-icon-list-text\">Tj\u00e4nsten \u00e4r tillg\u00e4nglig till f\u00f6retagets arbetsstationer, mobilapparater och servrar.<\/span>\n\t\t\t\t\t\t\t\t\t<\/li>\n\t\t\t\t\t\t\t\t<li class=\"elementor-icon-list-item\">\n\t\t\t\t\t\t\t\t\t\t\t<span class=\"elementor-icon-list-icon\">\n\t\t\t\t\t\t\t<i aria-hidden=\"true\" class=\"box box-bx-check-double\"><\/i>\t\t\t\t\t\t<\/span>\n\t\t\t\t\t\t\t\t\t\t<span class=\"elementor-icon-list-text\">Branschens ledande skydd ser till att dina terminalapparater \u00e4r skyddade mot avancerade attacker. Fungerar effektivt och smidigt vid hotsituationer genom att dela attackinfot med alla skyddade apparater..<\/span>\n\t\t\t\t\t\t\t\t\t<\/li>\n\t\t\t\t\t\t\t\t<li class=\"elementor-icon-list-item\">\n\t\t\t\t\t\t\t\t\t\t\t<span class=\"elementor-icon-list-icon\">\n\t\t\t\t\t\t\t<i aria-hidden=\"true\" class=\"box box-bx-check-double\"><\/i>\t\t\t\t\t\t<\/span>\n\t\t\t\t\t\t\t\t\t\t<span class=\"elementor-icon-list-text\">Integrerade man\u00f6vreringen av 3. partens dataskyddsuppdateringar hindrar upp till 80 % av attackerna med automatiska Windows- och tredje partens dataskyddsuppdateringar..<\/span>\n\t\t\t\t\t\t\t\t\t<\/li>\n\t\t\t\t\t\t<\/ul>\n\t\t\t\t\t\t<\/div>\n\t\t\t\t<\/div>\n\t\t\t\t<div class=\"elementor-element elementor-element-cc0f82a elementor-widget elementor-widget-image\" data-id=\"cc0f82a\" data-element_type=\"widget\" data-e-type=\"widget\" data-widget_type=\"image.default\">\n\t\t\t\t<div class=\"elementor-widget-container\">\n\t\t\t\t\t\t\t\t\t\t\t\t\t\t\t<img decoding=\"async\" width=\"800\" height=\"180\" src=\"https:\/\/lponet.fi\/yrityksille\/wp-content\/uploads\/2023\/01\/withsecure_logo_charcoal_black-1024x231.png\" class=\"attachment-large size-large wp-image-867\" alt=\"\" srcset=\"https:\/\/lponet.fi\/yrityksille\/wp-content\/uploads\/2023\/01\/withsecure_logo_charcoal_black-1024x231.png 1024w, https:\/\/lponet.fi\/yrityksille\/wp-content\/uploads\/2023\/01\/withsecure_logo_charcoal_black-300x68.png 300w, https:\/\/lponet.fi\/yrityksille\/wp-content\/uploads\/2023\/01\/withsecure_logo_charcoal_black-768x174.png 768w, https:\/\/lponet.fi\/yrityksille\/wp-content\/uploads\/2023\/01\/withsecure_logo_charcoal_black-1536x347.png 1536w, https:\/\/lponet.fi\/yrityksille\/wp-content\/uploads\/2023\/01\/withsecure_logo_charcoal_black-2048x463.png 2048w\" sizes=\"(max-width: 800px) 100vw, 800px\" \/>\t\t\t\t\t\t\t\t\t\t\t\t\t\t\t<\/div>\n\t\t\t\t<\/div>\n\t\t\t\t<\/div>\n\t\t\t\t\t<\/div>\n\t\t\t\t<\/div>\n\t\t<div class=\"elementor-element elementor-element-deda7db e-flex e-con-boxed e-con e-parent\" data-id=\"deda7db\" data-element_type=\"container\" data-e-type=\"container\">\n\t\t\t\t\t<div class=\"e-con-inner\">\n\t\t<div class=\"elementor-element elementor-element-804aa22 e-con-full e-flex e-con e-parent\" data-id=\"804aa22\" data-element_type=\"container\" data-e-type=\"container\">\n\t\t\t\t<div class=\"elementor-element elementor-element-810e1ad elementor-widget elementor-widget-image\" data-id=\"810e1ad\" data-element_type=\"widget\" data-e-type=\"widget\" data-widget_type=\"image.default\">\n\t\t\t\t<div class=\"elementor-widget-container\">\n\t\t\t\t\t\t\t\t\t\t\t\t\t\t\t<img decoding=\"async\" width=\"800\" height=\"534\" src=\"https:\/\/lponet.fi\/yrityksille\/wp-content\/uploads\/2023\/01\/lponet_tietoturva-1024x683.jpeg\" class=\"attachment-large size-large wp-image-1699\" alt=\"LPOnet tietoturva - ICT-palvelut yrityksille It\u00e4-Uusimaa\" srcset=\"https:\/\/lponet.fi\/yrityksille\/wp-content\/uploads\/2023\/01\/lponet_tietoturva-1024x683.jpeg 1024w, https:\/\/lponet.fi\/yrityksille\/wp-content\/uploads\/2023\/01\/lponet_tietoturva-300x200.jpeg 300w, https:\/\/lponet.fi\/yrityksille\/wp-content\/uploads\/2023\/01\/lponet_tietoturva-768x512.jpeg 768w, https:\/\/lponet.fi\/yrityksille\/wp-content\/uploads\/2023\/01\/lponet_tietoturva-1536x1024.jpeg 1536w, https:\/\/lponet.fi\/yrityksille\/wp-content\/uploads\/2023\/01\/lponet_tietoturva.jpeg 1920w\" sizes=\"(max-width: 800px) 100vw, 800px\" \/>\t\t\t\t\t\t\t\t\t\t\t\t\t\t\t<\/div>\n\t\t\t\t<\/div>\n\t\t\t\t<\/div>\n\t\t<div class=\"elementor-element elementor-element-a81b38d e-con-full e-flex e-con e-parent\" data-id=\"a81b38d\" data-element_type=\"container\" data-e-type=\"container\">\n\t\t\t\t<div class=\"elementor-element elementor-element-109612c elementor-widget elementor-widget-heading\" data-id=\"109612c\" data-element_type=\"widget\" data-e-type=\"widget\" data-widget_type=\"heading.default\">\n\t\t\t\t<div class=\"elementor-widget-container\">\n\t\t\t\t\t<h2 class=\"elementor-heading-title elementor-size-default\">Brandmurstj\u00e4nsten skyddar effektivt mot dataintr\u00e5ng<\/h2>\t\t\t\t<\/div>\n\t\t\t\t<\/div>\n\t\t\t\t<div class=\"elementor-element elementor-element-f87b828 elementor-widget elementor-widget-text-editor\" data-id=\"f87b828\" data-element_type=\"widget\" data-e-type=\"widget\" data-widget_type=\"text-editor.default\">\n\t\t\t\t<div class=\"elementor-widget-container\">\n\t\t\t\t\t\t\t\t\t<p>Brandmurstj\u00e4nsten skyddar f\u00f6retagets n\u00e4t mot dataskyddsattacker som kommer utifr\u00e5n. Tj\u00e4nsten inneh\u00e5ller <strong>brandmursapparatur, VPN-program och man\u00f6vrering av dessa<\/strong> f\u00f6r f\u00f6retagets del.<br \/><br \/>I tj\u00e4nsten ing\u00e5r dessutom m\u00f6jligheten att anv\u00e4nda ett <strong>VPN-arbetsstationsprogram<\/strong>, med vilket distansf\u00f6rbindelse till f\u00f6retagets interna n\u00e4t kan bildas tryggt t.ex. vid distansjobb.<\/p>\t\t\t\t\t\t\t\t<\/div>\n\t\t\t\t<\/div>\n\t\t\t\t<div class=\"elementor-element elementor-element-68800d0 elementor-widget elementor-widget-button\" data-id=\"68800d0\" data-element_type=\"widget\" data-e-type=\"widget\" data-widget_type=\"button.default\">\n\t\t\t\t<div class=\"elementor-widget-container\">\n\t\t\t\t\t\t\t\t\t<div class=\"elementor-button-wrapper\">\n\t\t\t\t\t<a class=\"elementor-button elementor-button-link elementor-size-sm\" href=\"https:\/\/lponet.fi\/yrityksille\/sv\/kontaktuppgifter\/\">\n\t\t\t\t\t\t<span class=\"elementor-button-content-wrapper\">\n\t\t\t\t\t\t\t\t\t<span class=\"elementor-button-text\">Fr\u00e5ga mera av v\u00e5r f\u00f6retagsf\u00f6rs\u00e4ljning<\/span>\n\t\t\t\t\t<\/span>\n\t\t\t\t\t<\/a>\n\t\t\t\t<\/div>\n\t\t\t\t\t\t\t\t<\/div>\n\t\t\t\t<\/div>\n\t\t\t\t<\/div>\n\t\t\t\t\t<\/div>\n\t\t\t\t<\/div>\n\t\t<div class=\"elementor-element elementor-element-522803b e-flex e-con-boxed e-con e-parent\" data-id=\"522803b\" data-element_type=\"container\" data-e-type=\"container\" data-settings=\"{&quot;background_background&quot;:&quot;classic&quot;}\">\n\t\t\t\t\t<div class=\"e-con-inner\">\n\t\t\t\t<div class=\"elementor-element elementor-element-266a6da elementor-widget elementor-widget-heading\" data-id=\"266a6da\" data-element_type=\"widget\" data-e-type=\"widget\" data-widget_type=\"heading.default\">\n\t\t\t\t<div class=\"elementor-widget-container\">\n\t\t\t\t\t<h2 class=\"elementor-heading-title elementor-size-default\">Backup-tj\u00e4nster<\/h2>\t\t\t\t<\/div>\n\t\t\t\t<\/div>\n\t\t\t\t\t<\/div>\n\t\t\t\t<\/div>\n\t\t<div class=\"elementor-element elementor-element-de7996f e-flex e-con-boxed e-con e-parent\" data-id=\"de7996f\" data-element_type=\"container\" data-e-type=\"container\" data-settings=\"{&quot;background_background&quot;:&quot;classic&quot;}\">\n\t\t\t\t\t<div class=\"e-con-inner\">\n\t\t<div class=\"elementor-element elementor-element-f7da695 e-con-full e-flex e-con e-parent\" data-id=\"f7da695\" data-element_type=\"container\" data-e-type=\"container\">\n\t\t\t\t<div class=\"elementor-element elementor-element-da0bd4f elementor-widget elementor-widget-heading\" data-id=\"da0bd4f\" data-element_type=\"widget\" data-e-type=\"widget\" data-widget_type=\"heading.default\">\n\t\t\t\t<div class=\"elementor-widget-container\">\n\t\t\t\t\t<h3 class=\"elementor-heading-title elementor-size-default\">S\u00e4kerhetskopiering av datorer<\/h3>\t\t\t\t<\/div>\n\t\t\t\t<\/div>\n\t\t\t\t<div class=\"elementor-element elementor-element-83f3cd5 elementor-widget elementor-widget-text-editor\" data-id=\"83f3cd5\" data-element_type=\"widget\" data-e-type=\"widget\" data-widget_type=\"text-editor.default\">\n\t\t\t\t<div class=\"elementor-widget-container\">\n\t\t\t\t\t\t\t\t\t<p>Skydda f\u00f6retagsdatorernas viktiga information med den l\u00e4ttanv\u00e4nda och automatiska s\u00e4kerhetskopieringstj\u00e4nsten. Nexetic Shield Backup \u00e4r en inhemsk molntj\u00e4nst f\u00f6r s\u00e4kerhetskopiering och \u00e5terh\u00e4mtning av filer. Tj\u00e4nsten skyddar f\u00f6retagets arbetsstationer kostnadseffektivt utan apparatanskaffningar i fall apparaten g\u00e5r s\u00f6nder eller attackeras av virus eller skadeprogram. Uppgifterna tryggas kontinuerligt och automatiskt, och f\u00f6rvaras tryggt i finska servrar.<\/p>\t\t\t\t\t\t\t\t<\/div>\n\t\t\t\t<\/div>\n\t\t\t\t<div class=\"elementor-element elementor-element-6668083 elementor-widget elementor-widget-heading\" data-id=\"6668083\" data-element_type=\"widget\" data-e-type=\"widget\" data-widget_type=\"heading.default\">\n\t\t\t\t<div class=\"elementor-widget-container\">\n\t\t\t\t\t<h3 class=\"elementor-heading-title elementor-size-default\">S\u00e4kerhetskopiering av Microsoft 365 -molntj\u00e4nster<\/h3>\t\t\t\t<\/div>\n\t\t\t\t<\/div>\n\t\t\t\t<div class=\"elementor-element elementor-element-051f079 elementor-widget elementor-widget-text-editor\" data-id=\"051f079\" data-element_type=\"widget\" data-e-type=\"widget\" data-widget_type=\"text-editor.default\">\n\t\t\t\t<div class=\"elementor-widget-container\">\n\t\t\t\t\t\t\t\t\t<p>Det l\u00f6nar sig \u00e4ven att skydda f\u00f6retagsuppgifter, som finns i molntj\u00e4nster. Microsoft 365 -tj\u00e4nsten inneh\u00e5ller inte s\u00e4kerhetskopiering av filer, utan endast skr\u00e4pkorg och versionshistoria f\u00f6r en begr\u00e4nsad tid. I Microsoft 365 s\u00e4kerhetstj\u00e4nsten kopieras uppgifterna enkelt, tryggt och automatiskt, och filerna kan vid behov \u00e5terh\u00e4mtas omedelbart.<\/p>\t\t\t\t\t\t\t\t<\/div>\n\t\t\t\t<\/div>\n\t\t\t\t<div class=\"elementor-element elementor-element-6f5b9a8 elementor-widget elementor-widget-heading\" data-id=\"6f5b9a8\" data-element_type=\"widget\" data-e-type=\"widget\" data-widget_type=\"heading.default\">\n\t\t\t\t<div class=\"elementor-widget-container\">\n\t\t\t\t\t<h4 class=\"elementor-heading-title elementor-size-medium\">Varf\u00f6r b\u00f6r man s\u00e4kerhetskopiera \u00e4ven Microsoft 365 -uppgifter?<\/h4>\t\t\t\t<\/div>\n\t\t\t\t<\/div>\n\t\t\t\t<div class=\"elementor-element elementor-element-cfa95df elementor-widget elementor-widget-text-editor\" data-id=\"cfa95df\" data-element_type=\"widget\" data-e-type=\"widget\" data-widget_type=\"text-editor.default\">\n\t\t\t\t<div class=\"elementor-widget-container\">\n\t\t\t\t\t\t\t\t\t<p>N\u00e4r uppgifterna \u00f6verf\u00f6rs till molnet, \u00e4r m\u00e5nga organisationer omedvetna om, att de fortfarande \u00e4r ansvariga f\u00f6r sina uppgifter, oberoende var uppgifterna befinner sig. Utpressningsskadeprogram kan attackera \u00e4ven dina uppgifter i molntj\u00e4nsten.<\/p><p>En allm\u00e4nnare risk \u00e4r dock m\u00e4nskliga misstag, som arbetarna g\u00f6r: anv\u00e4ndaren kan i misstag radera filer eller g\u00f6ra icke \u00f6nskade \u00e4ndringar i delade filer, varmed viktig information kan f\u00f6rsvinna. Via s\u00e4kerhetstj\u00e4nsten f\u00e5r du uppgifter beh\u00e4ndigt laddat ner \u00e4ven under serviceavbrott.<\/p>\t\t\t\t\t\t\t\t<\/div>\n\t\t\t\t<\/div>\n\t\t\t\t<\/div>\n\t\t<div class=\"elementor-element elementor-element-6fbbd43 e-con-full e-flex e-con e-parent\" data-id=\"6fbbd43\" data-element_type=\"container\" data-e-type=\"container\">\n\t\t\t\t<\/div>\n\t\t\t\t\t<\/div>\n\t\t\t\t<\/div>\n\t\t\t\t<\/div>\n\t\t","protected":false},"excerpt":{"rendered":"<p>ICT-tj\u00e4nster till f\u00f6retag Dataskydd Dataskyddstj\u00e4nster &#8211; skydd f\u00f6r den dagliga ICT-verksamheten Den fientliga verksamheten \u00f6kar hela tiden i internet och i datan\u00e4ten. I dag \u00e4r det n\u00f6dv\u00e4ndigt att skydda verksamheten, datauppgifter och program. Av oss f\u00e5r du till ditt f\u00f6retag WithSecure\u2122 dataskyddstj\u00e4nster,\u00a0brandmurstj\u00e4nster och s\u00e4kerhetskopieringstj\u00e4nster. De fasta m\u00e5nadsavgifterna kan l\u00e4tt budgeteras. Fr\u00e5ga mera WithSecure\u2122 molntj\u00e4nsten skyddar [&hellip;]<\/p>\n","protected":false},"author":4,"featured_media":0,"parent":0,"menu_order":0,"comment_status":"closed","ping_status":"closed","template":"","meta":{"iawp_total_views":1,"footnotes":""},"class_list":["post-2188","page","type-page","status-publish","hentry"],"_links":{"self":[{"href":"https:\/\/lponet.fi\/yrityksille\/wp-json\/wp\/v2\/pages\/2188","targetHints":{"allow":["GET"]}}],"collection":[{"href":"https:\/\/lponet.fi\/yrityksille\/wp-json\/wp\/v2\/pages"}],"about":[{"href":"https:\/\/lponet.fi\/yrityksille\/wp-json\/wp\/v2\/types\/page"}],"author":[{"embeddable":true,"href":"https:\/\/lponet.fi\/yrityksille\/wp-json\/wp\/v2\/users\/4"}],"replies":[{"embeddable":true,"href":"https:\/\/lponet.fi\/yrityksille\/wp-json\/wp\/v2\/comments?post=2188"}],"version-history":[{"count":0,"href":"https:\/\/lponet.fi\/yrityksille\/wp-json\/wp\/v2\/pages\/2188\/revisions"}],"wp:attachment":[{"href":"https:\/\/lponet.fi\/yrityksille\/wp-json\/wp\/v2\/media?parent=2188"}],"curies":[{"name":"wp","href":"https:\/\/api.w.org\/{rel}","templated":true}]}}