{"id":2247,"date":"2023-02-17T12:59:24","date_gmt":"2023-02-17T10:59:24","guid":{"rendered":"https:\/\/lponet.fi\/yrityksille\/?page_id=2247"},"modified":"2023-02-17T12:59:24","modified_gmt":"2023-02-17T10:59:24","slug":"molntjanster-program","status":"publish","type":"page","link":"https:\/\/lponet.fi\/yrityksille\/sv\/molntjanster-program\/","title":{"rendered":"Molntj\u00e4nster &#038; program"},"content":{"rendered":"\t\t<div data-elementor-type=\"wp-page\" data-elementor-id=\"2247\" class=\"elementor elementor-2247\" data-elementor-post-type=\"page\">\n\t\t\t\t<div class=\"elementor-element elementor-element-ff27b76 e-flex e-con-boxed e-con e-parent\" data-id=\"ff27b76\" data-element_type=\"container\" data-e-type=\"container\" data-settings=\"{&quot;background_background&quot;:&quot;classic&quot;,&quot;shape_divider_bottom&quot;:&quot;curve&quot;,&quot;shape_divider_bottom_negative&quot;:&quot;yes&quot;}\">\n\t\t\t\t\t<div class=\"e-con-inner\">\n\t\t\t\t<div class=\"elementor-shape elementor-shape-bottom\" aria-hidden=\"true\" data-negative=\"true\">\n\t\t\t<svg xmlns=\"http:\/\/www.w3.org\/2000\/svg\" viewBox=\"0 0 1000 100\" preserveAspectRatio=\"none\">\n\t<path class=\"elementor-shape-fill\" d=\"M500,97C126.7,96.3,0.8,19.8,0,0v100l1000,0V1C1000,19.4,873.3,97.8,500,97z\"\/>\n<\/svg>\t\t<\/div>\n\t\t\t\t<div class=\"elementor-element elementor-element-f2e13e2 elementor-widget elementor-widget-heading\" data-id=\"f2e13e2\" data-element_type=\"widget\" data-e-type=\"widget\" data-widget_type=\"heading.default\">\n\t\t\t\t<div class=\"elementor-widget-container\">\n\t\t\t\t\t<h2 class=\"elementor-heading-title elementor-size-small\">ICT-tj\u00e4nster till f\u00f6retag<\/h2>\t\t\t\t<\/div>\n\t\t\t\t<\/div>\n\t\t\t\t<div class=\"elementor-element elementor-element-851d591 elementor-widget elementor-widget-heading\" data-id=\"851d591\" data-element_type=\"widget\" data-e-type=\"widget\" data-widget_type=\"heading.default\">\n\t\t\t\t<div class=\"elementor-widget-container\">\n\t\t\t\t\t<h2 class=\"elementor-heading-title elementor-size-xxl\">Molntj\u00e4nster &amp; program<\/h2>\t\t\t\t<\/div>\n\t\t\t\t<\/div>\n\t\t\t\t\t<\/div>\n\t\t\t\t<\/div>\n\t\t<div class=\"elementor-element elementor-element-1c8e2c8 e-flex e-con-boxed e-con e-parent\" data-id=\"1c8e2c8\" data-element_type=\"container\" data-e-type=\"container\">\n\t\t\t\t\t<div class=\"e-con-inner\">\n\t\t<div class=\"elementor-element elementor-element-8590bae e-con-full e-flex e-con e-parent\" data-id=\"8590bae\" data-element_type=\"container\" data-e-type=\"container\">\n\t\t\t\t<div class=\"elementor-element elementor-element-173a291 elementor-widget elementor-widget-heading\" data-id=\"173a291\" data-element_type=\"widget\" data-e-type=\"widget\" data-widget_type=\"heading.default\">\n\t\t\t\t<div class=\"elementor-widget-container\">\n\t\t\t\t\t<h2 class=\"elementor-heading-title elementor-size-default\">Microsoft 365 \u2013 jobba smidigt var som helst<\/h2>\t\t\t\t<\/div>\n\t\t\t\t<\/div>\n\t\t\t\t<div class=\"elementor-element elementor-element-b09f764 elementor-widget elementor-widget-text-editor\" data-id=\"b09f764\" data-element_type=\"widget\" data-e-type=\"widget\" data-widget_type=\"text-editor.default\">\n\t\t\t\t<div class=\"elementor-widget-container\">\n\t\t\t\t\t\t\t\t\t<p>Microsoft 365 erbjuder verktygen f\u00f6r <strong>effektivt arbete och tryggt distansjobb.<\/strong> Diskussioner, samtal, videom\u00f6ten och samarbete sker i realtid, vare sig du jobbar p\u00e5 distans eller \u00e4r p\u00e5 arbetsplatsen. Med Microsoft 365 f\u00e5r du i samma paket e-posttj\u00e4nsten, delade kalendrar, samtals- och videokonferenstj\u00e4nsten, lagringsutymme samt de bekanta Office-programmen.<br \/><br \/>Microsoft 365 -applikationerna fungerar i molnet, varmed ditt f\u00f6retags alla uppgifter \u00e4r tillg\u00e4ngliga smidigt och tryggt, oberoende tid och plats \u2013 b\u00e5de med datorer och mobilapparater. Microsoft 365 -paketen finns i <strong>tre olika versioner<\/strong> enligt behov. Paketen faktureras beh\u00e4ndigt p\u00e5 m\u00e5nadsfaktureringen. Det \u00e4r enkelt att uppdatera paketen d\u00e5 f\u00f6retaget v\u00e4xer eller behoven \u00e4ndras.<br \/><br \/>I paketen, som LPOnet erbjuder, f\u00e5r du ibruktagningen och kundst\u00f6det p\u00e5 finska. Dataskyddet uppfyller <strong>EU:s strikta dataskyddsstandard<\/strong>.<\/p>\t\t\t\t\t\t\t\t<\/div>\n\t\t\t\t<\/div>\n\t\t\t\t<div class=\"elementor-element elementor-element-d8e554f elementor-widget elementor-widget-button\" data-id=\"d8e554f\" data-element_type=\"widget\" data-e-type=\"widget\" data-widget_type=\"button.default\">\n\t\t\t\t<div class=\"elementor-widget-container\">\n\t\t\t\t\t\t\t\t\t<div class=\"elementor-button-wrapper\">\n\t\t\t\t\t<a class=\"elementor-button elementor-button-link elementor-size-sm\" href=\"https:\/\/lponet.fi\/yrityksille\/sv\/kontaktuppgifter\/\">\n\t\t\t\t\t\t<span class=\"elementor-button-content-wrapper\">\n\t\t\t\t\t\t\t\t\t<span class=\"elementor-button-text\">Fr\u00e5ga mera<\/span>\n\t\t\t\t\t<\/span>\n\t\t\t\t\t<\/a>\n\t\t\t\t<\/div>\n\t\t\t\t\t\t\t\t<\/div>\n\t\t\t\t<\/div>\n\t\t\t\t<div class=\"elementor-element elementor-element-ca4c1a7 elementor-widget elementor-widget-heading\" data-id=\"ca4c1a7\" data-element_type=\"widget\" data-e-type=\"widget\" data-widget_type=\"heading.default\">\n\t\t\t\t<div class=\"elementor-widget-container\">\n\t\t\t\t\t<h3 class=\"elementor-heading-title elementor-size-default\">Vilket Microsoft 365 -paket passar ditt f\u00f6retag b\u00e4st? Se paketinneh\u00e5llen nedan<\/h3>\t\t\t\t<\/div>\n\t\t\t\t<\/div>\n\t\t\t\t<\/div>\n\t\t<div class=\"elementor-element elementor-element-1ef424e e-con-full e-flex e-con e-parent\" data-id=\"1ef424e\" data-element_type=\"container\" data-e-type=\"container\">\n\t\t\t\t<div class=\"elementor-element elementor-element-91fdbaa elementor-widget elementor-widget-image\" data-id=\"91fdbaa\" data-element_type=\"widget\" data-e-type=\"widget\" data-widget_type=\"image.default\">\n\t\t\t\t<div class=\"elementor-widget-container\">\n\t\t\t\t\t\t\t\t\t\t\t\t\t\t\t<img fetchpriority=\"high\" decoding=\"async\" width=\"800\" height=\"534\" src=\"https:\/\/lponet.fi\/yrityksille\/wp-content\/uploads\/2023\/01\/lponet_laiteleasing-1024x683.jpeg\" class=\"attachment-large size-large wp-image-1722\" alt=\"LPOnet laiteleasing - ICT-palvelut yrityksille It\u00e4-Uusimaa\" srcset=\"https:\/\/lponet.fi\/yrityksille\/wp-content\/uploads\/2023\/01\/lponet_laiteleasing-1024x683.jpeg 1024w, https:\/\/lponet.fi\/yrityksille\/wp-content\/uploads\/2023\/01\/lponet_laiteleasing-300x200.jpeg 300w, https:\/\/lponet.fi\/yrityksille\/wp-content\/uploads\/2023\/01\/lponet_laiteleasing-768x512.jpeg 768w, https:\/\/lponet.fi\/yrityksille\/wp-content\/uploads\/2023\/01\/lponet_laiteleasing-1536x1025.jpeg 1536w, https:\/\/lponet.fi\/yrityksille\/wp-content\/uploads\/2023\/01\/lponet_laiteleasing.jpeg 1920w\" sizes=\"(max-width: 800px) 100vw, 800px\" \/>\t\t\t\t\t\t\t\t\t\t\t\t\t\t\t<\/div>\n\t\t\t\t<\/div>\n\t\t\t\t<div class=\"elementor-element elementor-element-86aae4f elementor-widget elementor-widget-image\" data-id=\"86aae4f\" data-element_type=\"widget\" data-e-type=\"widget\" data-widget_type=\"image.default\">\n\t\t\t\t<div class=\"elementor-widget-container\">\n\t\t\t\t\t\t\t\t\t\t\t\t\t\t\t<img decoding=\"async\" width=\"500\" height=\"281\" src=\"https:\/\/lponet.fi\/yrityksille\/wp-content\/uploads\/2023\/01\/Microsoft-Logo_www.jpg\" class=\"attachment-large size-large wp-image-1010\" alt=\"\" srcset=\"https:\/\/lponet.fi\/yrityksille\/wp-content\/uploads\/2023\/01\/Microsoft-Logo_www.jpg 500w, https:\/\/lponet.fi\/yrityksille\/wp-content\/uploads\/2023\/01\/Microsoft-Logo_www-300x169.jpg 300w\" sizes=\"(max-width: 500px) 100vw, 500px\" \/>\t\t\t\t\t\t\t\t\t\t\t\t\t\t\t<\/div>\n\t\t\t\t<\/div>\n\t\t\t\t<\/div>\n\t\t\t\t\t<\/div>\n\t\t\t\t<\/div>\n\t\t<div class=\"elementor-element elementor-element-90c6cf0 e-flex e-con-boxed e-con e-parent\" data-id=\"90c6cf0\" data-element_type=\"container\" data-e-type=\"container\" data-settings=\"{&quot;background_background&quot;:&quot;classic&quot;}\">\n\t\t\t\t\t<div class=\"e-con-inner\">\n\t\t\t\t<div class=\"elementor-element elementor-element-3f9c98e elementor-widget elementor-widget-heading\" data-id=\"3f9c98e\" data-element_type=\"widget\" data-e-type=\"widget\" data-widget_type=\"heading.default\">\n\t\t\t\t<div class=\"elementor-widget-container\">\n\t\t\t\t\t<h2 class=\"elementor-heading-title elementor-size-default\">Microsoft 365 Business Basic<\/h2>\t\t\t\t<\/div>\n\t\t\t\t<\/div>\n\t\t\t\t\t<\/div>\n\t\t\t\t<\/div>\n\t\t<div class=\"elementor-element elementor-element-785d8d1 e-flex e-con-boxed e-con e-parent\" data-id=\"785d8d1\" data-element_type=\"container\" data-e-type=\"container\" data-settings=\"{&quot;background_background&quot;:&quot;classic&quot;}\">\n\t\t\t\t\t<div class=\"e-con-inner\">\n\t\t<div class=\"elementor-element elementor-element-9c87925 e-con-full e-flex e-con e-parent\" data-id=\"9c87925\" data-element_type=\"container\" data-e-type=\"container\">\n\t\t\t\t<div class=\"elementor-element elementor-element-7cbd353 elementor-widget elementor-widget-text-editor\" data-id=\"7cbd353\" data-element_type=\"widget\" data-e-type=\"widget\" data-widget_type=\"text-editor.default\">\n\t\t\t\t<div class=\"elementor-widget-container\">\n\t\t\t\t\t\t\t\t\t<p>E-posttj\u00e4nst f\u00f6r f\u00f6retagsbruk och delade kalendrar, som fungerar med alla apparater, var och n\u00e4r som helst \u2013 dessutom verktyg f\u00f6r konferens- och teamarbete.<\/p><p>\u2022 <strong>Outlook e-posttj\u00e4nst<\/strong>, med 50 Gb e-postl\u00e5da f\u00f6r varje anv\u00e4ndare samt delade kalendrar<br \/>\u2013 synkronisering av e-post, kalendrar och kontaktuppgifter i alla apparater i realtid<br \/>\u2013 kalendrarna kan delas inom f\u00f6retaget bland kollegorna \u2013 du kan se vem som \u00e4r ledig eller upptagen<br \/>\u2022 <strong>Office Online<\/strong> \u2013 hantera Office-filer i webbl\u00e4saren i realtid samtidigt med andra<br \/>\u2013 inneh\u00e5ller \u00e4ven Office-applikationernas mobilversioner f\u00f6r fem telefoner och fem tabletter per anv\u00e4ndare<br \/>\u2022 <strong>Teams<\/strong> \u2013 videokonferenser och snabbmeddelanden<br \/>\u2013 organisering av n\u00e4tkonferenser och videosamtal med upp till 300 anv\u00e4ndare<br \/>\u2013 teamets diskussioner, m\u00f6ten, filer och applikationer p\u00e5 ett st\u00e4lle, f\u00f6r att underl\u00e4tta uppr\u00e4tth\u00e5llandet av kontakter och sambruket<br \/>\u2022 <strong>OneDrive-lagringsutrymme<\/strong> \u2013 1 TB per anv\u00e4ndare<br \/>\u2013 en koncentrerad lagringsplats f\u00f6r arbetsfiler<br \/>\u2013 filerna, som \u00e4r lagrade i OneDrive, \u00e4r tillg\u00e4ngliga n\u00e4stan var som helst med olika apparater<br \/>\u2013 filerna kan delas inom organisationen och med utomst\u00e5ende personer, och till varje fil kan skilt anges l\u00e4s- och \u00e4ndringsr\u00e4ttigheter<br \/>\u2022 <strong>SharePoint<\/strong> l\u00f6sningen f\u00f6r inneh\u00e5llshantering och samarbete<br \/>\u2013 med hj\u00e4lp av SharePoint kan organisationerna skapa sidor, och anv\u00e4nda detta som en trygg plattform till att spara, organisera och dela information. Filerna \u00e4r tillg\u00e4ngliga n\u00e4stan med vilken apparat som helst.<br \/>\u2022 <strong>Planner<\/strong> till att organisera och planera uppgifter<br \/>\u2022 <strong>Forms<\/strong> till att samla respons av kunder och arbetare<br \/>\u2022 <strong>Finskspr\u00e5kig ibruktagning och kundst\u00f6d<\/strong><br \/>\u2022 H\u00f6gklassigt dataskydd. Tj\u00e4nsten uppfyller <strong>EU:s strikta dataskyddsstandard<\/strong>.<\/p>\t\t\t\t\t\t\t\t<\/div>\n\t\t\t\t<\/div>\n\t\t\t\t<\/div>\n\t\t<div class=\"elementor-element elementor-element-a3395a8 e-con-full e-flex e-con e-parent\" data-id=\"a3395a8\" data-element_type=\"container\" data-e-type=\"container\">\n\t\t\t\t<div class=\"elementor-element elementor-element-7e5072b elementor-widget elementor-widget-heading\" data-id=\"7e5072b\" data-element_type=\"widget\" data-e-type=\"widget\" data-widget_type=\"heading.default\">\n\t\t\t\t<div class=\"elementor-widget-container\">\n\t\t\t\t\t<h3 class=\"elementor-heading-title elementor-size-medium\">produktinfo i pdf-format:<\/h3>\t\t\t\t<\/div>\n\t\t\t\t<\/div>\n\t\t\t\t<div class=\"elementor-element elementor-element-1e5e3ab elementor-widget elementor-widget-button\" data-id=\"1e5e3ab\" data-element_type=\"widget\" data-e-type=\"widget\" data-widget_type=\"button.default\">\n\t\t\t\t<div class=\"elementor-widget-container\">\n\t\t\t\t\t\t\t\t\t<div class=\"elementor-button-wrapper\">\n\t\t\t\t\t<a class=\"elementor-button elementor-button-link elementor-size-sm\" href=\"https:\/\/lponet.fi\/yrityksille\/wp-content\/uploads\/2023\/02\/LPOnet_Microsoft_365_Business_Basic_SE.pdf\" target=\"_blank\">\n\t\t\t\t\t\t<span class=\"elementor-button-content-wrapper\">\n\t\t\t\t\t\t\t\t\t<span class=\"elementor-button-text\">Microsoft 365 Business Basic<\/span>\n\t\t\t\t\t<\/span>\n\t\t\t\t\t<\/a>\n\t\t\t\t<\/div>\n\t\t\t\t\t\t\t\t<\/div>\n\t\t\t\t<\/div>\n\t\t\t\t<\/div>\n\t\t\t\t\t<\/div>\n\t\t\t\t<\/div>\n\t\t<div class=\"elementor-element elementor-element-0d71495 e-flex e-con-boxed e-con e-parent\" data-id=\"0d71495\" data-element_type=\"container\" data-e-type=\"container\">\n\t\t\t\t\t<div class=\"e-con-inner\">\n\t\t\t\t<div class=\"elementor-element elementor-element-fcff010 elementor-widget elementor-widget-heading\" data-id=\"fcff010\" data-element_type=\"widget\" data-e-type=\"widget\" data-widget_type=\"heading.default\">\n\t\t\t\t<div class=\"elementor-widget-container\">\n\t\t\t\t\t<h2 class=\"elementor-heading-title elementor-size-default\">Microsoft 365 Business Standard<\/h2>\t\t\t\t<\/div>\n\t\t\t\t<\/div>\n\t\t\t\t\t<\/div>\n\t\t\t\t<\/div>\n\t\t<div class=\"elementor-element elementor-element-f4846b2 e-flex e-con-boxed e-con e-parent\" data-id=\"f4846b2\" data-element_type=\"container\" data-e-type=\"container\">\n\t\t\t\t\t<div class=\"e-con-inner\">\n\t\t<div class=\"elementor-element elementor-element-d20fd5e e-con-full e-flex e-con e-parent\" data-id=\"d20fd5e\" data-element_type=\"container\" data-e-type=\"container\">\n\t\t\t\t<div class=\"elementor-element elementor-element-2daab61 elementor-widget elementor-widget-text-editor\" data-id=\"2daab61\" data-element_type=\"widget\" data-e-type=\"widget\" data-widget_type=\"text-editor.default\">\n\t\t\t\t<div class=\"elementor-widget-container\">\n\t\t\t\t\t\t\t\t\t<p>Alla Office-verktyg, som ditt f\u00f6retag beh\u00f6ver, var som helst och n\u00e4r som helst. Med en enda m\u00e5nadsavgift.<\/p><p>\u2022 <strong>Office<\/strong> programpaketens fullst\u00e4ndiga versioner f\u00f6r alla apparater \u2013 datorer, smarttelefoner och tabletter<br \/>\u2013 Microsoft Word, Excel, PowerPoint, Outlook, OneNote<br \/>\u2013 varje anv\u00e4ndare kan installera egna applikationer i fem PC- eller Mac -datorer, fem smarttelefoner och fem tabletter (iOS och Android-4)<br \/>\u2013 alltid de nyaste tillg\u00e4ngliga versionerna av Office-applikationerna<br \/>\u2013 Office-filernas bearbetning lyckas \u00e4ven i n\u00e4tet i realtid med vem som helst och var som helst<br \/>\u2022 <strong>Outlook<\/strong> e-posttj\u00e4nst, med 50 Gb e-postl\u00e5da f\u00f6r varje anv\u00e4ndare samt delade kalendrar<br \/>\u2013 synkronisering av e-post, kalendrar och kontaktuppgifter i alla apparater i realtid<br \/>\u2013 kalendrarna kan delas inom f\u00f6retaget bland kollegorna \u2013 du kan se vem som \u00e4r ledig eller upptagen<br \/>\u2022 <strong>Teams<\/strong> \u2013 videokonferenser och snabbmeddelanden<br \/>\u2013 organisering av n\u00e4tkonferenser och videosamtal med upp till 300 anv\u00e4ndare<br \/>\u2013 teamets diskussioner, m\u00f6ten, filer och applikationer p\u00e5 ett st\u00e4lle, f\u00f6r att underl\u00e4tta uppr\u00e4tth\u00e5llandet av kontakter och sambruket<br \/>\u2022 <strong>OneDrive-lagringsutrymme<\/strong> \u2013 1 TB per anv\u00e4ndare<br \/>\u2013 en koncentrerad lagringsplats f\u00f6r arbetsfiler<br \/>\u2013 filerna, som \u00e4r lagrade i OneDrive, \u00e4r tillg\u00e4ngliga n\u00e4stan var som helst med olika apparater<br \/>\u2013 filerna kan delas inom organisationen och med utomst\u00e5ende personer, och till varje fil kan skilt anges l\u00e4s- och \u00e4ndringsr\u00e4ttigheter<br \/>\u2022 <strong>SharePoint<\/strong> l\u00f6sningen f\u00f6r inneh\u00e5llshantering och samarbete<br \/>\u2013 med hj\u00e4lp av SharePoint kan organisationerna skapa sidor, och anv\u00e4nda detta som en trygg plattform till att spara, organisera och dela information. Filerna \u00e4r tillg\u00e4ngliga n\u00e4stan med vilken apparat som helst.<br \/>\u2022 <strong>Planner<\/strong> till att organisera och planera uppgifter<br \/>\u2022 <strong>Forms<\/strong> till att samla respons av kunder och arbetare<br \/>\u2022 <strong>Bookings online<\/strong>-tidsbokningssystem till att reservera och hantera m\u00f6testider<br \/>\u2022 <strong>Finskspr\u00e5kig ibruktagning och kundst\u00f6d<\/strong><br \/>\u2022 H\u00f6gklassigt dataskydd. Tj\u00e4nsten uppfyller <strong>EU:s strikta dataskyddsstandard.<\/strong><\/p>\t\t\t\t\t\t\t\t<\/div>\n\t\t\t\t<\/div>\n\t\t\t\t<\/div>\n\t\t<div class=\"elementor-element elementor-element-60b1b93 e-con-full e-flex e-con e-parent\" data-id=\"60b1b93\" data-element_type=\"container\" data-e-type=\"container\">\n\t\t\t\t<div class=\"elementor-element elementor-element-e33dcf5 elementor-widget elementor-widget-heading\" data-id=\"e33dcf5\" data-element_type=\"widget\" data-e-type=\"widget\" data-widget_type=\"heading.default\">\n\t\t\t\t<div class=\"elementor-widget-container\">\n\t\t\t\t\t<h3 class=\"elementor-heading-title elementor-size-medium\">Produktinfo i PDF-format:<\/h3>\t\t\t\t<\/div>\n\t\t\t\t<\/div>\n\t\t\t\t<div class=\"elementor-element elementor-element-d1012aa elementor-widget elementor-widget-button\" data-id=\"d1012aa\" data-element_type=\"widget\" data-e-type=\"widget\" data-widget_type=\"button.default\">\n\t\t\t\t<div class=\"elementor-widget-container\">\n\t\t\t\t\t\t\t\t\t<div class=\"elementor-button-wrapper\">\n\t\t\t\t\t<a class=\"elementor-button elementor-button-link elementor-size-sm\" href=\"https:\/\/lponet.fi\/yrityksille\/wp-content\/uploads\/2023\/02\/LPOnet_Microsoft_365_Business_Standard_SE.pdf\" target=\"_blank\">\n\t\t\t\t\t\t<span class=\"elementor-button-content-wrapper\">\n\t\t\t\t\t\t\t\t\t<span class=\"elementor-button-text\">Microsoft 365 Business Standard<\/span>\n\t\t\t\t\t<\/span>\n\t\t\t\t\t<\/a>\n\t\t\t\t<\/div>\n\t\t\t\t\t\t\t\t<\/div>\n\t\t\t\t<\/div>\n\t\t\t\t<\/div>\n\t\t\t\t\t<\/div>\n\t\t\t\t<\/div>\n\t\t<div class=\"elementor-element elementor-element-5c66ac8 e-flex e-con-boxed e-con e-parent\" data-id=\"5c66ac8\" data-element_type=\"container\" data-e-type=\"container\" data-settings=\"{&quot;background_background&quot;:&quot;classic&quot;}\">\n\t\t\t\t\t<div class=\"e-con-inner\">\n\t\t\t\t<div class=\"elementor-element elementor-element-51946df elementor-widget elementor-widget-heading\" data-id=\"51946df\" data-element_type=\"widget\" data-e-type=\"widget\" data-widget_type=\"heading.default\">\n\t\t\t\t<div class=\"elementor-widget-container\">\n\t\t\t\t\t<h2 class=\"elementor-heading-title elementor-size-default\">Microsoft 365 Apps for Business<\/h2>\t\t\t\t<\/div>\n\t\t\t\t<\/div>\n\t\t\t\t\t<\/div>\n\t\t\t\t<\/div>\n\t\t<div class=\"elementor-element elementor-element-fa9d8bc e-flex e-con-boxed e-con e-parent\" data-id=\"fa9d8bc\" data-element_type=\"container\" data-e-type=\"container\" data-settings=\"{&quot;background_background&quot;:&quot;classic&quot;}\">\n\t\t\t\t\t<div class=\"e-con-inner\">\n\t\t<div class=\"elementor-element elementor-element-ffe1729 e-con-full e-flex e-con e-parent\" data-id=\"ffe1729\" data-element_type=\"container\" data-e-type=\"container\">\n\t\t\t\t<div class=\"elementor-element elementor-element-0c24e81 elementor-widget elementor-widget-text-editor\" data-id=\"0c24e81\" data-element_type=\"widget\" data-e-type=\"widget\" data-widget_type=\"text-editor.default\">\n\t\t\t\t<div class=\"elementor-widget-container\">\n\t\t\t\t\t\t\t\t\t<p>Fullst\u00e4ndigt Office-programpaket, som alltid \u00e4r \u00e1 jour, inklusive mobila appar f\u00f6r tabletter och telefoner, samt mycket lagringsutrymme. Med en enda m\u00e5nadsavgift.<\/p><p>\u2022 <strong>Office<\/strong> <strong>programpaketens fullst\u00e4ndiga versioner f\u00f6r alla apparater<\/strong> \u2013 datorer, smarttelefoner och tabletter<br \/>\u2013 Microsoft Word, Excel, PowerPoint, Outlook, OneNote<br \/>\u2013 varje anv\u00e4ndare kan installera egna applikationer i fem PC- eller Mac -datorer, fem smarttelefoner och fem tabletter (iOS och Android-4)<br \/>\u2013 alltid de nyaste tillg\u00e4ngliga versionerna av Office-applikationerna<br \/>\u2013 Office-filernas bearbetning lyckas \u00e4ven i n\u00e4tet i realtid med vem som helst och var som helst<br \/>\u2022 <strong>OneDrive-lagringsutrymme<\/strong> \u2013 1 TB per anv\u00e4ndare<br \/>\u2013 en koncentrerad lagringsplats f\u00f6r arbetsfiler<br \/>\u2013 filerna, som \u00e4r lagrade i OneDrive, \u00e4r tillg\u00e4ngliga n\u00e4stan var som helst med olika apparater<br \/>\u2013 filerna kan delas inom organisationen och med utomst\u00e5ende personer, och till varje fil kan skilt anges l\u00e4s- och \u00e4ndringsr\u00e4ttigheter<br \/>\u2022 <strong>Finskspr\u00e5kig ibruktagning och kundst\u00f6d<\/strong><br \/>\u2022 H\u00f6gklassigt dataskydd. Tj\u00e4nsten uppfyller <strong>EU:s strikta dataskyddsstandard.<\/strong><\/p>\t\t\t\t\t\t\t\t<\/div>\n\t\t\t\t<\/div>\n\t\t\t\t<\/div>\n\t\t<div class=\"elementor-element elementor-element-4444376 e-con-full e-flex e-con e-parent\" data-id=\"4444376\" data-element_type=\"container\" data-e-type=\"container\">\n\t\t\t\t<div class=\"elementor-element elementor-element-ef326d4 elementor-widget elementor-widget-heading\" data-id=\"ef326d4\" data-element_type=\"widget\" data-e-type=\"widget\" data-widget_type=\"heading.default\">\n\t\t\t\t<div class=\"elementor-widget-container\">\n\t\t\t\t\t<h3 class=\"elementor-heading-title elementor-size-medium\">Produktinfo i PDF-format:<\/h3>\t\t\t\t<\/div>\n\t\t\t\t<\/div>\n\t\t\t\t<div class=\"elementor-element elementor-element-8869684 elementor-widget elementor-widget-button\" data-id=\"8869684\" data-element_type=\"widget\" data-e-type=\"widget\" data-widget_type=\"button.default\">\n\t\t\t\t<div class=\"elementor-widget-container\">\n\t\t\t\t\t\t\t\t\t<div class=\"elementor-button-wrapper\">\n\t\t\t\t\t<a class=\"elementor-button elementor-button-link elementor-size-sm\" href=\"https:\/\/lponet.fi\/yrityksille\/wp-content\/uploads\/2023\/02\/LPOnet_Microsoft_365_Apps_for_business_SE.pdf\" target=\"_blank\">\n\t\t\t\t\t\t<span class=\"elementor-button-content-wrapper\">\n\t\t\t\t\t\t\t\t\t<span class=\"elementor-button-text\">Microsoft 365 Apps for Business<\/span>\n\t\t\t\t\t<\/span>\n\t\t\t\t\t<\/a>\n\t\t\t\t<\/div>\n\t\t\t\t\t\t\t\t<\/div>\n\t\t\t\t<\/div>\n\t\t\t\t<\/div>\n\t\t\t\t\t<\/div>\n\t\t\t\t<\/div>\n\t\t\t\t<\/div>\n\t\t","protected":false},"excerpt":{"rendered":"<p>ICT-tj\u00e4nster till f\u00f6retag Molntj\u00e4nster &#038; program Microsoft 365 \u2013 jobba smidigt var som helst Microsoft 365 erbjuder verktygen f\u00f6r effektivt arbete och tryggt distansjobb. Diskussioner, samtal, videom\u00f6ten och samarbete sker i realtid, vare sig du jobbar p\u00e5 distans eller \u00e4r p\u00e5 arbetsplatsen. Med Microsoft 365 f\u00e5r du i samma paket e-posttj\u00e4nsten, delade kalendrar, samtals- och [&hellip;]<\/p>\n","protected":false},"author":4,"featured_media":0,"parent":0,"menu_order":0,"comment_status":"closed","ping_status":"closed","template":"","meta":{"iawp_total_views":2,"footnotes":""},"class_list":["post-2247","page","type-page","status-publish","hentry"],"_links":{"self":[{"href":"https:\/\/lponet.fi\/yrityksille\/wp-json\/wp\/v2\/pages\/2247","targetHints":{"allow":["GET"]}}],"collection":[{"href":"https:\/\/lponet.fi\/yrityksille\/wp-json\/wp\/v2\/pages"}],"about":[{"href":"https:\/\/lponet.fi\/yrityksille\/wp-json\/wp\/v2\/types\/page"}],"author":[{"embeddable":true,"href":"https:\/\/lponet.fi\/yrityksille\/wp-json\/wp\/v2\/users\/4"}],"replies":[{"embeddable":true,"href":"https:\/\/lponet.fi\/yrityksille\/wp-json\/wp\/v2\/comments?post=2247"}],"version-history":[{"count":0,"href":"https:\/\/lponet.fi\/yrityksille\/wp-json\/wp\/v2\/pages\/2247\/revisions"}],"wp:attachment":[{"href":"https:\/\/lponet.fi\/yrityksille\/wp-json\/wp\/v2\/media?parent=2247"}],"curies":[{"name":"wp","href":"https:\/\/api.w.org\/{rel}","templated":true}]}}