{"id":234,"date":"2023-01-26T09:42:50","date_gmt":"2023-01-26T07:42:50","guid":{"rendered":"https:\/\/lponet.fi\/yrityksille\/?page_id=234"},"modified":"2026-01-29T14:09:58","modified_gmt":"2026-01-29T12:09:58","slug":"operaattoreille","status":"publish","type":"page","link":"https:\/\/lponet.fi\/yrityksille\/operaattoreille\/","title":{"rendered":"Operaattoreille"},"content":{"rendered":"\t\t<div data-elementor-type=\"wp-page\" data-elementor-id=\"234\" class=\"elementor elementor-234\" data-elementor-post-type=\"page\">\n\t\t\t\t<div class=\"elementor-element elementor-element-343687f e-flex e-con-boxed e-con e-parent\" data-id=\"343687f\" data-element_type=\"container\" data-e-type=\"container\" data-settings=\"{&quot;background_background&quot;:&quot;classic&quot;,&quot;shape_divider_bottom&quot;:&quot;curve&quot;,&quot;shape_divider_bottom_negative&quot;:&quot;yes&quot;}\">\n\t\t\t\t\t<div class=\"e-con-inner\">\n\t\t\t\t<div class=\"elementor-shape elementor-shape-bottom\" aria-hidden=\"true\" data-negative=\"true\">\n\t\t\t<svg xmlns=\"http:\/\/www.w3.org\/2000\/svg\" viewBox=\"0 0 1000 100\" preserveAspectRatio=\"none\">\n\t<path class=\"elementor-shape-fill\" d=\"M500,97C126.7,96.3,0.8,19.8,0,0v100l1000,0V1C1000,19.4,873.3,97.8,500,97z\"\/>\n<\/svg>\t\t<\/div>\n\t\t\t\t<div class=\"elementor-element elementor-element-4108799 elementor-widget elementor-widget-heading\" data-id=\"4108799\" data-element_type=\"widget\" data-e-type=\"widget\" data-widget_type=\"heading.default\">\n\t\t\t\t<div class=\"elementor-widget-container\">\n\t\t\t\t\t<h2 class=\"elementor-heading-title elementor-size-small\">ICT-palvelut yrityksille<\/h2>\t\t\t\t<\/div>\n\t\t\t\t<\/div>\n\t\t\t\t<div class=\"elementor-element elementor-element-bc9faf9 elementor-widget elementor-widget-heading\" data-id=\"bc9faf9\" data-element_type=\"widget\" data-e-type=\"widget\" data-widget_type=\"heading.default\">\n\t\t\t\t<div class=\"elementor-widget-container\">\n\t\t\t\t\t<h2 class=\"elementor-heading-title elementor-size-xxl\">Operaattoreille<\/h2>\t\t\t\t<\/div>\n\t\t\t\t<\/div>\n\t\t\t\t\t<\/div>\n\t\t\t\t<\/div>\n\t\t<div class=\"elementor-element elementor-element-268aba7 e-flex e-con-boxed e-con e-parent\" data-id=\"268aba7\" data-element_type=\"container\" data-e-type=\"container\">\n\t\t\t\t\t<div class=\"e-con-inner\">\n\t\t<div class=\"elementor-element elementor-element-a8810f7 e-con-full e-flex e-con e-child\" data-id=\"a8810f7\" data-element_type=\"container\" data-e-type=\"container\">\n\t\t\t\t<div class=\"elementor-element elementor-element-fd4200e elementor-widget elementor-widget-heading\" data-id=\"fd4200e\" data-element_type=\"widget\" data-e-type=\"widget\" data-widget_type=\"heading.default\">\n\t\t\t\t<div class=\"elementor-widget-container\">\n\t\t\t\t\t<h2 class=\"elementor-heading-title elementor-size-large\">T\u00e4\u00e4lt\u00e4 l\u00f6ytyy operaattoreille tarkoitetut hinnastot ja dokumentit.<\/h2>\t\t\t\t<\/div>\n\t\t\t\t<\/div>\n\t\t\t\t<div class=\"elementor-element elementor-element-3f677d0 elementor-widget elementor-widget-text-editor\" data-id=\"3f677d0\" data-element_type=\"widget\" data-e-type=\"widget\" data-widget_type=\"text-editor.default\">\n\t\t\t\t<div class=\"elementor-widget-container\">\n\t\t\t\t\t\t\t\t\t<p><strong>Hinnastot<\/strong><\/p><ul><li><a href=\"https:\/\/lponet.fi\/yrityksille\/wp-content\/uploads\/2023\/01\/LPOnet-Operaattorilaajakaista-palvelukuvaus-ja-hinnasto.pdf\" target=\"_blank\" rel=\"noopener\">LPOnet Operaattorilaajakaista palvelukuvaus ja hinnasto<\/a>\u00a0(pdf)<\/li><li><a href=\"https:\/\/lponet.fi\/yrityksille\/wp-content\/uploads\/2023\/01\/LPOnet-Metro-Ethernet-palvelukuvaus-ja-hinnasto.pdf\" target=\"_blank\" rel=\"noopener\">LPOnet Metro-Ethernet palvelukuvaus ja hinnasto<\/a>\u00a0(pdf)<\/li><li><a href=\"https:\/\/lponet.fi\/yrityksille\/wp-content\/uploads\/2023\/01\/LPOnet-liityntaverkon-tuotteet-ja-hinnasto-10.3.2021.pdf\" target=\"_blank\" rel=\"noopener\">LPOnet liitynt\u00e4verkon tuotteet ja hinnasto<\/a>\u00a0(pdf)<\/li><li><a href=\"https:\/\/lponet.fi\/yrityksille\/wp-content\/uploads\/2023\/01\/Yhteenliittamishinnasto-operaattoreille.pdf\" target=\"_blank\" rel=\"noopener\">Yhteenliitt\u00e4mishinnasto operaattoreille<\/a>\u00a0(pdf)<\/li><li><a href=\"https:\/\/lponet.fi\/yrityksille\/wp-content\/uploads\/2026\/01\/LPOnet-VULA-palvelu-1.1.2026.pdf\">Vula-palvelu<\/a> (pdf)<\/li><\/ul><p><strong>Ehdot ja rajapinnat<\/strong><\/p><ul><li><a href=\"https:\/\/lponet.fi\/yrityksille\/wp-content\/uploads\/2023\/01\/Viestintaverkon-tekniset-rajapinnat-operaattoreille.pdf\" target=\"_blank\" rel=\"noopener\">Viestint\u00e4verkon tekniset rajapinnat operaattoreille<\/a>\u00a0(pdf)<\/li><li><a href=\"https:\/\/lponet.fi\/yrityksille\/wp-content\/uploads\/2023\/01\/Rinnakkaiskayton-tuotekuvaus-ja-rajapinnat-operaattoreille.pdf\" target=\"_blank\" rel=\"noopener\">Rinnakkaisk\u00e4yt\u00f6n tuotekuvaus ja rajapinnat operaattoreille<\/a>\u00a0(pdf)<\/li><\/ul><p>\u00a0<\/p>\t\t\t\t\t\t\t\t<\/div>\n\t\t\t\t<\/div>\n\t\t\t\t<div class=\"elementor-element elementor-element-86efa92 elementor-widget elementor-widget-button\" data-id=\"86efa92\" data-element_type=\"widget\" data-e-type=\"widget\" data-widget_type=\"button.default\">\n\t\t\t\t<div class=\"elementor-widget-container\">\n\t\t\t\t\t\t\t\t\t<div class=\"elementor-button-wrapper\">\n\t\t\t\t\t<a class=\"elementor-button elementor-button-link elementor-size-sm\" href=\"https:\/\/lponet.fi\/yrityksille\/yhteystiedot\/\">\n\t\t\t\t\t\t<span class=\"elementor-button-content-wrapper\">\n\t\t\t\t\t\t\t\t\t<span class=\"elementor-button-text\">Kysy lis\u00e4\u00e4 yritysmyynnist\u00e4mme<\/span>\n\t\t\t\t\t<\/span>\n\t\t\t\t\t<\/a>\n\t\t\t\t<\/div>\n\t\t\t\t\t\t\t\t<\/div>\n\t\t\t\t<\/div>\n\t\t\t\t<\/div>\n\t\t<div class=\"elementor-element elementor-element-269d249 e-con-full e-flex e-con e-child\" data-id=\"269d249\" data-element_type=\"container\" data-e-type=\"container\">\n\t\t\t\t<div class=\"elementor-element elementor-element-1e23c17 elementor-widget elementor-widget-image\" data-id=\"1e23c17\" data-element_type=\"widget\" data-e-type=\"widget\" data-widget_type=\"image.default\">\n\t\t\t\t<div class=\"elementor-widget-container\">\n\t\t\t\t\t\t\t\t\t\t\t\t\t\t\t<img fetchpriority=\"high\" decoding=\"async\" width=\"800\" height=\"450\" src=\"https:\/\/lponet.fi\/yrityksille\/wp-content\/uploads\/2023\/01\/lponet_tietoturva_ict-1024x576.jpeg\" class=\"attachment-large size-large wp-image-1593\" alt=\"Tietoturva ja ICT - ICT-palvelut yrityksille It\u00e4-Uusimaa\" srcset=\"https:\/\/lponet.fi\/yrityksille\/wp-content\/uploads\/2023\/01\/lponet_tietoturva_ict-1024x576.jpeg 1024w, https:\/\/lponet.fi\/yrityksille\/wp-content\/uploads\/2023\/01\/lponet_tietoturva_ict-300x169.jpeg 300w, https:\/\/lponet.fi\/yrityksille\/wp-content\/uploads\/2023\/01\/lponet_tietoturva_ict-768x432.jpeg 768w, https:\/\/lponet.fi\/yrityksille\/wp-content\/uploads\/2023\/01\/lponet_tietoturva_ict-1536x864.jpeg 1536w, https:\/\/lponet.fi\/yrityksille\/wp-content\/uploads\/2023\/01\/lponet_tietoturva_ict.jpeg 1920w\" sizes=\"(max-width: 800px) 100vw, 800px\" \/>\t\t\t\t\t\t\t\t\t\t\t\t\t\t\t<\/div>\n\t\t\t\t<\/div>\n\t\t\t\t<\/div>\n\t\t\t\t\t<\/div>\n\t\t\t\t<\/div>\n\t\t\t\t<\/div>\n\t\t","protected":false},"excerpt":{"rendered":"<p>ICT-palvelut yrityksille Operaattoreille T\u00e4\u00e4lt\u00e4 l\u00f6ytyy operaattoreille tarkoitetut hinnastot ja dokumentit. Hinnastot LPOnet Operaattorilaajakaista palvelukuvaus ja hinnasto\u00a0(pdf) LPOnet Metro-Ethernet palvelukuvaus ja hinnasto\u00a0(pdf) LPOnet liitynt\u00e4verkon tuotteet ja hinnasto\u00a0(pdf) Yhteenliitt\u00e4mishinnasto operaattoreille\u00a0(pdf) Vula-palvelu (pdf) Ehdot ja rajapinnat Viestint\u00e4verkon tekniset rajapinnat operaattoreille\u00a0(pdf) Rinnakkaisk\u00e4yt\u00f6n tuotekuvaus ja rajapinnat operaattoreille\u00a0(pdf) \u00a0 Kysy lis\u00e4\u00e4 yritysmyynnist\u00e4mme<\/p>\n","protected":false},"author":1,"featured_media":0,"parent":0,"menu_order":0,"comment_status":"closed","ping_status":"closed","template":"","meta":{"iawp_total_views":38,"footnotes":""},"class_list":["post-234","page","type-page","status-publish","hentry"],"_links":{"self":[{"href":"https:\/\/lponet.fi\/yrityksille\/wp-json\/wp\/v2\/pages\/234","targetHints":{"allow":["GET"]}}],"collection":[{"href":"https:\/\/lponet.fi\/yrityksille\/wp-json\/wp\/v2\/pages"}],"about":[{"href":"https:\/\/lponet.fi\/yrityksille\/wp-json\/wp\/v2\/types\/page"}],"author":[{"embeddable":true,"href":"https:\/\/lponet.fi\/yrityksille\/wp-json\/wp\/v2\/users\/1"}],"replies":[{"embeddable":true,"href":"https:\/\/lponet.fi\/yrityksille\/wp-json\/wp\/v2\/comments?post=234"}],"version-history":[{"count":3,"href":"https:\/\/lponet.fi\/yrityksille\/wp-json\/wp\/v2\/pages\/234\/revisions"}],"predecessor-version":[{"id":3876,"href":"https:\/\/lponet.fi\/yrityksille\/wp-json\/wp\/v2\/pages\/234\/revisions\/3876"}],"wp:attachment":[{"href":"https:\/\/lponet.fi\/yrityksille\/wp-json\/wp\/v2\/media?parent=234"}],"curies":[{"name":"wp","href":"https:\/\/api.w.org\/{rel}","templated":true}]}}