{"id":2420,"date":"2023-02-17T12:59:23","date_gmt":"2023-02-17T10:59:23","guid":{"rendered":"https:\/\/lponet.fi\/yrityksille\/?page_id=2420"},"modified":"2023-02-17T12:59:23","modified_gmt":"2023-02-17T10:59:23","slug":"olika-fakturabetalningssatt","status":"publish","type":"page","link":"https:\/\/lponet.fi\/yrityksille\/sv\/kontaktuppgifter\/olika-fakturabetalningssatt\/","title":{"rendered":"Olika fakturabetalningss\u00e4tt"},"content":{"rendered":"\t\t<div data-elementor-type=\"wp-page\" data-elementor-id=\"2420\" class=\"elementor elementor-2420\" data-elementor-post-type=\"page\">\n\t\t\t\t<div class=\"elementor-element elementor-element-30b1a91 e-flex e-con-boxed e-con e-parent\" data-id=\"30b1a91\" data-element_type=\"container\" data-e-type=\"container\" data-settings=\"{&quot;background_background&quot;:&quot;classic&quot;,&quot;shape_divider_bottom&quot;:&quot;curve&quot;,&quot;shape_divider_bottom_negative&quot;:&quot;yes&quot;}\">\n\t\t\t\t\t<div class=\"e-con-inner\">\n\t\t\t\t<div class=\"elementor-shape elementor-shape-bottom\" aria-hidden=\"true\" data-negative=\"true\">\n\t\t\t<svg xmlns=\"http:\/\/www.w3.org\/2000\/svg\" viewBox=\"0 0 1000 100\" preserveAspectRatio=\"none\">\n\t<path class=\"elementor-shape-fill\" d=\"M500,97C126.7,96.3,0.8,19.8,0,0v100l1000,0V1C1000,19.4,873.3,97.8,500,97z\"\/>\n<\/svg>\t\t<\/div>\n\t\t\t\t<div class=\"elementor-element elementor-element-14f9b6f elementor-widget elementor-widget-heading\" data-id=\"14f9b6f\" data-element_type=\"widget\" data-e-type=\"widget\" data-widget_type=\"heading.default\">\n\t\t\t\t<div class=\"elementor-widget-container\">\n\t\t\t\t\t<h2 class=\"elementor-heading-title elementor-size-small\">Kontaktuppgifter<\/h2>\t\t\t\t<\/div>\n\t\t\t\t<\/div>\n\t\t\t\t<div class=\"elementor-element elementor-element-f5192fa elementor-widget elementor-widget-heading\" data-id=\"f5192fa\" data-element_type=\"widget\" data-e-type=\"widget\" data-widget_type=\"heading.default\">\n\t\t\t\t<div class=\"elementor-widget-container\">\n\t\t\t\t\t<h1 class=\"elementor-heading-title elementor-size-xxl\">Olika fakturabetalningss\u00e4tt<\/h1>\t\t\t\t<\/div>\n\t\t\t\t<\/div>\n\t\t\t\t\t<\/div>\n\t\t\t\t<\/div>\n\t\t<div class=\"elementor-element elementor-element-6873afe e-flex e-con-boxed e-con e-parent\" data-id=\"6873afe\" data-element_type=\"container\" data-e-type=\"container\">\n\t\t\t\t\t<div class=\"e-con-inner\">\n\t\t\t\t<div class=\"elementor-element elementor-element-606e0b9 elementor-widget elementor-widget-heading\" data-id=\"606e0b9\" data-element_type=\"widget\" data-e-type=\"widget\" data-widget_type=\"heading.default\">\n\t\t\t\t<div class=\"elementor-widget-container\">\n\t\t\t\t\t<h2 class=\"elementor-heading-title elementor-size-large\">Alternativ f\u00f6r LPOnets periodfakturering \u00e4r elektroniska betalningss\u00e4tt och pappersfaktura<\/h2>\t\t\t\t<\/div>\n\t\t\t\t<\/div>\n\t\t\t\t\t<\/div>\n\t\t\t\t<\/div>\n\t\t<div class=\"elementor-element elementor-element-6c8c1dc e-flex e-con-boxed e-con e-parent\" data-id=\"6c8c1dc\" data-element_type=\"container\" data-e-type=\"container\">\n\t\t\t\t\t<div class=\"e-con-inner\">\n\t\t<div class=\"elementor-element elementor-element-c23a3f7 e-con-full e-flex e-con e-parent\" data-id=\"c23a3f7\" data-element_type=\"container\" data-e-type=\"container\">\n\t\t\t\t<div class=\"elementor-element elementor-element-f976372 elementor-view-stacked elementor-position-inline-start elementor-shape-circle elementor-mobile-position-block-start elementor-widget elementor-widget-icon-box\" data-id=\"f976372\" data-element_type=\"widget\" data-e-type=\"widget\" data-widget_type=\"icon-box.default\">\n\t\t\t\t<div class=\"elementor-widget-container\">\n\t\t\t\t\t\t\t<div class=\"elementor-icon-box-wrapper\">\n\n\t\t\t\t\t\t<div class=\"elementor-icon-box-icon\">\n\t\t\t\t<span  class=\"elementor-icon\">\n\t\t\t\t<i aria-hidden=\"true\" class=\"heroiconsoutline- heroicons-outline-banknotes\"><\/i>\t\t\t\t<\/span>\n\t\t\t<\/div>\n\t\t\t\n\t\t\t\t\t\t<div class=\"elementor-icon-box-content\">\n\n\t\t\t\t\t\t\t\t\t<h3 class=\"elementor-icon-box-title\">\n\t\t\t\t\t\t<span  >\n\t\t\t\t\t\t\tE-faktura\t\t\t\t\t\t<\/span>\n\t\t\t\t\t<\/h3>\n\t\t\t\t\n\t\t\t\t\t\t\t\t\t<p class=\"elementor-icon-box-description\">\n\t\t\t\t\t\tFakturorna kan skickas som e-fakturor till bankens internettj\u00e4nst. P\u00e5 fakturan, som kommer till n\u00e4tbanken, uppst\u00e5r ett f\u00e4rdigt betalningsf\u00f6rslag och det \u00e4r enkelt och snabbt att betala fakturan. Du kan \u00e4ven beg\u00e4ra, att banken skickar meddelande per e-post eller som textmeddelande, d\u00e5 du f\u00e5r en ny faktura till n\u00e4tbanken. Fakturorna kan \u00e4ven arkiveras i n\u00e4tbanken f\u00f6r senare behov. E-fakturaj\u00e4nsten tas i bruk i den egna n\u00e4tbanken genom att g\u00f6ra en e-fakturaanm\u00e4lning. D\u00e5 du g\u00f6r anm\u00e4lningen, bifoga kundnumret, som finns i fakturan.\t\t\t\t\t<\/p>\n\t\t\t\t\n\t\t\t<\/div>\n\t\t\t\n\t\t<\/div>\n\t\t\t\t\t\t<\/div>\n\t\t\t\t<\/div>\n\t\t\t\t<div class=\"elementor-element elementor-element-119dc70 elementor-view-stacked elementor-position-inline-start elementor-shape-circle elementor-mobile-position-block-start elementor-widget elementor-widget-icon-box\" data-id=\"119dc70\" data-element_type=\"widget\" data-e-type=\"widget\" data-widget_type=\"icon-box.default\">\n\t\t\t\t<div class=\"elementor-widget-container\">\n\t\t\t\t\t\t\t<div class=\"elementor-icon-box-wrapper\">\n\n\t\t\t\t\t\t<div class=\"elementor-icon-box-icon\">\n\t\t\t\t<span  class=\"elementor-icon\">\n\t\t\t\t<i aria-hidden=\"true\" class=\"heroiconsoutline- heroicons-outline-at-symbol\"><\/i>\t\t\t\t<\/span>\n\t\t\t<\/div>\n\t\t\t\n\t\t\t\t\t\t<div class=\"elementor-icon-box-content\">\n\n\t\t\t\t\t\t\t\t\t<h3 class=\"elementor-icon-box-title\">\n\t\t\t\t\t\t<span  >\n\t\t\t\t\t\t\tFaktura till e-posten\t\t\t\t\t\t<\/span>\n\t\t\t\t\t<\/h3>\n\t\t\t\t\n\t\t\t\t\t\t\t\t\t<p class=\"elementor-icon-box-description\">\n\t\t\t\t\t\tDu kan best\u00e4lla fakturan som pdf-bilaga till din e-post. Vid behov kan du spara eller printa ut fakturan. Om du vill ha fakturan till din e-post, meddela din e-postadress och kundnummer till e-postadressen fakturering (at) lponet.fi.\t\t\t\t\t<\/p>\n\t\t\t\t\n\t\t\t<\/div>\n\t\t\t\n\t\t<\/div>\n\t\t\t\t\t\t<\/div>\n\t\t\t\t<\/div>\n\t\t\t\t<div class=\"elementor-element elementor-element-7b6cfc9 elementor-view-stacked elementor-position-inline-start elementor-shape-circle elementor-mobile-position-block-start elementor-widget elementor-widget-icon-box\" data-id=\"7b6cfc9\" data-element_type=\"widget\" data-e-type=\"widget\" data-widget_type=\"icon-box.default\">\n\t\t\t\t<div class=\"elementor-widget-container\">\n\t\t\t\t\t\t\t<div class=\"elementor-icon-box-wrapper\">\n\n\t\t\t\t\t\t<div class=\"elementor-icon-box-icon\">\n\t\t\t\t<span  class=\"elementor-icon\">\n\t\t\t\t<i aria-hidden=\"true\" class=\"heroiconsoutline- heroicons-outline-document-text\"><\/i>\t\t\t\t<\/span>\n\t\t\t<\/div>\n\t\t\t\n\t\t\t\t\t\t<div class=\"elementor-icon-box-content\">\n\n\t\t\t\t\t\t\t\t\t<h3 class=\"elementor-icon-box-title\">\n\t\t\t\t\t\t<span  >\n\t\t\t\t\t\t\tPaperilasku\t\t\t\t\t\t<\/span>\n\t\t\t\t\t<\/h3>\n\t\t\t\t\n\t\t\t\t\t\t\t\t\t<p class=\"elementor-icon-box-description\">\n\t\t\t\t\t\tF\u00f6r pappersfaktura, som skickas till hemmet\/f\u00f6retaget, debiterar vi 1,80 \u20ac\/faktura (inkl. moms). OBS! Pappersfakturor kan ej betalas till LPOnets kundbetj\u00e4ningspunkter.\t\t\t\t\t<\/p>\n\t\t\t\t\n\t\t\t<\/div>\n\t\t\t\n\t\t<\/div>\n\t\t\t\t\t\t<\/div>\n\t\t\t\t<\/div>\n\t\t\t\t<\/div>\n\t\t<div class=\"elementor-element elementor-element-4be3936 e-con-full e-flex e-con e-parent\" data-id=\"4be3936\" data-element_type=\"container\" data-e-type=\"container\">\n\t\t\t\t<div class=\"elementor-element elementor-element-c52f0b5 elementor-view-stacked elementor-position-inline-start elementor-shape-circle elementor-mobile-position-block-start elementor-widget elementor-widget-icon-box\" data-id=\"c52f0b5\" data-element_type=\"widget\" data-e-type=\"widget\" data-widget_type=\"icon-box.default\">\n\t\t\t\t<div class=\"elementor-widget-container\">\n\t\t\t\t\t\t\t<div class=\"elementor-icon-box-wrapper\">\n\n\t\t\t\t\t\t<div class=\"elementor-icon-box-icon\">\n\t\t\t\t<span  class=\"elementor-icon\">\n\t\t\t\t<i aria-hidden=\"true\" class=\"heroiconsoutline- heroicons-outline-arrows-right-left\"><\/i>\t\t\t\t<\/span>\n\t\t\t<\/div>\n\t\t\t\n\t\t\t\t\t\t<div class=\"elementor-icon-box-content\">\n\n\t\t\t\t\t\t\t\t\t<h3 class=\"elementor-icon-box-title\">\n\t\t\t\t\t\t<span  >\n\t\t\t\t\t\t\tDirektbetalning\t\t\t\t\t\t<\/span>\n\t\t\t\t\t<\/h3>\n\t\t\t\t\n\t\t\t\t\t\t\t\t\t<p class=\"elementor-icon-box-description\">\n\t\t\t\t\t\tDirektbetalning \u00e4r ett betalningss\u00e4tt f\u00f6r dig som inte har n\u00e4tbank och d\u00e4rf\u00f6r inte kan anv\u00e4nda e-faktura. Med direktbetalningen betalar du fakturorna alltid automatiskt p\u00e5 f\u00f6rfallodagen. Du f\u00e5r en pappersfaktura fr\u00e5n LPOnet om betalningen, som debiteras p\u00e5 f\u00f6rfallodagen. Du ing\u00e5r ett avtal om direktbetalning p\u00e5 ditt eget bankkontor.\t\t\t\t\t<\/p>\n\t\t\t\t\n\t\t\t<\/div>\n\t\t\t\n\t\t<\/div>\n\t\t\t\t\t\t<\/div>\n\t\t\t\t<\/div>\n\t\t\t\t<div class=\"elementor-element elementor-element-c9696d5 elementor-view-stacked elementor-position-inline-start elementor-shape-circle elementor-mobile-position-block-start elementor-widget elementor-widget-icon-box\" data-id=\"c9696d5\" data-element_type=\"widget\" data-e-type=\"widget\" data-widget_type=\"icon-box.default\">\n\t\t\t\t<div class=\"elementor-widget-container\">\n\t\t\t\t\t\t\t<div class=\"elementor-icon-box-wrapper\">\n\n\t\t\t\t\t\t<div class=\"elementor-icon-box-icon\">\n\t\t\t\t<span  class=\"elementor-icon\">\n\t\t\t\t<i aria-hidden=\"true\" class=\"heroiconsoutline- heroicons-outline-cloud\"><\/i>\t\t\t\t<\/span>\n\t\t\t<\/div>\n\t\t\t\n\t\t\t\t\t\t<div class=\"elementor-icon-box-content\">\n\n\t\t\t\t\t\t\t\t\t<h3 class=\"elementor-icon-box-title\">\n\t\t\t\t\t\t<span  >\n\t\t\t\t\t\t\tN\u00e4tfaktura f\u00f6r f\u00f6retag\t\t\t\t\t\t<\/span>\n\t\t\t\t\t<\/h3>\n\t\t\t\t\n\t\t\t\t\t\t\t\t\t<p class=\"elementor-icon-box-description\">\n\t\t\t\t\t\tI n\u00e4tfaktureringen skickas fakturorna elektroniskt direkt till ditt f\u00f6retags ink\u00f6psfaktureringssystem. Hanteringen av fakturorna effektiveras och antalet on\u00f6diga fel minskar, d\u00e5 fakturorna behandlas elektroniskt. Den elektroniska arkiveringen minskar p\u00e5 pappersm\u00e4ngden och det manuella arbetet och uppgifterna hittas vid behov enkelt. F\u00f6r n\u00e4tfaktureringen beh\u00f6ver vi ditt f\u00f6retags n\u00e4tfaktureringsadress samt n\u00e4tfaktureringsoperat\u00f6rens eller bankens f\u00f6rmedlarkod.\t\t\t\t\t<\/p>\n\t\t\t\t\n\t\t\t<\/div>\n\t\t\t\n\t\t<\/div>\n\t\t\t\t\t\t<\/div>\n\t\t\t\t<\/div>\n\t\t\t\t<\/div>\n\t\t\t\t\t<\/div>\n\t\t\t\t<\/div>\n\t\t\t\t<\/div>\n\t\t","protected":false},"excerpt":{"rendered":"<p>Kontaktuppgifter Olika fakturabetalningss\u00e4tt Alternativ f\u00f6r LPOnets periodfakturering \u00e4r elektroniska betalningss\u00e4tt och pappersfaktura E-faktura Fakturorna kan skickas som e-fakturor till bankens internettj\u00e4nst. P\u00e5 fakturan, som kommer till n\u00e4tbanken, uppst\u00e5r ett f\u00e4rdigt betalningsf\u00f6rslag och det \u00e4r enkelt och snabbt att betala fakturan. Du kan \u00e4ven beg\u00e4ra, att banken skickar meddelande per e-post eller som textmeddelande, d\u00e5 du [&hellip;]<\/p>\n","protected":false},"author":4,"featured_media":0,"parent":2035,"menu_order":0,"comment_status":"closed","ping_status":"closed","template":"","meta":{"iawp_total_views":1,"footnotes":""},"class_list":["post-2420","page","type-page","status-publish","hentry"],"_links":{"self":[{"href":"https:\/\/lponet.fi\/yrityksille\/wp-json\/wp\/v2\/pages\/2420","targetHints":{"allow":["GET"]}}],"collection":[{"href":"https:\/\/lponet.fi\/yrityksille\/wp-json\/wp\/v2\/pages"}],"about":[{"href":"https:\/\/lponet.fi\/yrityksille\/wp-json\/wp\/v2\/types\/page"}],"author":[{"embeddable":true,"href":"https:\/\/lponet.fi\/yrityksille\/wp-json\/wp\/v2\/users\/4"}],"replies":[{"embeddable":true,"href":"https:\/\/lponet.fi\/yrityksille\/wp-json\/wp\/v2\/comments?post=2420"}],"version-history":[{"count":0,"href":"https:\/\/lponet.fi\/yrityksille\/wp-json\/wp\/v2\/pages\/2420\/revisions"}],"up":[{"embeddable":true,"href":"https:\/\/lponet.fi\/yrityksille\/wp-json\/wp\/v2\/pages\/2035"}],"wp:attachment":[{"href":"https:\/\/lponet.fi\/yrityksille\/wp-json\/wp\/v2\/media?parent=2420"}],"curies":[{"name":"wp","href":"https:\/\/api.w.org\/{rel}","templated":true}]}}