{"id":2833,"date":"2023-08-30T10:32:47","date_gmt":"2023-08-30T07:32:47","guid":{"rendered":"https:\/\/lponet.fi\/yrityksille\/?page_id=2833"},"modified":"2023-08-30T13:21:57","modified_gmt":"2023-08-30T10:21:57","slug":"avtalsvillkor-for-foretag","status":"publish","type":"page","link":"https:\/\/lponet.fi\/yrityksille\/sv\/avtalsvillkor-for-foretag\/","title":{"rendered":"Avtalsvillkor f\u00f6r f\u00f6retag"},"content":{"rendered":"\t\t<div data-elementor-type=\"wp-page\" data-elementor-id=\"2833\" class=\"elementor elementor-2833\" data-elementor-post-type=\"page\">\n\t\t\t\t<div class=\"elementor-element elementor-element-359dad3 e-flex e-con-boxed e-con e-parent\" data-id=\"359dad3\" data-element_type=\"container\" data-e-type=\"container\" data-settings=\"{&quot;background_background&quot;:&quot;classic&quot;,&quot;shape_divider_bottom&quot;:&quot;curve&quot;,&quot;shape_divider_bottom_negative&quot;:&quot;yes&quot;}\">\n\t\t\t\t\t<div class=\"e-con-inner\">\n\t\t\t\t<div class=\"elementor-shape elementor-shape-bottom\" aria-hidden=\"true\" data-negative=\"true\">\n\t\t\t<svg xmlns=\"http:\/\/www.w3.org\/2000\/svg\" viewBox=\"0 0 1000 100\" preserveAspectRatio=\"none\">\n\t<path class=\"elementor-shape-fill\" d=\"M500,97C126.7,96.3,0.8,19.8,0,0v100l1000,0V1C1000,19.4,873.3,97.8,500,97z\"\/>\n<\/svg>\t\t<\/div>\n\t\t\t\t<div class=\"elementor-element elementor-element-a0b6a46 elementor-widget elementor-widget-heading\" data-id=\"a0b6a46\" data-element_type=\"widget\" data-e-type=\"widget\" data-widget_type=\"heading.default\">\n\t\t\t\t<div class=\"elementor-widget-container\">\n\t\t\t\t\t<h2 class=\"elementor-heading-title elementor-size-xxl\">Avtalsvillkor f\u00f6r f\u00f6retag<\/h2>\t\t\t\t<\/div>\n\t\t\t\t<\/div>\n\t\t\t\t\t<\/div>\n\t\t\t\t<\/div>\n\t\t<div class=\"elementor-element elementor-element-819c88e e-flex e-con-boxed e-con e-parent\" data-id=\"819c88e\" data-element_type=\"container\" data-e-type=\"container\">\n\t\t\t\t\t<div class=\"e-con-inner\">\n\t\t<div class=\"elementor-element elementor-element-7901be0 e-con-full e-flex e-con e-parent\" data-id=\"7901be0\" data-element_type=\"container\" data-e-type=\"container\">\n\t\t\t\t<div class=\"elementor-element elementor-element-84d5e89 elementor-widget elementor-widget-heading\" data-id=\"84d5e89\" data-element_type=\"widget\" data-e-type=\"widget\" data-widget_type=\"heading.default\">\n\t\t\t\t<div class=\"elementor-widget-container\">\n\t\t\t\t\t<h2 class=\"elementor-heading-title elementor-size-default\">Avtalsvillkor f\u00f6r f\u00f6retag<\/h2>\t\t\t\t<\/div>\n\t\t\t\t<\/div>\n\t\t\t\t<div class=\"elementor-element elementor-element-3d759fb elementor-widget elementor-widget-text-editor\" data-id=\"3d759fb\" data-element_type=\"widget\" data-e-type=\"widget\" data-widget_type=\"text-editor.default\">\n\t\t\t\t<div class=\"elementor-widget-container\">\n\t\t\t\t\t\t\t\t\t<ul><li><a href=\"https:\/\/lponet.fi\/yrityksille\/wp-content\/uploads\/2023\/08\/Allmanna_avtalsvillkor_foretag.pdf\">Allm\u00e4nna avtalsvillkor f\u00f6r f\u00f6retag<\/a> (pdf)<\/li><li><a href=\"https:\/\/lponet.fi\/yrityksille\/wp-content\/uploads\/2023\/08\/Specialvillkor-for-anslutandet-till-fibernatet.pdf\">Specialvillkor f\u00f6r anslutandet till fibern\u00e4tet<\/a> (pdf)<\/li><li><a href=\"https:\/\/lponet.fi\/yrityksille\/wp-content\/uploads\/2023\/08\/Specialvillkor_for_leveransgranssnitt.pdf\">Specialvillkor f\u00f6r leveransgr\u00e4nssnitt<\/a> (pdf)<\/li><li><a href=\"https:\/\/lponet.fi\/yrityksille\/wp-content\/uploads\/2023\/08\/Kommunikationstjanst_specialvillkor_foretag_LPOnet_01-03-2021.pdf\">Kommunikationstj\u00e4nsternas specialvillkor f\u00f6r f\u00f6retag<\/a> (pdf)<\/li><\/ul>\t\t\t\t\t\t\t\t<\/div>\n\t\t\t\t<\/div>\n\t\t\t\t<\/div>\n\t\t\t\t\t<\/div>\n\t\t\t\t<\/div>\n\t\t\t\t<\/div>\n\t\t","protected":false},"excerpt":{"rendered":"<p>Avtalsvillkor f\u00f6r f\u00f6retag Avtalsvillkor f\u00f6r f\u00f6retag Allm\u00e4nna avtalsvillkor f\u00f6r f\u00f6retag (pdf) Specialvillkor f\u00f6r anslutandet till fibern\u00e4tet (pdf) Specialvillkor f\u00f6r leveransgr\u00e4nssnitt (pdf) Kommunikationstj\u00e4nsternas specialvillkor f\u00f6r f\u00f6retag (pdf)<\/p>\n","protected":false},"author":4,"featured_media":2775,"parent":0,"menu_order":0,"comment_status":"closed","ping_status":"closed","template":"","meta":{"iawp_total_views":3,"footnotes":""},"class_list":["post-2833","page","type-page","status-publish","has-post-thumbnail","hentry"],"_links":{"self":[{"href":"https:\/\/lponet.fi\/yrityksille\/wp-json\/wp\/v2\/pages\/2833","targetHints":{"allow":["GET"]}}],"collection":[{"href":"https:\/\/lponet.fi\/yrityksille\/wp-json\/wp\/v2\/pages"}],"about":[{"href":"https:\/\/lponet.fi\/yrityksille\/wp-json\/wp\/v2\/types\/page"}],"author":[{"embeddable":true,"href":"https:\/\/lponet.fi\/yrityksille\/wp-json\/wp\/v2\/users\/4"}],"replies":[{"embeddable":true,"href":"https:\/\/lponet.fi\/yrityksille\/wp-json\/wp\/v2\/comments?post=2833"}],"version-history":[{"count":10,"href":"https:\/\/lponet.fi\/yrityksille\/wp-json\/wp\/v2\/pages\/2833\/revisions"}],"predecessor-version":[{"id":2851,"href":"https:\/\/lponet.fi\/yrityksille\/wp-json\/wp\/v2\/pages\/2833\/revisions\/2851"}],"wp:featuredmedia":[{"embeddable":true,"href":"https:\/\/lponet.fi\/yrityksille\/wp-json\/wp\/v2\/media\/2775"}],"wp:attachment":[{"href":"https:\/\/lponet.fi\/yrityksille\/wp-json\/wp\/v2\/media?parent=2833"}],"curies":[{"name":"wp","href":"https:\/\/api.w.org\/{rel}","templated":true}]}}