{"id":571,"date":"2023-01-27T10:02:14","date_gmt":"2023-01-27T08:02:14","guid":{"rendered":"https:\/\/lponet.fi\/yrityksille\/?page_id=571"},"modified":"2023-02-03T08:55:25","modified_gmt":"2023-02-03T06:55:25","slug":"tietoturva","status":"publish","type":"page","link":"https:\/\/lponet.fi\/yrityksille\/tietoturva\/","title":{"rendered":"Tietoturva"},"content":{"rendered":"\t\t<div data-elementor-type=\"wp-page\" data-elementor-id=\"571\" class=\"elementor elementor-571\" data-elementor-post-type=\"page\">\n\t\t\t\t<div class=\"elementor-element elementor-element-b90d376 e-flex e-con-boxed e-con e-parent\" data-id=\"b90d376\" data-element_type=\"container\" data-e-type=\"container\" data-settings=\"{&quot;background_background&quot;:&quot;classic&quot;,&quot;shape_divider_bottom&quot;:&quot;curve&quot;,&quot;shape_divider_bottom_negative&quot;:&quot;yes&quot;}\">\n\t\t\t\t\t<div class=\"e-con-inner\">\n\t\t\t\t<div class=\"elementor-shape elementor-shape-bottom\" aria-hidden=\"true\" data-negative=\"true\">\n\t\t\t<svg xmlns=\"http:\/\/www.w3.org\/2000\/svg\" viewBox=\"0 0 1000 100\" preserveAspectRatio=\"none\">\n\t<path class=\"elementor-shape-fill\" d=\"M500,97C126.7,96.3,0.8,19.8,0,0v100l1000,0V1C1000,19.4,873.3,97.8,500,97z\"\/>\n<\/svg>\t\t<\/div>\n\t\t\t\t<div class=\"elementor-element elementor-element-297345a elementor-widget elementor-widget-heading\" data-id=\"297345a\" data-element_type=\"widget\" data-e-type=\"widget\" data-widget_type=\"heading.default\">\n\t\t\t\t<div class=\"elementor-widget-container\">\n\t\t\t\t\t<h2 class=\"elementor-heading-title elementor-size-small\">ICT-palvelut yrityksille<\/h2>\t\t\t\t<\/div>\n\t\t\t\t<\/div>\n\t\t\t\t<div class=\"elementor-element elementor-element-4739c9a elementor-widget elementor-widget-heading\" data-id=\"4739c9a\" data-element_type=\"widget\" data-e-type=\"widget\" data-widget_type=\"heading.default\">\n\t\t\t\t<div class=\"elementor-widget-container\">\n\t\t\t\t\t<h2 class=\"elementor-heading-title elementor-size-xxl\">Tietoturva<\/h2>\t\t\t\t<\/div>\n\t\t\t\t<\/div>\n\t\t\t\t\t<\/div>\n\t\t\t\t<\/div>\n\t\t<div class=\"elementor-element elementor-element-34ad733 e-flex e-con-boxed e-con e-parent\" data-id=\"34ad733\" data-element_type=\"container\" data-e-type=\"container\">\n\t\t\t\t\t<div class=\"e-con-inner\">\n\t\t<div class=\"elementor-element elementor-element-0a457fa e-con-full e-flex e-con e-parent\" data-id=\"0a457fa\" data-element_type=\"container\" data-e-type=\"container\">\n\t\t\t\t<div class=\"elementor-element elementor-element-434488f elementor-widget elementor-widget-heading\" data-id=\"434488f\" data-element_type=\"widget\" data-e-type=\"widget\" data-widget_type=\"heading.default\">\n\t\t\t\t<div class=\"elementor-widget-container\">\n\t\t\t\t\t<h2 class=\"elementor-heading-title elementor-size-default\">Tietoturvapalvelut - turvaa arjen ICT-toimintaan<\/h2>\t\t\t\t<\/div>\n\t\t\t\t<\/div>\n\t\t\t\t<div class=\"elementor-element elementor-element-75a8518 elementor-widget elementor-widget-text-editor\" data-id=\"75a8518\" data-element_type=\"widget\" data-e-type=\"widget\" data-widget_type=\"text-editor.default\">\n\t\t\t\t<div class=\"elementor-widget-container\">\n\t\t\t\t\t\t\t\t\t<p>Vihamielinen toiminta lis\u00e4\u00e4ntyy jatkuvasti netiss\u00e4 ja tietoverkoissa. T\u00e4n\u00e4 p\u00e4iv\u00e4n\u00e4 toiminnan, tietojen ja ohjelmistojen turvaaminen on v\u00e4ltt\u00e4m\u00e4t\u00f6nt\u00e4.<\/p><p>Meilt\u00e4 saat yrityksellesi\u00a0<strong>WithSecuren\u2122 turvapalvelut,<\/strong>\u00a0<strong>palomuuripalvelun ja varmuuskopiointipalvelut<\/strong>. Kiinte\u00e4t kk-maksut ovat helposti budjetoitavissa.<\/p>\t\t\t\t\t\t\t\t<\/div>\n\t\t\t\t<\/div>\n\t\t\t\t<div class=\"elementor-element elementor-element-e612847 elementor-widget elementor-widget-button\" data-id=\"e612847\" data-element_type=\"widget\" data-e-type=\"widget\" data-widget_type=\"button.default\">\n\t\t\t\t<div class=\"elementor-widget-container\">\n\t\t\t\t\t\t\t\t\t<div class=\"elementor-button-wrapper\">\n\t\t\t\t\t<a class=\"elementor-button elementor-button-link elementor-size-sm\" href=\"https:\/\/lponet.fi\/yrityksille\/yhteystiedot\/\">\n\t\t\t\t\t\t<span class=\"elementor-button-content-wrapper\">\n\t\t\t\t\t\t\t\t\t<span class=\"elementor-button-text\">Kysy lis\u00e4\u00e4<\/span>\n\t\t\t\t\t<\/span>\n\t\t\t\t\t<\/a>\n\t\t\t\t<\/div>\n\t\t\t\t\t\t\t\t<\/div>\n\t\t\t\t<\/div>\n\t\t\t\t<\/div>\n\t\t<div class=\"elementor-element elementor-element-04d670f e-con-full e-flex e-con e-parent\" data-id=\"04d670f\" data-element_type=\"container\" data-e-type=\"container\">\n\t\t\t\t<div class=\"elementor-element elementor-element-7ad1b83 elementor-widget elementor-widget-image\" data-id=\"7ad1b83\" data-element_type=\"widget\" data-e-type=\"widget\" data-widget_type=\"image.default\">\n\t\t\t\t<div class=\"elementor-widget-container\">\n\t\t\t\t\t\t\t\t\t\t\t\t\t\t\t<img fetchpriority=\"high\" decoding=\"async\" width=\"800\" height=\"534\" src=\"https:\/\/lponet.fi\/yrityksille\/wp-content\/uploads\/2023\/01\/lponet_uutiset-1024x683.jpeg\" class=\"attachment-large size-large wp-image-1679\" alt=\"LPOnet uutiset - ICT-palvelut yrityksille It\u00e4-Uusimaa\" srcset=\"https:\/\/lponet.fi\/yrityksille\/wp-content\/uploads\/2023\/01\/lponet_uutiset-1024x683.jpeg 1024w, https:\/\/lponet.fi\/yrityksille\/wp-content\/uploads\/2023\/01\/lponet_uutiset-300x200.jpeg 300w, https:\/\/lponet.fi\/yrityksille\/wp-content\/uploads\/2023\/01\/lponet_uutiset-768x512.jpeg 768w, https:\/\/lponet.fi\/yrityksille\/wp-content\/uploads\/2023\/01\/lponet_uutiset.jpeg 1200w\" sizes=\"(max-width: 800px) 100vw, 800px\" \/>\t\t\t\t\t\t\t\t\t\t\t\t\t\t\t<\/div>\n\t\t\t\t<\/div>\n\t\t\t\t<\/div>\n\t\t\t\t\t<\/div>\n\t\t\t\t<\/div>\n\t\t<div class=\"elementor-element elementor-element-7cbdd0f e-flex e-con-boxed e-con e-parent\" data-id=\"7cbdd0f\" data-element_type=\"container\" data-e-type=\"container\" data-settings=\"{&quot;background_background&quot;:&quot;classic&quot;}\">\n\t\t\t\t\t<div class=\"e-con-inner\">\n\t\t\t\t<div class=\"elementor-element elementor-element-dfdd7f2 elementor-widget elementor-widget-heading\" data-id=\"dfdd7f2\" data-element_type=\"widget\" data-e-type=\"widget\" data-widget_type=\"heading.default\">\n\t\t\t\t<div class=\"elementor-widget-container\">\n\t\t\t\t\t<h2 class=\"elementor-heading-title elementor-size-default\">WithSecure\u2122 p\u00e4\u00e4telaitesuojaus pilvipalveluna<\/h2>\t\t\t\t<\/div>\n\t\t\t\t<\/div>\n\t\t\t\t\t<\/div>\n\t\t\t\t<\/div>\n\t\t<div class=\"elementor-element elementor-element-600681f e-flex e-con-boxed e-con e-parent\" data-id=\"600681f\" data-element_type=\"container\" data-e-type=\"container\" data-settings=\"{&quot;background_background&quot;:&quot;classic&quot;}\">\n\t\t\t\t\t<div class=\"e-con-inner\">\n\t\t<div class=\"elementor-element elementor-element-3196c92 e-con-full e-flex e-con e-parent\" data-id=\"3196c92\" data-element_type=\"container\" data-e-type=\"container\">\n\t\t\t\t<div class=\"elementor-element elementor-element-365cabf elementor-widget elementor-widget-text-editor\" data-id=\"365cabf\" data-element_type=\"widget\" data-e-type=\"widget\" data-widget_type=\"text-editor.default\">\n\t\t\t\t<div class=\"elementor-widget-container\">\n\t\t\t\t\t\t\t\t\t<p>Suojaa p\u00e4\u00e4telaitteesi tietomurroilta markkinoiden johtavalla suojauksella. P\u00e4\u00e4telaitteet ovat useiden hy\u00f6kk\u00e4\u00e4jien yleisimmin k\u00e4ytt\u00e4m\u00e4 hy\u00f6kk\u00e4yskanava.\u00a0<strong>WithSecuren Elements Endpoint Protection -ratkaisu tarjoaa katkeamattoman suojan haitalliselta sis\u00e4ll\u00f6lt\u00e4, haittaohjelmilta ja muilta kyberuhilta.<\/strong><\/p><p>Elements Endpoint Protection on pilvipohjainen ratkaisu. Se on enemm\u00e4n kuin pelkk\u00e4 virustorjunta: kyseess\u00e4 on pikemminkin seuraavan sukupolven tietoturvaratkaisu, joka tarjoaa edistyneen, monikerroksisen ja proaktiivisen suojauksen uhkia, kuten haittaohjelmia ja nollap\u00e4iv\u00e4hy\u00f6kk\u00e4yksi\u00e4 vastaan. Se tukee useita k\u00e4ytt\u00f6j\u00e4rjestelmi\u00e4 ja pit\u00e4\u00e4 organisaation p\u00e4\u00e4telaitteet turvassa kyberhy\u00f6kk\u00e4yksilt\u00e4.<\/p><p>WithSecuren Elements EPP for Computers on paras suojaus Windows- ja Mac-tietokoneille, t\u00e4m\u00e4n todistavat puolueettomat testaajat kuten AV-Test vuosi toisensa j\u00e4lkeen.<\/p>\t\t\t\t\t\t\t\t<\/div>\n\t\t\t\t<\/div>\n\t\t\t\t<\/div>\n\t\t<div class=\"elementor-element elementor-element-0f7f0ef e-con-full e-flex e-con e-parent\" data-id=\"0f7f0ef\" data-element_type=\"container\" data-e-type=\"container\">\n\t\t\t\t<div class=\"elementor-element elementor-element-8849443 elementor-icon-list--layout-traditional elementor-list-item-link-full_width elementor-widget elementor-widget-icon-list\" data-id=\"8849443\" data-element_type=\"widget\" data-e-type=\"widget\" data-widget_type=\"icon-list.default\">\n\t\t\t\t<div class=\"elementor-widget-container\">\n\t\t\t\t\t\t\t<ul class=\"elementor-icon-list-items\">\n\t\t\t\t\t\t\t<li class=\"elementor-icon-list-item\">\n\t\t\t\t\t\t\t\t\t\t\t<span class=\"elementor-icon-list-icon\">\n\t\t\t\t\t\t\t<i aria-hidden=\"true\" class=\"box box-bx-check-double\"><\/i>\t\t\t\t\t\t<\/span>\n\t\t\t\t\t\t\t\t\t\t<span class=\"elementor-icon-list-text\">Palvelun avulla turvaat liiketoimintojesi jatkuvuuden, kun edistyksellinen, teko\u00e4lyn tehostama suojaus haittaohjelmilta ja automaattinen tietoturvap\u00e4ivitysten hallinta pit\u00e4v\u00e4t laitteisiin asennetut ohjelmat turvallisina.<\/span>\n\t\t\t\t\t\t\t\t\t<\/li>\n\t\t\t\t\t\t\t\t<li class=\"elementor-icon-list-item\">\n\t\t\t\t\t\t\t\t\t\t\t<span class=\"elementor-icon-list-icon\">\n\t\t\t\t\t\t\t<i aria-hidden=\"true\" class=\"box box-bx-check-double\"><\/i>\t\t\t\t\t\t<\/span>\n\t\t\t\t\t\t\t\t\t\t<span class=\"elementor-icon-list-text\">Palvelu on saatavilla yrityksesi ty\u00f6asemiin, mobiililaitteisiin ja palvelimiin<\/span>\n\t\t\t\t\t\t\t\t\t<\/li>\n\t\t\t\t\t\t\t\t<li class=\"elementor-icon-list-item\">\n\t\t\t\t\t\t\t\t\t\t\t<span class=\"elementor-icon-list-icon\">\n\t\t\t\t\t\t\t<i aria-hidden=\"true\" class=\"box box-bx-check-double\"><\/i>\t\t\t\t\t\t<\/span>\n\t\t\t\t\t\t\t\t\t\t<span class=\"elementor-icon-list-text\">Alan johtava suojaus pit\u00e4\u00e4 p\u00e4\u00e4telaitteesi turvassa edistyneilt\u00e4 hy\u00f6kk\u00e4yksilt\u00e4. Toimii tehokkaasti ja uhkatilanteeseen mukautuen jakamalla p\u00e4\u00e4telaitteiden hy\u00f6kk\u00e4ystiedot kaikkien suojattujen laitteiden v\u00e4lill\u00e4.<\/span>\n\t\t\t\t\t\t\t\t\t<\/li>\n\t\t\t\t\t\t\t\t<li class=\"elementor-icon-list-item\">\n\t\t\t\t\t\t\t\t\t\t\t<span class=\"elementor-icon-list-icon\">\n\t\t\t\t\t\t\t<i aria-hidden=\"true\" class=\"box box-bx-check-double\"><\/i>\t\t\t\t\t\t<\/span>\n\t\t\t\t\t\t\t\t\t\t<span class=\"elementor-icon-list-text\">Integroitu 3. osapuolen tietoturvap\u00e4ivitysten hallinta est\u00e4\u00e4 jopa 80 % hy\u00f6kk\u00e4yksist\u00e4 automaattisesti asennettavilla Windowsin ja kolmansien osapuolten tietoturvap\u00e4ivityksill\u00e4.<\/span>\n\t\t\t\t\t\t\t\t\t<\/li>\n\t\t\t\t\t\t<\/ul>\n\t\t\t\t\t\t<\/div>\n\t\t\t\t<\/div>\n\t\t\t\t<div class=\"elementor-element elementor-element-cc0f82a elementor-widget elementor-widget-image\" data-id=\"cc0f82a\" data-element_type=\"widget\" data-e-type=\"widget\" data-widget_type=\"image.default\">\n\t\t\t\t<div class=\"elementor-widget-container\">\n\t\t\t\t\t\t\t\t\t\t\t\t\t\t\t<img decoding=\"async\" width=\"800\" height=\"180\" src=\"https:\/\/lponet.fi\/yrityksille\/wp-content\/uploads\/2023\/01\/withsecure_logo_charcoal_black-1024x231.png\" class=\"attachment-large size-large wp-image-867\" alt=\"\" srcset=\"https:\/\/lponet.fi\/yrityksille\/wp-content\/uploads\/2023\/01\/withsecure_logo_charcoal_black-1024x231.png 1024w, https:\/\/lponet.fi\/yrityksille\/wp-content\/uploads\/2023\/01\/withsecure_logo_charcoal_black-300x68.png 300w, https:\/\/lponet.fi\/yrityksille\/wp-content\/uploads\/2023\/01\/withsecure_logo_charcoal_black-768x174.png 768w, https:\/\/lponet.fi\/yrityksille\/wp-content\/uploads\/2023\/01\/withsecure_logo_charcoal_black-1536x347.png 1536w, https:\/\/lponet.fi\/yrityksille\/wp-content\/uploads\/2023\/01\/withsecure_logo_charcoal_black-2048x463.png 2048w\" sizes=\"(max-width: 800px) 100vw, 800px\" \/>\t\t\t\t\t\t\t\t\t\t\t\t\t\t\t<\/div>\n\t\t\t\t<\/div>\n\t\t\t\t<\/div>\n\t\t\t\t\t<\/div>\n\t\t\t\t<\/div>\n\t\t<div class=\"elementor-element elementor-element-deda7db e-flex e-con-boxed e-con e-parent\" data-id=\"deda7db\" data-element_type=\"container\" data-e-type=\"container\">\n\t\t\t\t\t<div class=\"e-con-inner\">\n\t\t<div class=\"elementor-element elementor-element-804aa22 e-con-full e-flex e-con e-parent\" data-id=\"804aa22\" data-element_type=\"container\" data-e-type=\"container\">\n\t\t\t\t<div class=\"elementor-element elementor-element-810e1ad elementor-widget elementor-widget-image\" data-id=\"810e1ad\" data-element_type=\"widget\" data-e-type=\"widget\" data-widget_type=\"image.default\">\n\t\t\t\t<div class=\"elementor-widget-container\">\n\t\t\t\t\t\t\t\t\t\t\t\t\t\t\t<img decoding=\"async\" width=\"800\" height=\"534\" src=\"https:\/\/lponet.fi\/yrityksille\/wp-content\/uploads\/2023\/01\/lponet_tietoturva-1024x683.jpeg\" class=\"attachment-large size-large wp-image-1699\" alt=\"LPOnet tietoturva - ICT-palvelut yrityksille It\u00e4-Uusimaa\" srcset=\"https:\/\/lponet.fi\/yrityksille\/wp-content\/uploads\/2023\/01\/lponet_tietoturva-1024x683.jpeg 1024w, https:\/\/lponet.fi\/yrityksille\/wp-content\/uploads\/2023\/01\/lponet_tietoturva-300x200.jpeg 300w, https:\/\/lponet.fi\/yrityksille\/wp-content\/uploads\/2023\/01\/lponet_tietoturva-768x512.jpeg 768w, https:\/\/lponet.fi\/yrityksille\/wp-content\/uploads\/2023\/01\/lponet_tietoturva-1536x1024.jpeg 1536w, https:\/\/lponet.fi\/yrityksille\/wp-content\/uploads\/2023\/01\/lponet_tietoturva.jpeg 1920w\" sizes=\"(max-width: 800px) 100vw, 800px\" \/>\t\t\t\t\t\t\t\t\t\t\t\t\t\t\t<\/div>\n\t\t\t\t<\/div>\n\t\t\t\t<\/div>\n\t\t<div class=\"elementor-element elementor-element-a81b38d e-con-full e-flex e-con e-parent\" data-id=\"a81b38d\" data-element_type=\"container\" data-e-type=\"container\">\n\t\t\t\t<div class=\"elementor-element elementor-element-109612c elementor-widget elementor-widget-heading\" data-id=\"109612c\" data-element_type=\"widget\" data-e-type=\"widget\" data-widget_type=\"heading.default\">\n\t\t\t\t<div class=\"elementor-widget-container\">\n\t\t\t\t\t<h2 class=\"elementor-heading-title elementor-size-default\">Palomuuripalvelu suojaa yrityst\u00e4si tehokkaasti kyberhy\u00f6kk\u00e4yksilt\u00e4<\/h2>\t\t\t\t<\/div>\n\t\t\t\t<\/div>\n\t\t\t\t<div class=\"elementor-element elementor-element-f87b828 elementor-widget elementor-widget-text-editor\" data-id=\"f87b828\" data-element_type=\"widget\" data-e-type=\"widget\" data-widget_type=\"text-editor.default\">\n\t\t\t\t<div class=\"elementor-widget-container\">\n\t\t\t\t\t\t\t\t\t<p>Palomuuripalvelu suojaa yrityksesi verkon ulkoap\u00e4in tulevilta tietoturvahy\u00f6kk\u00e4yksilt\u00e4. LPOnetin tarjoama palvelu sis\u00e4lt\u00e4\u00e4\u00a0<strong>palomuurilaitteiston, VPN-ohjelmiston ja niiden hallinnan yrityksesi puolesta.<\/strong><\/p><p>Lis\u00e4ksi palveluun sis\u00e4ltyy mahdollisuus k\u00e4ytt\u00e4\u00e4 VPN-ty\u00f6asemaohjelmaa, jolla voidaan muodostaa et\u00e4yhteys yrityksen verkkoon ulkopuolelta, esimerkiksi\u00a0<strong>turvallisen et\u00e4ty\u00f6n mahdollistamiseksi<\/strong>.<\/p>\t\t\t\t\t\t\t\t<\/div>\n\t\t\t\t<\/div>\n\t\t\t\t<div class=\"elementor-element elementor-element-68800d0 elementor-widget elementor-widget-button\" data-id=\"68800d0\" data-element_type=\"widget\" data-e-type=\"widget\" data-widget_type=\"button.default\">\n\t\t\t\t<div class=\"elementor-widget-container\">\n\t\t\t\t\t\t\t\t\t<div class=\"elementor-button-wrapper\">\n\t\t\t\t\t<a class=\"elementor-button elementor-button-link elementor-size-sm\" href=\"https:\/\/lponet.fi\/yrityksille\/yhteystiedot\/\">\n\t\t\t\t\t\t<span class=\"elementor-button-content-wrapper\">\n\t\t\t\t\t\t\t\t\t<span class=\"elementor-button-text\">Kysy lis\u00e4\u00e4 yritysmyynnist\u00e4mme<\/span>\n\t\t\t\t\t<\/span>\n\t\t\t\t\t<\/a>\n\t\t\t\t<\/div>\n\t\t\t\t\t\t\t\t<\/div>\n\t\t\t\t<\/div>\n\t\t\t\t<\/div>\n\t\t\t\t\t<\/div>\n\t\t\t\t<\/div>\n\t\t<div class=\"elementor-element elementor-element-522803b e-flex e-con-boxed e-con e-parent\" data-id=\"522803b\" data-element_type=\"container\" data-e-type=\"container\" data-settings=\"{&quot;background_background&quot;:&quot;classic&quot;}\">\n\t\t\t\t\t<div class=\"e-con-inner\">\n\t\t\t\t<div class=\"elementor-element elementor-element-266a6da elementor-widget elementor-widget-heading\" data-id=\"266a6da\" data-element_type=\"widget\" data-e-type=\"widget\" data-widget_type=\"heading.default\">\n\t\t\t\t<div class=\"elementor-widget-container\">\n\t\t\t\t\t<h2 class=\"elementor-heading-title elementor-size-default\">Varmennuspalvelut<\/h2>\t\t\t\t<\/div>\n\t\t\t\t<\/div>\n\t\t\t\t\t<\/div>\n\t\t\t\t<\/div>\n\t\t<div class=\"elementor-element elementor-element-de7996f e-flex e-con-boxed e-con e-parent\" data-id=\"de7996f\" data-element_type=\"container\" data-e-type=\"container\" data-settings=\"{&quot;background_background&quot;:&quot;classic&quot;}\">\n\t\t\t\t\t<div class=\"e-con-inner\">\n\t\t<div class=\"elementor-element elementor-element-f7da695 e-con-full e-flex e-con e-parent\" data-id=\"f7da695\" data-element_type=\"container\" data-e-type=\"container\">\n\t\t\t\t<div class=\"elementor-element elementor-element-da0bd4f elementor-widget elementor-widget-heading\" data-id=\"da0bd4f\" data-element_type=\"widget\" data-e-type=\"widget\" data-widget_type=\"heading.default\">\n\t\t\t\t<div class=\"elementor-widget-container\">\n\t\t\t\t\t<h3 class=\"elementor-heading-title elementor-size-default\">Tietokoneiden varmuuskopiointi<\/h3>\t\t\t\t<\/div>\n\t\t\t\t<\/div>\n\t\t\t\t<div class=\"elementor-element elementor-element-83f3cd5 elementor-widget elementor-widget-text-editor\" data-id=\"83f3cd5\" data-element_type=\"widget\" data-e-type=\"widget\" data-widget_type=\"text-editor.default\">\n\t\t\t\t<div class=\"elementor-widget-container\">\n\t\t\t\t\t\t\t\t\t<p>Helppok\u00e4ytt\u00f6inen Nexetic Shield varmuuskopiointipalvelu suojaa yrityksesi tietokoneiden t\u00e4rke\u00e4t tiedot. Nexetic Shield Backup on kotimainen pilvipohjainen varmuuskopiointi- ja palautusratkaisu, jolla suojaat yrityksesi ty\u00f6asemat rikkoutumisten, virusten ja haittaohjelmien varalta kustannustehokkaasti ilman laitehankintoja. Tiedot varmennetaan jatkuvasti ja automatisoidusti ja s\u00e4ilytet\u00e4\u00e4n turvallisesti suomalaisissa palvelimissa.<\/p>\t\t\t\t\t\t\t\t<\/div>\n\t\t\t\t<\/div>\n\t\t\t\t<div class=\"elementor-element elementor-element-6668083 elementor-widget elementor-widget-heading\" data-id=\"6668083\" data-element_type=\"widget\" data-e-type=\"widget\" data-widget_type=\"heading.default\">\n\t\t\t\t<div class=\"elementor-widget-container\">\n\t\t\t\t\t<h3 class=\"elementor-heading-title elementor-size-default\">Microsoft 365 -pilvipalvelujen varmuuskopiointi<\/h3>\t\t\t\t<\/div>\n\t\t\t\t<\/div>\n\t\t\t\t<div class=\"elementor-element elementor-element-051f079 elementor-widget elementor-widget-text-editor\" data-id=\"051f079\" data-element_type=\"widget\" data-e-type=\"widget\" data-widget_type=\"text-editor.default\">\n\t\t\t\t<div class=\"elementor-widget-container\">\n\t\t\t\t\t\t\t\t\t<p>My\u00f6s pilvipalveluissa olevat yrityksen tiedot kannattaa suojata. Microsoft 365 -palvelu ei sis\u00e4ll\u00e4 tiedon varmuuskopiointia, ainoastaan roskakorin ja versiohistorian rajoitetulta ajalta. Microsoft 365 varmistuspalvelulla tiedot kopioidaan helposti, turvallisesti ja automaattisesti, ja ne ovat tarvittaessa palautettavissa v\u00e4litt\u00f6m\u00e4sti.<\/p>\t\t\t\t\t\t\t\t<\/div>\n\t\t\t\t<\/div>\n\t\t\t\t<div class=\"elementor-element elementor-element-6f5b9a8 elementor-widget elementor-widget-heading\" data-id=\"6f5b9a8\" data-element_type=\"widget\" data-e-type=\"widget\" data-widget_type=\"heading.default\">\n\t\t\t\t<div class=\"elementor-widget-container\">\n\t\t\t\t\t<h4 class=\"elementor-heading-title elementor-size-medium\">Miksi Microsoft 365:n tiedotkin pit\u00e4\u00e4 varmistaa?<\/h4>\t\t\t\t<\/div>\n\t\t\t\t<\/div>\n\t\t\t\t<div class=\"elementor-element elementor-element-cfa95df elementor-widget elementor-widget-text-editor\" data-id=\"cfa95df\" data-element_type=\"widget\" data-e-type=\"widget\" data-widget_type=\"text-editor.default\">\n\t\t\t\t<div class=\"elementor-widget-container\">\n\t\t\t\t\t\t\t\t\t<p>Kun tiedot siirtyv\u00e4t pilveen, monet organisaatiot eiv\u00e4t tied\u00e4, ett\u00e4 he ovat edelleen vastuussa tiedoistaan riippumatta siit\u00e4, miss\u00e4 ne sijaitsevat. Kiristyshaittaohjelmien kohteeksi voivat joutua my\u00f6s pilvipalveluissa olevat tiedostosi. Hakkerointia yleisempi riski on kuitenkin ty\u00f6ntekij\u00e4n tekem\u00e4t virheet: k\u00e4ytt\u00e4j\u00e4 voi poistaa vahingossa tiedostoja tai tehd\u00e4 jaettuihin tiedostoihin ei-toivottuja muutoksia, jolloin saatetaan hukata t\u00e4rke\u00e4\u00e4 tietoa. My\u00f6s mahdollisten palvelukatkosten aikana saat tiedot k\u00e4tev\u00e4sti varmistuspalvelusta.<\/p>\t\t\t\t\t\t\t\t<\/div>\n\t\t\t\t<\/div>\n\t\t\t\t<\/div>\n\t\t<div class=\"elementor-element elementor-element-6fbbd43 e-con-full e-flex e-con e-parent\" data-id=\"6fbbd43\" data-element_type=\"container\" data-e-type=\"container\">\n\t\t\t\t<\/div>\n\t\t\t\t\t<\/div>\n\t\t\t\t<\/div>\n\t\t\t\t<\/div>\n\t\t","protected":false},"excerpt":{"rendered":"<p>ICT-palvelut yrityksille Tietoturva Tietoturvapalvelut &#8211; turvaa arjen ICT-toimintaan Vihamielinen toiminta lis\u00e4\u00e4ntyy jatkuvasti netiss\u00e4 ja tietoverkoissa. T\u00e4n\u00e4 p\u00e4iv\u00e4n\u00e4 toiminnan, tietojen ja ohjelmistojen turvaaminen on v\u00e4ltt\u00e4m\u00e4t\u00f6nt\u00e4. Meilt\u00e4 saat yrityksellesi\u00a0WithSecuren\u2122 turvapalvelut,\u00a0palomuuripalvelun ja varmuuskopiointipalvelut. Kiinte\u00e4t kk-maksut ovat helposti budjetoitavissa. Kysy lis\u00e4\u00e4 WithSecure\u2122 p\u00e4\u00e4telaitesuojaus pilvipalveluna Suojaa p\u00e4\u00e4telaitteesi tietomurroilta markkinoiden johtavalla suojauksella. P\u00e4\u00e4telaitteet ovat useiden hy\u00f6kk\u00e4\u00e4jien yleisimmin k\u00e4ytt\u00e4m\u00e4 hy\u00f6kk\u00e4yskanava.\u00a0WithSecuren Elements Endpoint [&hellip;]<\/p>\n","protected":false},"author":1,"featured_media":0,"parent":0,"menu_order":0,"comment_status":"closed","ping_status":"closed","template":"","meta":{"iawp_total_views":21,"footnotes":""},"class_list":["post-571","page","type-page","status-publish","hentry"],"_links":{"self":[{"href":"https:\/\/lponet.fi\/yrityksille\/wp-json\/wp\/v2\/pages\/571","targetHints":{"allow":["GET"]}}],"collection":[{"href":"https:\/\/lponet.fi\/yrityksille\/wp-json\/wp\/v2\/pages"}],"about":[{"href":"https:\/\/lponet.fi\/yrityksille\/wp-json\/wp\/v2\/types\/page"}],"author":[{"embeddable":true,"href":"https:\/\/lponet.fi\/yrityksille\/wp-json\/wp\/v2\/users\/1"}],"replies":[{"embeddable":true,"href":"https:\/\/lponet.fi\/yrityksille\/wp-json\/wp\/v2\/comments?post=571"}],"version-history":[{"count":0,"href":"https:\/\/lponet.fi\/yrityksille\/wp-json\/wp\/v2\/pages\/571\/revisions"}],"wp:attachment":[{"href":"https:\/\/lponet.fi\/yrityksille\/wp-json\/wp\/v2\/media?parent=571"}],"curies":[{"name":"wp","href":"https:\/\/api.w.org\/{rel}","templated":true}]}}