{"id":573,"date":"2023-01-27T10:02:35","date_gmt":"2023-01-27T08:02:35","guid":{"rendered":"https:\/\/lponet.fi\/yrityksille\/?page_id=573"},"modified":"2023-02-03T10:39:03","modified_gmt":"2023-02-03T08:39:03","slug":"pilvipalvelut","status":"publish","type":"page","link":"https:\/\/lponet.fi\/yrityksille\/pilvipalvelut\/","title":{"rendered":"Pilvipalvelut &#038; ohjelmistot"},"content":{"rendered":"\t\t<div data-elementor-type=\"wp-page\" data-elementor-id=\"573\" class=\"elementor elementor-573\" data-elementor-post-type=\"page\">\n\t\t\t\t<div class=\"elementor-element elementor-element-ff27b76 e-flex e-con-boxed e-con e-parent\" data-id=\"ff27b76\" data-element_type=\"container\" data-e-type=\"container\" data-settings=\"{&quot;background_background&quot;:&quot;classic&quot;,&quot;shape_divider_bottom&quot;:&quot;curve&quot;,&quot;shape_divider_bottom_negative&quot;:&quot;yes&quot;}\">\n\t\t\t\t\t<div class=\"e-con-inner\">\n\t\t\t\t<div class=\"elementor-shape elementor-shape-bottom\" aria-hidden=\"true\" data-negative=\"true\">\n\t\t\t<svg xmlns=\"http:\/\/www.w3.org\/2000\/svg\" viewBox=\"0 0 1000 100\" preserveAspectRatio=\"none\">\n\t<path class=\"elementor-shape-fill\" d=\"M500,97C126.7,96.3,0.8,19.8,0,0v100l1000,0V1C1000,19.4,873.3,97.8,500,97z\"\/>\n<\/svg>\t\t<\/div>\n\t\t\t\t<div class=\"elementor-element elementor-element-f2e13e2 elementor-widget elementor-widget-heading\" data-id=\"f2e13e2\" data-element_type=\"widget\" data-e-type=\"widget\" data-widget_type=\"heading.default\">\n\t\t\t\t<div class=\"elementor-widget-container\">\n\t\t\t\t\t<h2 class=\"elementor-heading-title elementor-size-small\">ICT-palvelut yrityksille<\/h2>\t\t\t\t<\/div>\n\t\t\t\t<\/div>\n\t\t\t\t<div class=\"elementor-element elementor-element-851d591 elementor-widget elementor-widget-heading\" data-id=\"851d591\" data-element_type=\"widget\" data-e-type=\"widget\" data-widget_type=\"heading.default\">\n\t\t\t\t<div class=\"elementor-widget-container\">\n\t\t\t\t\t<h2 class=\"elementor-heading-title elementor-size-xxl\">Pilvipalvelut &amp; ohjelmistot<\/h2>\t\t\t\t<\/div>\n\t\t\t\t<\/div>\n\t\t\t\t\t<\/div>\n\t\t\t\t<\/div>\n\t\t<div class=\"elementor-element elementor-element-1c8e2c8 e-flex e-con-boxed e-con e-parent\" data-id=\"1c8e2c8\" data-element_type=\"container\" data-e-type=\"container\">\n\t\t\t\t\t<div class=\"e-con-inner\">\n\t\t<div class=\"elementor-element elementor-element-8590bae e-con-full e-flex e-con e-parent\" data-id=\"8590bae\" data-element_type=\"container\" data-e-type=\"container\">\n\t\t\t\t<div class=\"elementor-element elementor-element-173a291 elementor-widget elementor-widget-heading\" data-id=\"173a291\" data-element_type=\"widget\" data-e-type=\"widget\" data-widget_type=\"heading.default\">\n\t\t\t\t<div class=\"elementor-widget-container\">\n\t\t\t\t\t<h2 class=\"elementor-heading-title elementor-size-default\">Microsoft 365 \u2013 ty\u00f6skentele sujuvasti paikasta riippumatta<\/h2>\t\t\t\t<\/div>\n\t\t\t\t<\/div>\n\t\t\t\t<div class=\"elementor-element elementor-element-b09f764 elementor-widget elementor-widget-text-editor\" data-id=\"b09f764\" data-element_type=\"widget\" data-e-type=\"widget\" data-widget_type=\"text-editor.default\">\n\t\t\t\t<div class=\"elementor-widget-container\">\n\t\t\t\t\t\t\t\t\t<p>Microsoft 365 tarjoaa ty\u00f6v\u00e4lineet<strong>\u00a0tehokkaaseen ty\u00f6ntekoon ja turvalliseen et\u00e4ty\u00f6h\u00f6n<\/strong>. Keskustelut, puhelut, verkkokokoukset ja yhteisty\u00f6 sujuvat reaaliaikaisesti, olitpa et\u00e4t\u00f6iss\u00e4 tai paikan p\u00e4\u00e4ll\u00e4. Samassa ratkaisussa saat yrityksesi k\u00e4ytt\u00f6\u00f6n s\u00e4hk\u00f6postipalvelun, jaettavan kalenterin, puhelu- ja neuvottelutoiminnot, tiedostojen helpon tallennuksen ja jakamisen sek\u00e4 tutut Office-ohjelmistot.<\/p><p>Microsoft 365 -sovellukset toimivat pilvess\u00e4, ja n\u00e4in ollen kaikki yrityksesi tiedot ovat sujuvasti ja turvallisesti k\u00e4ytett\u00e4viss\u00e4 ajasta ja paikasta riippumatta niin tietokoneella kuin mobiililaitteilla. Microsoft 365-paketeista l\u00f6ytyy\u00a0<strong>kolme eri versioita eri tarpeisiin<\/strong>. Paketit saat k\u00e4tev\u00e4sti\u00a0<strong>yhdell\u00e4 kuukausimaksulla.<\/strong>\u00a0Paketteja on helppo p\u00e4ivitt\u00e4\u00e4 yrityksen kasvaessa tai tarpeiden muuttuessa.<\/p><p><strong>LPOnetin tarjoamissa paketeissa on suomenkielinen k\u00e4ytt\u00f6\u00f6notto ja asiakastuki<\/strong>. Lis\u00e4ksi tietosuoja on korkeatasoinen, sill\u00e4\u00a0<strong>palvelu t\u00e4ytt\u00e4\u00e4 EU:n tiukat tietosuojastandardit.<\/strong><\/p>\t\t\t\t\t\t\t\t<\/div>\n\t\t\t\t<\/div>\n\t\t\t\t<div class=\"elementor-element elementor-element-d8e554f elementor-widget elementor-widget-button\" data-id=\"d8e554f\" data-element_type=\"widget\" data-e-type=\"widget\" data-widget_type=\"button.default\">\n\t\t\t\t<div class=\"elementor-widget-container\">\n\t\t\t\t\t\t\t\t\t<div class=\"elementor-button-wrapper\">\n\t\t\t\t\t<a class=\"elementor-button elementor-button-link elementor-size-sm\" href=\"https:\/\/lponet.fi\/yrityksille\/yhteystiedot\/\">\n\t\t\t\t\t\t<span class=\"elementor-button-content-wrapper\">\n\t\t\t\t\t\t\t\t\t<span class=\"elementor-button-text\">Kysy lis\u00e4\u00e4 yritysmyynnist\u00e4mme<\/span>\n\t\t\t\t\t<\/span>\n\t\t\t\t\t<\/a>\n\t\t\t\t<\/div>\n\t\t\t\t\t\t\t\t<\/div>\n\t\t\t\t<\/div>\n\t\t\t\t<div class=\"elementor-element elementor-element-ca4c1a7 elementor-widget elementor-widget-heading\" data-id=\"ca4c1a7\" data-element_type=\"widget\" data-e-type=\"widget\" data-widget_type=\"heading.default\">\n\t\t\t\t<div class=\"elementor-widget-container\">\n\t\t\t\t\t<h3 class=\"elementor-heading-title elementor-size-default\">Mik\u00e4 Microsoft 365 -paketeista sopisi sinun yrityksellesi? Katso pakettien sis\u00e4ll\u00f6t alla.<\/h3>\t\t\t\t<\/div>\n\t\t\t\t<\/div>\n\t\t\t\t<\/div>\n\t\t<div class=\"elementor-element elementor-element-1ef424e e-con-full e-flex e-con e-parent\" data-id=\"1ef424e\" data-element_type=\"container\" data-e-type=\"container\">\n\t\t\t\t<div class=\"elementor-element elementor-element-91fdbaa elementor-widget elementor-widget-image\" data-id=\"91fdbaa\" data-element_type=\"widget\" data-e-type=\"widget\" data-widget_type=\"image.default\">\n\t\t\t\t<div class=\"elementor-widget-container\">\n\t\t\t\t\t\t\t\t\t\t\t\t\t\t\t<img fetchpriority=\"high\" decoding=\"async\" width=\"800\" height=\"534\" src=\"https:\/\/lponet.fi\/yrityksille\/wp-content\/uploads\/2023\/01\/lponet_laiteleasing-1024x683.jpeg\" class=\"attachment-large size-large wp-image-1722\" alt=\"LPOnet laiteleasing - ICT-palvelut yrityksille It\u00e4-Uusimaa\" srcset=\"https:\/\/lponet.fi\/yrityksille\/wp-content\/uploads\/2023\/01\/lponet_laiteleasing-1024x683.jpeg 1024w, https:\/\/lponet.fi\/yrityksille\/wp-content\/uploads\/2023\/01\/lponet_laiteleasing-300x200.jpeg 300w, https:\/\/lponet.fi\/yrityksille\/wp-content\/uploads\/2023\/01\/lponet_laiteleasing-768x512.jpeg 768w, https:\/\/lponet.fi\/yrityksille\/wp-content\/uploads\/2023\/01\/lponet_laiteleasing-1536x1025.jpeg 1536w, https:\/\/lponet.fi\/yrityksille\/wp-content\/uploads\/2023\/01\/lponet_laiteleasing.jpeg 1920w\" sizes=\"(max-width: 800px) 100vw, 800px\" \/>\t\t\t\t\t\t\t\t\t\t\t\t\t\t\t<\/div>\n\t\t\t\t<\/div>\n\t\t\t\t<div class=\"elementor-element elementor-element-86aae4f elementor-widget elementor-widget-image\" data-id=\"86aae4f\" data-element_type=\"widget\" data-e-type=\"widget\" data-widget_type=\"image.default\">\n\t\t\t\t<div class=\"elementor-widget-container\">\n\t\t\t\t\t\t\t\t\t\t\t\t\t\t\t<img decoding=\"async\" width=\"500\" height=\"281\" src=\"https:\/\/lponet.fi\/yrityksille\/wp-content\/uploads\/2023\/01\/Microsoft-Logo_www.jpg\" class=\"attachment-large size-large wp-image-1010\" alt=\"\" srcset=\"https:\/\/lponet.fi\/yrityksille\/wp-content\/uploads\/2023\/01\/Microsoft-Logo_www.jpg 500w, https:\/\/lponet.fi\/yrityksille\/wp-content\/uploads\/2023\/01\/Microsoft-Logo_www-300x169.jpg 300w\" sizes=\"(max-width: 500px) 100vw, 500px\" \/>\t\t\t\t\t\t\t\t\t\t\t\t\t\t\t<\/div>\n\t\t\t\t<\/div>\n\t\t\t\t<\/div>\n\t\t\t\t\t<\/div>\n\t\t\t\t<\/div>\n\t\t<div class=\"elementor-element elementor-element-90c6cf0 e-flex e-con-boxed e-con e-parent\" data-id=\"90c6cf0\" data-element_type=\"container\" data-e-type=\"container\" data-settings=\"{&quot;background_background&quot;:&quot;classic&quot;}\">\n\t\t\t\t\t<div class=\"e-con-inner\">\n\t\t\t\t<div class=\"elementor-element elementor-element-3f9c98e elementor-widget elementor-widget-heading\" data-id=\"3f9c98e\" data-element_type=\"widget\" data-e-type=\"widget\" data-widget_type=\"heading.default\">\n\t\t\t\t<div class=\"elementor-widget-container\">\n\t\t\t\t\t<h2 class=\"elementor-heading-title elementor-size-default\">Microsoft 365 Business Basic<\/h2>\t\t\t\t<\/div>\n\t\t\t\t<\/div>\n\t\t\t\t\t<\/div>\n\t\t\t\t<\/div>\n\t\t<div class=\"elementor-element elementor-element-785d8d1 e-flex e-con-boxed e-con e-parent\" data-id=\"785d8d1\" data-element_type=\"container\" data-e-type=\"container\" data-settings=\"{&quot;background_background&quot;:&quot;classic&quot;}\">\n\t\t\t\t\t<div class=\"e-con-inner\">\n\t\t<div class=\"elementor-element elementor-element-9c87925 e-con-full e-flex e-con e-parent\" data-id=\"9c87925\" data-element_type=\"container\" data-e-type=\"container\">\n\t\t\t\t<div class=\"elementor-element elementor-element-7cbd353 elementor-widget elementor-widget-text-editor\" data-id=\"7cbd353\" data-element_type=\"widget\" data-e-type=\"widget\" data-widget_type=\"text-editor.default\">\n\t\t\t\t<div class=\"elementor-widget-container\">\n\t\t\t\t\t\t\t\t\t<p>Yritystason s\u00e4hk\u00f6posti ja jaettava kalenteri, jotka toimivat kaikilla p\u00e4\u00e4telaitteilla, miss\u00e4 ja milloin vain, sek\u00e4 neuvottelu- ja tiimity\u00f6skentelyty\u00f6kalut.<\/p><ul><li><strong>Outlook s\u00e4hk\u00f6postipalvelu<\/strong>, jossa 50 Gt s\u00e4hk\u00f6postilaatikko jokaiselle k\u00e4ytt\u00e4j\u00e4lle sek\u00e4 jaettavat kalenterit<br \/>\u2013 synkronoi s\u00e4hk\u00f6postit, kalenterit ja yhteystiedot kaikissa laitteissa reaaliaikaisesti<br \/>\u2013 kalentereita voi jakaa yrityksen sis\u00e4ll\u00e4 ty\u00f6kavereiden kesken \u2013 n\u00e4et kuka on vapaa ja kuka on varattu<\/li><li><strong>Office Online<\/strong>\u00a0\u2013 k\u00e4sittele Office-tiedostoja selaimessa reaaliaikaisesti yhteisty\u00f6ss\u00e4 muiden kanssa<br \/>\u2013 sis\u00e4lt\u00e4\u00e4 my\u00f6s Office-sovellusten mobiiliversiot viidelle puhelimelle ja viidelle tabletille k\u00e4ytt\u00e4j\u00e4\u00e4 kohti<\/li><li><strong>Teams<\/strong>\u00a0\u2013 videoneuvottelut ja pikaviestit<br \/>\u2013 verkkokokousten j\u00e4rjest\u00e4minen ja jopa 300 k\u00e4ytt\u00e4j\u00e4n videopuhelut<br \/>\u2013 tiimin keskustelut, kokoukset, tiedostot ja sovellukset yhdess\u00e4 paikassa yhteydenpidon ja yhteisk\u00e4yt\u00f6n helpottamiseksi<\/li><li><strong>OneDrive-tallennustilaa<\/strong>\u00a0\u2013 1 teratavu jokaiselle k\u00e4ytt\u00e4j\u00e4lle<br \/>\u2013 keskitetty tallennuspaikka ty\u00f6tiedostoille<br \/>\u2013 OneDriveen tallennetut tiedostot ovat k\u00e4ytett\u00e4viss\u00e4 l\u00e4hes miss\u00e4 tahansa, eri laitteilta<br \/>\u2013 tiedostoja voi jakaa organisaation sis\u00e4ll\u00e4 ja ulkopuolisten henkil\u00f6iden kanssa, ja niihin voi m\u00e4\u00e4ritt\u00e4\u00e4 tiedostokohtaiset luku- ja muokkausoikeudet<\/li><li><strong>SharePoint<\/strong>\u00a0sis\u00e4ll\u00f6nhallinta- ja yhteisty\u00f6ratkaisu<br \/>\u2013 SharePointin avulla organisaatiot voivat luoda sivustoja, ja k\u00e4ytt\u00e4\u00e4 sit\u00e4 turvallisena tietojen tallennus-, j\u00e4rjestely- ja jakamispaikkana, josta tiedot ovat saatavilla miltei mill\u00e4 tahansa laitteella<\/li><li><strong>Planner<\/strong>\u00a0t\u00f6iden hallintaan ja teht\u00e4vien suunnitteluun<\/li><li><strong>Forms<\/strong>\u00a0asiakas- ja ty\u00f6ntekij\u00e4palautteen ker\u00e4\u00e4miseen<\/li><li><strong>Suomenkielinen k\u00e4ytt\u00f6\u00f6notto ja asiakastuki<\/strong><\/li><li><strong>Korkeatasoinen tietosuoja.<\/strong>\u00a0Palvelu t\u00e4ytt\u00e4\u00e4 EU:n tiukat tietosuojastandardit.<\/li><\/ul>\t\t\t\t\t\t\t\t<\/div>\n\t\t\t\t<\/div>\n\t\t\t\t<\/div>\n\t\t<div class=\"elementor-element elementor-element-a3395a8 e-con-full e-flex e-con e-parent\" data-id=\"a3395a8\" data-element_type=\"container\" data-e-type=\"container\">\n\t\t\t\t<div class=\"elementor-element elementor-element-7e5072b elementor-widget elementor-widget-heading\" data-id=\"7e5072b\" data-element_type=\"widget\" data-e-type=\"widget\" data-widget_type=\"heading.default\">\n\t\t\t\t<div class=\"elementor-widget-container\">\n\t\t\t\t\t<h3 class=\"elementor-heading-title elementor-size-medium\">Tuotekortti pdf-tiedostona:<\/h3>\t\t\t\t<\/div>\n\t\t\t\t<\/div>\n\t\t\t\t<div class=\"elementor-element elementor-element-1e5e3ab elementor-widget elementor-widget-button\" data-id=\"1e5e3ab\" data-element_type=\"widget\" data-e-type=\"widget\" data-widget_type=\"button.default\">\n\t\t\t\t<div class=\"elementor-widget-container\">\n\t\t\t\t\t\t\t\t\t<div class=\"elementor-button-wrapper\">\n\t\t\t\t\t<a class=\"elementor-button elementor-button-link elementor-size-sm\" href=\"https:\/\/lponet.fi\/yrityksille\/wp-content\/uploads\/2023\/01\/LPOnet_Microsoft_365_Business_Basic.pdf\" target=\"_blank\">\n\t\t\t\t\t\t<span class=\"elementor-button-content-wrapper\">\n\t\t\t\t\t\t\t\t\t<span class=\"elementor-button-text\">Microsoft 365 Business Basic<\/span>\n\t\t\t\t\t<\/span>\n\t\t\t\t\t<\/a>\n\t\t\t\t<\/div>\n\t\t\t\t\t\t\t\t<\/div>\n\t\t\t\t<\/div>\n\t\t\t\t<\/div>\n\t\t\t\t\t<\/div>\n\t\t\t\t<\/div>\n\t\t<div class=\"elementor-element elementor-element-0d71495 e-flex e-con-boxed e-con e-parent\" data-id=\"0d71495\" data-element_type=\"container\" data-e-type=\"container\">\n\t\t\t\t\t<div class=\"e-con-inner\">\n\t\t\t\t<div class=\"elementor-element elementor-element-fcff010 elementor-widget elementor-widget-heading\" data-id=\"fcff010\" data-element_type=\"widget\" data-e-type=\"widget\" data-widget_type=\"heading.default\">\n\t\t\t\t<div class=\"elementor-widget-container\">\n\t\t\t\t\t<h2 class=\"elementor-heading-title elementor-size-default\">Microsoft 365 Business Standard<\/h2>\t\t\t\t<\/div>\n\t\t\t\t<\/div>\n\t\t\t\t\t<\/div>\n\t\t\t\t<\/div>\n\t\t<div class=\"elementor-element elementor-element-f4846b2 e-flex e-con-boxed e-con e-parent\" data-id=\"f4846b2\" data-element_type=\"container\" data-e-type=\"container\">\n\t\t\t\t\t<div class=\"e-con-inner\">\n\t\t<div class=\"elementor-element elementor-element-d20fd5e e-con-full e-flex e-con e-parent\" data-id=\"d20fd5e\" data-element_type=\"container\" data-e-type=\"container\">\n\t\t\t\t<div class=\"elementor-element elementor-element-2daab61 elementor-widget elementor-widget-text-editor\" data-id=\"2daab61\" data-element_type=\"widget\" data-e-type=\"widget\" data-widget_type=\"text-editor.default\">\n\t\t\t\t<div class=\"elementor-widget-container\">\n\t\t\t\t\t\t\t\t\t<p>Kaikki toimistoviestinn\u00e4n ty\u00f6kalut mit\u00e4 yrityksesi tarvitsee, miss\u00e4 ja milloin vain. Yhdell\u00e4 kuukausimaksulla.<\/p><ul><li><strong>Office ohjelmistopaketin t\u00e4ysversiot kaikille laitteille<\/strong>\u00a0\u2013 tietokoneille, \u00e4lypuhelimille ja tableteille<br \/>\u2013 Microsoft Word, Excel, PowerPoint, Outlook, OneNote<br \/>\u2013 jokainen k\u00e4ytt\u00e4j\u00e4 voi asentaa omat sovellukset viidelle PC- tai Mac -tietokoneelle, viidelle \u00e4lypuhelimelle ja viidelle tabletille (iOS ja Android-4)<br \/>\u2013 aina viimeisimm\u00e4t tarjolla olevat Office-sovellusten versiot<br \/>\u2013 Office-tiedostojen k\u00e4sittely onnistuu my\u00f6s verkossa reaaliaikaisesti kenen kanssa ja miss\u00e4 tahansa<\/li><li><strong>Outlook s\u00e4hk\u00f6postipalvelu<\/strong>, jossa 50 Gt s\u00e4hk\u00f6postilaatikko jokaiselle k\u00e4ytt\u00e4j\u00e4lle sek\u00e4 jaettavat kalenterit<br \/>\u2013 synkronoi s\u00e4hk\u00f6postit, kalenterit ja yhteystiedot kaikissa laitteissa reaaliaikaisesti<br \/>\u2013 kalentereita voi jakaa yrityksen sis\u00e4ll\u00e4 ty\u00f6kavereiden kesken \u2013 n\u00e4et kuka on vapaa ja kuka on varattu<\/li><li><strong>Teams<\/strong>\u00a0\u2013 videoneuvottelut ja pikaviestit<br \/>\u2013 verkkokokousten j\u00e4rjest\u00e4minen ja jopa 300 k\u00e4ytt\u00e4j\u00e4n videopuhelut<br \/>\u2013 tiimin keskustelut, kokoukset, tiedostot ja sovellukset yhdess\u00e4 paikassa yhteydenpidon ja yhteisk\u00e4yt\u00f6n helpottamiseksi<\/li><li><strong>OneDrive-tallennustilaa<\/strong>\u00a0\u2013 1 teratavu jokaiselle k\u00e4ytt\u00e4j\u00e4lle<br \/>\u2013 keskitetty tallennuspaikka ty\u00f6tiedostoille<br \/>\u2013 OneDriveen tallennetut tiedostot ovat k\u00e4ytett\u00e4viss\u00e4 l\u00e4hes miss\u00e4 tahansa, eri laitteilta<br \/>\u2013 tiedostoja voi jakaa organisaation sis\u00e4ll\u00e4 ja ulkopuolisten henkil\u00f6iden kanssa, ja niihin voi m\u00e4\u00e4ritt\u00e4\u00e4 tiedostokohtaiset luku- ja muokkausoikeudet<\/li><li><strong>SharePoint<\/strong>\u00a0sis\u00e4ll\u00f6nhallinta- ja yhteisty\u00f6ratkaisu<br \/>\u2013 SharePointin avulla organisaatiot voivat luoda sivustoja, ja k\u00e4ytt\u00e4\u00e4 sit\u00e4 turvallisena tietojen tallennus-, j\u00e4rjestely- ja jakamispaikkana, josta tiedot ovat saatavilla miltei mill\u00e4 tahansa laitteella<\/li><li><strong>Planner<\/strong>\u00a0t\u00f6iden hallintaan ja teht\u00e4vien suunnitteluun<\/li><li><strong>Forms<\/strong>\u00a0asiakas- ja ty\u00f6ntekij\u00e4palautteen ker\u00e4\u00e4miseen<\/li><li><strong>Bookings<\/strong>\u00a0online-ajanvarausj\u00e4rjestelm\u00e4 tapaamisaikojen varaamiseen ja hallintaan<\/li><li><strong>Suomenkielinen k\u00e4ytt\u00f6\u00f6notto ja asiakastuki<\/strong><\/li><li><strong>Korkeatasoinen tietosuoja.<\/strong>\u00a0Palvelu t\u00e4ytt\u00e4\u00e4 EU:n tiukat tietosuojastandardit.<\/li><\/ul>\t\t\t\t\t\t\t\t<\/div>\n\t\t\t\t<\/div>\n\t\t\t\t<\/div>\n\t\t<div class=\"elementor-element elementor-element-60b1b93 e-con-full e-flex e-con e-parent\" data-id=\"60b1b93\" data-element_type=\"container\" data-e-type=\"container\">\n\t\t\t\t<div class=\"elementor-element elementor-element-e33dcf5 elementor-widget elementor-widget-heading\" data-id=\"e33dcf5\" data-element_type=\"widget\" data-e-type=\"widget\" data-widget_type=\"heading.default\">\n\t\t\t\t<div class=\"elementor-widget-container\">\n\t\t\t\t\t<h3 class=\"elementor-heading-title elementor-size-medium\">Tuotekortti pdf-tiedostona:<\/h3>\t\t\t\t<\/div>\n\t\t\t\t<\/div>\n\t\t\t\t<div class=\"elementor-element elementor-element-d1012aa elementor-widget elementor-widget-button\" data-id=\"d1012aa\" data-element_type=\"widget\" data-e-type=\"widget\" data-widget_type=\"button.default\">\n\t\t\t\t<div class=\"elementor-widget-container\">\n\t\t\t\t\t\t\t\t\t<div class=\"elementor-button-wrapper\">\n\t\t\t\t\t<a class=\"elementor-button elementor-button-link elementor-size-sm\" href=\"https:\/\/lponet.fi\/yrityksille\/wp-content\/uploads\/2023\/02\/LPOnet_Microsoft_365_Business_Standard.pdf\" target=\"_blank\">\n\t\t\t\t\t\t<span class=\"elementor-button-content-wrapper\">\n\t\t\t\t\t\t\t\t\t<span class=\"elementor-button-text\">Microsoft 365 Business Standard<\/span>\n\t\t\t\t\t<\/span>\n\t\t\t\t\t<\/a>\n\t\t\t\t<\/div>\n\t\t\t\t\t\t\t\t<\/div>\n\t\t\t\t<\/div>\n\t\t\t\t<\/div>\n\t\t\t\t\t<\/div>\n\t\t\t\t<\/div>\n\t\t<div class=\"elementor-element elementor-element-5c66ac8 e-flex e-con-boxed e-con e-parent\" data-id=\"5c66ac8\" data-element_type=\"container\" data-e-type=\"container\" data-settings=\"{&quot;background_background&quot;:&quot;classic&quot;}\">\n\t\t\t\t\t<div class=\"e-con-inner\">\n\t\t\t\t<div class=\"elementor-element elementor-element-51946df elementor-widget elementor-widget-heading\" data-id=\"51946df\" data-element_type=\"widget\" data-e-type=\"widget\" data-widget_type=\"heading.default\">\n\t\t\t\t<div class=\"elementor-widget-container\">\n\t\t\t\t\t<h2 class=\"elementor-heading-title elementor-size-default\">Microsoft 365 Apps for Business<\/h2>\t\t\t\t<\/div>\n\t\t\t\t<\/div>\n\t\t\t\t\t<\/div>\n\t\t\t\t<\/div>\n\t\t<div class=\"elementor-element elementor-element-fa9d8bc e-flex e-con-boxed e-con e-parent\" data-id=\"fa9d8bc\" data-element_type=\"container\" data-e-type=\"container\" data-settings=\"{&quot;background_background&quot;:&quot;classic&quot;}\">\n\t\t\t\t\t<div class=\"e-con-inner\">\n\t\t<div class=\"elementor-element elementor-element-ffe1729 e-con-full e-flex e-con e-parent\" data-id=\"ffe1729\" data-element_type=\"container\" data-e-type=\"container\">\n\t\t\t\t<div class=\"elementor-element elementor-element-0c24e81 elementor-widget elementor-widget-text-editor\" data-id=\"0c24e81\" data-element_type=\"widget\" data-e-type=\"widget\" data-widget_type=\"text-editor.default\">\n\t\t\t\t<div class=\"elementor-widget-container\">\n\t\t\t\t\t\t\t\t\t<p>Aina ajan tasalla oleva Office-ohjelmistopaketti, sis\u00e4lt\u00e4en mobiilisovellukset tableteille ja puhelimille, sek\u00e4 runsaasti tallennustilaa. Yhdell\u00e4 kuukausimaksulla.<\/p><ul><li><strong>Office ohjelmistopaketin t\u00e4ysversiot kaikille laitteille<\/strong>\u00a0\u2013 tietokoneille, \u00e4lypuhelimille ja tableteille<br \/>\u2013 Microsoft Word, Excel, PowerPoint, Outlook, OneNote<br \/>\u2013 jokainen k\u00e4ytt\u00e4j\u00e4 voi asentaa omat sovellukset viidelle PC- tai Mac -tietokoneelle, viidelle \u00e4lypuhelimelle ja viidelle tabletille (iOS ja Android-4)<br \/>\u2013 aina viimeisimm\u00e4t tarjolla olevat Office-sovellusten versiot<br \/>\u2013 Office-tiedostojen k\u00e4sittely onnistuu my\u00f6s verkossa reaaliaikaisesti kenen kanssa ja miss\u00e4 tahansa<\/li><li><strong>OneDrive-tallennustilaa<\/strong>\u00a0\u2013 1 teratavu jokaiselle k\u00e4ytt\u00e4j\u00e4lle<br \/>\u2013 keskitetty tallennuspaikka ty\u00f6tiedostoille<br \/>\u2013 OneDriveen tallennetut tiedostot ovat k\u00e4ytett\u00e4viss\u00e4 l\u00e4hes miss\u00e4 tahansa, eri laitteilta<br \/>\u2013 tiedostoja voi jakaa organisaation sis\u00e4ll\u00e4 ja ulkopuolisten henkil\u00f6iden kanssa, ja niihin voi m\u00e4\u00e4ritt\u00e4\u00e4 tiedostokohtaiset luku- ja muokkausoikeudet<\/li><li><strong>Suomenkielinen k\u00e4ytt\u00f6\u00f6notto ja asiakastuki<\/strong><\/li><li><strong>Korkeatasoinen tietosuoja.<\/strong>\u00a0Palvelu t\u00e4ytt\u00e4\u00e4 EU:n tiukat tietosuojastandardit.<\/li><\/ul>\t\t\t\t\t\t\t\t<\/div>\n\t\t\t\t<\/div>\n\t\t\t\t<\/div>\n\t\t<div class=\"elementor-element elementor-element-4444376 e-con-full e-flex e-con e-parent\" data-id=\"4444376\" data-element_type=\"container\" data-e-type=\"container\">\n\t\t\t\t<div class=\"elementor-element elementor-element-ef326d4 elementor-widget elementor-widget-heading\" data-id=\"ef326d4\" data-element_type=\"widget\" data-e-type=\"widget\" data-widget_type=\"heading.default\">\n\t\t\t\t<div class=\"elementor-widget-container\">\n\t\t\t\t\t<h3 class=\"elementor-heading-title elementor-size-medium\">Tuotekortti pdf-tiedostona:<\/h3>\t\t\t\t<\/div>\n\t\t\t\t<\/div>\n\t\t\t\t<div class=\"elementor-element elementor-element-8869684 elementor-widget elementor-widget-button\" data-id=\"8869684\" data-element_type=\"widget\" data-e-type=\"widget\" data-widget_type=\"button.default\">\n\t\t\t\t<div class=\"elementor-widget-container\">\n\t\t\t\t\t\t\t\t\t<div class=\"elementor-button-wrapper\">\n\t\t\t\t\t<a class=\"elementor-button elementor-button-link elementor-size-sm\" href=\"https:\/\/lponet.fi\/yrityksille\/wp-content\/uploads\/2023\/02\/LPOnet_Microsoft_365_Apps_for_business.pdf\" target=\"_blank\">\n\t\t\t\t\t\t<span class=\"elementor-button-content-wrapper\">\n\t\t\t\t\t\t\t\t\t<span class=\"elementor-button-text\">Microsoft 365 Apps for Business<\/span>\n\t\t\t\t\t<\/span>\n\t\t\t\t\t<\/a>\n\t\t\t\t<\/div>\n\t\t\t\t\t\t\t\t<\/div>\n\t\t\t\t<\/div>\n\t\t\t\t<\/div>\n\t\t\t\t\t<\/div>\n\t\t\t\t<\/div>\n\t\t\t\t<\/div>\n\t\t","protected":false},"excerpt":{"rendered":"<p>ICT-palvelut yrityksille Pilvipalvelut &#038; ohjelmistot Microsoft 365 \u2013 ty\u00f6skentele sujuvasti paikasta riippumatta Microsoft 365 tarjoaa ty\u00f6v\u00e4lineet\u00a0tehokkaaseen ty\u00f6ntekoon ja turvalliseen et\u00e4ty\u00f6h\u00f6n. Keskustelut, puhelut, verkkokokoukset ja yhteisty\u00f6 sujuvat reaaliaikaisesti, olitpa et\u00e4t\u00f6iss\u00e4 tai paikan p\u00e4\u00e4ll\u00e4. Samassa ratkaisussa saat yrityksesi k\u00e4ytt\u00f6\u00f6n s\u00e4hk\u00f6postipalvelun, jaettavan kalenterin, puhelu- ja neuvottelutoiminnot, tiedostojen helpon tallennuksen ja jakamisen sek\u00e4 tutut Office-ohjelmistot. Microsoft 365 -sovellukset toimivat [&hellip;]<\/p>\n","protected":false},"author":1,"featured_media":0,"parent":0,"menu_order":0,"comment_status":"closed","ping_status":"closed","template":"","meta":{"iawp_total_views":11,"footnotes":""},"class_list":["post-573","page","type-page","status-publish","hentry"],"_links":{"self":[{"href":"https:\/\/lponet.fi\/yrityksille\/wp-json\/wp\/v2\/pages\/573","targetHints":{"allow":["GET"]}}],"collection":[{"href":"https:\/\/lponet.fi\/yrityksille\/wp-json\/wp\/v2\/pages"}],"about":[{"href":"https:\/\/lponet.fi\/yrityksille\/wp-json\/wp\/v2\/types\/page"}],"author":[{"embeddable":true,"href":"https:\/\/lponet.fi\/yrityksille\/wp-json\/wp\/v2\/users\/1"}],"replies":[{"embeddable":true,"href":"https:\/\/lponet.fi\/yrityksille\/wp-json\/wp\/v2\/comments?post=573"}],"version-history":[{"count":0,"href":"https:\/\/lponet.fi\/yrityksille\/wp-json\/wp\/v2\/pages\/573\/revisions"}],"wp:attachment":[{"href":"https:\/\/lponet.fi\/yrityksille\/wp-json\/wp\/v2\/media?parent=573"}],"curies":[{"name":"wp","href":"https:\/\/api.w.org\/{rel}","templated":true}]}}